{"id":12379,"date":"2024-11-14T17:00:42","date_gmt":"2024-11-14T16:00:42","guid":{"rendered":"https:\/\/tzcitluk.ba\/surmanci\/"},"modified":"2025-01-08T17:23:17","modified_gmt":"2025-01-08T16:23:17","slug":"surmanci","status":"publish","type":"page","link":"https:\/\/tzcitluk.ba\/de\/surmanci\/","title":{"rendered":"\u0160urmanci"},"content":{"rendered":"\t\t<div data-elementor-type=\"wp-page\" data-elementor-id=\"12379\" class=\"elementor elementor-12379 elementor-7996\">\n\t\t\t\t<div class=\"elementor-element elementor-element-a535e55 e-flex e-con-boxed e-con e-parent\" data-id=\"a535e55\" data-element_type=\"container\">\n\t\t\t\t\t<div class=\"e-con-inner\">\n\t\t\t\t<div class=\"elementor-element elementor-element-635ee3d elementor-widget elementor-widget-text-editor\" data-id=\"635ee3d\" data-element_type=\"widget\" data-widget_type=\"text-editor.default\">\n\t\t\t\t<div class=\"elementor-widget-container\">\n\t\t\t\t\t\t\t<h3 style=\"text-align: center;\"><strong>Filialkirche des Barmherzigen Jesus \u2013 \u0160urmanci Ikone des Barmherzigen Jesus<\/STRONG><\/h3>\nIn \u0160urmanci, einem der D\u00f6rfer der Pfarrei Me\u0111ugorje am Fluss Neretva, befindet sich die Filialkirche des Barmherzigen Jesus. Dort wird jedes Jahr am Fest des G\u00f6ttlichen Erbarmens, dem ersten Sonntag nach Ostern, das Jubil\u00e4um der Weihe der Kirche gefeiert, die am 7. April 2002 erbaut und geweiht wurde. Der Bau der Kirche wurde 1998 von dem damaligen Pfarrer von Me\u0111ugorje, P. Ivan Landeka, initiiert. Der Entwurf der Kirche stammt von dem italienischen Architekten Michele Bergamasco. Eine Gebetsgruppe aus Trient schenkte Me\u0111ugorje ein monumentales Bild (Ikone) des Barmherzigen Jesus von gro\u00dfer Bedeutung: Das Wunder der Heilung, das durch dieses Bild geschehen ist, war eines der Wunder im Prozess der Seligsprechung von Sr. Faustina Kowalska und gleichzeitig die Anerkennung der Verehrung des Barmherzigen Jesus sowie die Proklamation des Festes des G\u00f6ttlichen Erbarmens am ersten Sonntag nach Ostern. Dieses Bild befand sich mehrere Jahre in der Kapelle auf dem Friedhof in \u0160urmanci, bis es seinen endg\u00fcltigen Platz in dieser Kirche fand, die dem Barmherzigen Jesus geweiht ist. Seit dem Bau dieser Kirche des Barmherzigen Jesus in \u0160urmanci kommen zahlreiche Gl\u00e4ubige und Pilger in dieses Dorf. Sie gehen organisiert in Gruppen, um vor der Ikone des Barmherzigen Jesus das Rosenkranzgebet des G\u00f6ttlichen Erbarmens zu beten und sich dem Barmherzigen Jesus anzuvertrauen.\t\t\t\t\t\t<\/div>\n\t\t\t\t<\/div>\n\t\t\t\t<div class=\"elementor-element elementor-element-8e8d15a elementor-arrows-position-inside elementor-widget elementor-widget-image-carousel\" data-id=\"8e8d15a\" data-element_type=\"widget\" data-settings=\"{&quot;navigation&quot;:&quot;arrows&quot;,&quot;autoplay_speed&quot;:2000,&quot;image_spacing_custom&quot;:{&quot;unit&quot;:&quot;px&quot;,&quot;size&quot;:5,&quot;sizes&quot;:[]},&quot;autoplay&quot;:&quot;yes&quot;,&quot;pause_on_hover&quot;:&quot;yes&quot;,&quot;pause_on_interaction&quot;:&quot;yes&quot;,&quot;infinite&quot;:&quot;yes&quot;,&quot;speed&quot;:500,&quot;image_spacing_custom_tablet&quot;:{&quot;unit&quot;:&quot;px&quot;,&quot;size&quot;:&quot;&quot;,&quot;sizes&quot;:[]},&quot;image_spacing_custom_mobile&quot;:{&quot;unit&quot;:&quot;px&quot;,&quot;size&quot;:&quot;&quot;,&quot;sizes&quot;:[]}}\" data-widget_type=\"image-carousel.default\">\n\t\t\t\t<div class=\"elementor-widget-container\">\n\t\t\t\t\t<div class=\"elementor-image-carousel-wrapper swiper\" dir=\"ltr\">\n\t\t\t<div class=\"elementor-image-carousel swiper-wrapper\" aria-live=\"off\">\n\t\t\t\t\t\t\t\t<div class=\"swiper-slide\" role=\"group\" aria-roledescription=\"slide\" aria-label=\"1 von 3\"><a data-elementor-open-lightbox=\"yes\" data-elementor-lightbox-slideshow=\"8e8d15a\" data-elementor-lightbox-title=\"image00001\" data-e-action-hash=\"#elementor-action%3Aaction%3Dlightbox%26settings%3DeyJpZCI6MTE5NjcsInVybCI6Imh0dHBzOlwvXC90emNpdGx1ay5iYVwvd3AtY29udGVudFwvdXBsb2Fkc1wvMjAyNFwvMTJcL2ltYWdlMDAwMDEuanBnIiwic2xpZGVzaG93IjoiOGU4ZDE1YSJ9\" href=\"https:\/\/tzcitluk.ba\/wp-content\/uploads\/2024\/12\/image00001.jpg\"><figure class=\"swiper-slide-inner\"><img decoding=\"async\" class=\"swiper-slide-image\" src=\"https:\/\/tzcitluk.ba\/wp-content\/uploads\/elementor\/thumbs\/image00001-qyg9s0s8r0x9dxp1w0jffr3brda7egt7153g5uyfjw.jpg\" alt=\"\" \/><\/figure><\/a><\/div><div class=\"swiper-slide\" role=\"group\" aria-roledescription=\"slide\" aria-label=\"2 von 3\"><a data-elementor-open-lightbox=\"yes\" data-elementor-lightbox-slideshow=\"8e8d15a\" data-elementor-lightbox-title=\"image00002\" data-e-action-hash=\"#elementor-action%3Aaction%3Dlightbox%26settings%3DeyJpZCI6MTE5NzQsInVybCI6Imh0dHBzOlwvXC90emNpdGx1ay5iYVwvd3AtY29udGVudFwvdXBsb2Fkc1wvMjAyNFwvMTJcL2ltYWdlMDAwMDIuanBnIiwic2xpZGVzaG93IjoiOGU4ZDE1YSJ9\" href=\"https:\/\/tzcitluk.ba\/wp-content\/uploads\/2024\/12\/image00002.jpg\"><figure class=\"swiper-slide-inner\"><img decoding=\"async\" class=\"swiper-slide-image\" src=\"https:\/\/tzcitluk.ba\/wp-content\/uploads\/elementor\/thumbs\/image00002-qyg9s2nx4ozu15mbl1cokqm8y50xtv0npeef4evn7g.jpg\" alt=\"\" \/><\/figure><\/a><\/div><div class=\"swiper-slide\" role=\"group\" aria-roledescription=\"slide\" aria-label=\"3 von 3\"><a data-elementor-open-lightbox=\"yes\" data-elementor-lightbox-slideshow=\"8e8d15a\" data-elementor-lightbox-title=\"image00003\" data-e-action-hash=\"#elementor-action%3Aaction%3Dlightbox%26settings%3DeyJpZCI6MTE5ODEsInVybCI6Imh0dHBzOlwvXC90emNpdGx1ay5iYVwvd3AtY29udGVudFwvdXBsb2Fkc1wvMjAyNFwvMTJcL2ltYWdlMDAwMDMuanBnIiwic2xpZGVzaG93IjoiOGU4ZDE1YSJ9\" href=\"https:\/\/tzcitluk.ba\/wp-content\/uploads\/2024\/12\/image00003.jpg\"><figure class=\"swiper-slide-inner\"><img decoding=\"async\" class=\"swiper-slide-image\" src=\"https:\/\/tzcitluk.ba\/wp-content\/uploads\/elementor\/thumbs\/image00003-qyg9s3lrbj14crkyfjrb58dpjiwb1k4e1j1wlou918.jpg\" alt=\"\" \/><\/figure><\/a><\/div>\t\t\t<\/div>\n\t\t\t\t\t\t\t\t\t\t\t\t<div class=\"elementor-swiper-button elementor-swiper-button-prev\" role=\"button\" tabindex=\"0\">\n\t\t\t\t\t\t<svg aria-hidden=\"true\" class=\"e-font-icon-svg e-eicon-chevron-left\" viewBox=\"0 0 1000 1000\" xmlns=\"http:\/\/www.w3.org\/2000\/svg\"><path d=\"M646 125C629 125 613 133 604 142L308 442C296 454 292 471 292 487 292 504 296 521 308 533L604 854C617 867 629 875 646 875 663 875 679 871 692 858 704 846 713 829 713 812 713 796 708 779 692 767L438 487 692 225C700 217 708 204 708 187 708 171 704 154 692 142 675 129 663 125 646 125Z\"><\/path><\/svg>\t\t\t\t\t<\/div>\n\t\t\t\t\t<div class=\"elementor-swiper-button elementor-swiper-button-next\" role=\"button\" tabindex=\"0\">\n\t\t\t\t\t\t<svg aria-hidden=\"true\" class=\"e-font-icon-svg e-eicon-chevron-right\" viewBox=\"0 0 1000 1000\" xmlns=\"http:\/\/www.w3.org\/2000\/svg\"><path d=\"M696 533C708 521 713 504 713 487 713 471 708 454 696 446L400 146C388 133 375 125 354 125 338 125 325 129 313 142 300 154 292 171 292 187 292 204 296 221 308 233L563 492 304 771C292 783 288 800 288 817 288 833 296 850 308 863 321 871 338 875 354 875 371 875 388 867 400 854L696 533Z\"><\/path><\/svg>\t\t\t\t\t<\/div>\n\t\t\t\t\n\t\t\t\t\t\t\t\t\t<\/div>\n\t\t\t\t<\/div>\n\t\t\t\t<\/div>\n\t\t\t\t\t<\/div>\n\t\t\t\t<\/div>\n\t\t\t\t<\/div>\n\t\t","protected":false},"excerpt":{"rendered":"<p>Filialkirche des Barmherzigen Jesus \u2013 \u0160urmanci Ikone des Barmherzigen Jesus In \u0160urmanci, einem der D\u00f6rfer der Pfarrei Me\u0111ugorje am Fluss Neretva, befindet sich die Filialkirche des Barmherzigen Jesus. Dort wird jedes Jahr am Fest des G\u00f6ttlichen Erbarmens, dem ersten Sonntag nach Ostern, das Jubil\u00e4um der Weihe der Kirche gefeiert, die am 7. April 2002 erbaut&#8230;<\/p>\n","protected":false},"author":2,"featured_media":0,"parent":0,"menu_order":0,"comment_status":"closed","ping_status":"closed","template":"","meta":{"footnotes":""},"class_list":["post-12379","page","type-page","status-publish","hentry"],"aioseo_notices":[],"rttpg_featured_image_url":null,"rttpg_author":{"display_name":"kreso","author_link":"https:\/\/tzcitluk.ba\/de\/author\/kreso\/"},"rttpg_comment":0,"rttpg_category":" <a href=\"https:\/\/tzcitluk.ba\/de\/?taxonomy=translation_priority&#038;term=optional-de\" rel=\"tag\">Optional<\/a>","rttpg_excerpt":"Filialkirche des Barmherzigen Jesus \u2013 \u0160urmanci Ikone des Barmherzigen Jesus In \u0160urmanci, einem der D\u00f6rfer der Pfarrei Me\u0111ugorje am Fluss Neretva, befindet sich die Filialkirche des Barmherzigen Jesus. Dort wird jedes Jahr am Fest des G\u00f6ttlichen Erbarmens, dem ersten Sonntag nach Ostern, das Jubil\u00e4um der Weihe der Kirche gefeiert, die am 7. April 2002 erbaut...","_links":{"self":[{"href":"https:\/\/tzcitluk.ba\/de\/wp-json\/wp\/v2\/pages\/12379"}],"collection":[{"href":"https:\/\/tzcitluk.ba\/de\/wp-json\/wp\/v2\/pages"}],"about":[{"href":"https:\/\/tzcitluk.ba\/de\/wp-json\/wp\/v2\/types\/page"}],"author":[{"embeddable":true,"href":"https:\/\/tzcitluk.ba\/de\/wp-json\/wp\/v2\/users\/2"}],"replies":[{"embeddable":true,"href":"https:\/\/tzcitluk.ba\/de\/wp-json\/wp\/v2\/comments?post=12379"}],"version-history":[{"count":4,"href":"https:\/\/tzcitluk.ba\/de\/wp-json\/wp\/v2\/pages\/12379\/revisions"}],"predecessor-version":[{"id":14367,"href":"https:\/\/tzcitluk.ba\/de\/wp-json\/wp\/v2\/pages\/12379\/revisions\/14367"}],"wp:attachment":[{"href":"https:\/\/tzcitluk.ba\/de\/wp-json\/wp\/v2\/media?parent=12379"}],"curies":[{"name":"wp","href":"https:\/\/api.w.org\/{rel}","templated":true}]}}