{"id":11825,"date":"2024-11-11T16:40:14","date_gmt":"2024-11-11T15:40:14","guid":{"rendered":"https:\/\/tzcitluk.ba\/zupa-gradnici\/"},"modified":"2025-01-22T10:30:34","modified_gmt":"2025-01-22T09:30:34","slug":"gradnici-parish","status":"publish","type":"page","link":"https:\/\/tzcitluk.ba\/en\/gradnici-parish\/","title":{"rendered":"Gradni\u0107i Parish"},"content":{"rendered":"\t\t<div data-elementor-type=\"wp-page\" data-elementor-id=\"11825\" class=\"elementor elementor-11825 elementor-7718\">\n\t\t\t\t<div class=\"elementor-element elementor-element-3219b80 e-flex e-con-boxed e-con e-parent\" data-id=\"3219b80\" data-element_type=\"container\" data-e-type=\"container\">\n\t\t\t\t\t<div class=\"e-con-inner\">\n\t\t\t\t<div class=\"elementor-element elementor-element-59137d1 elementor-widget elementor-widget-heading\" data-id=\"59137d1\" data-element_type=\"widget\" data-e-type=\"widget\" data-widget_type=\"heading.default\">\n\t\t\t\t<div class=\"elementor-widget-container\">\n\t\t\t\t\t<h3 class=\"elementor-heading-title elementor-size-default\">Gradni\u0107i Parish<\/h3>\t\t\t\t<\/div>\n\t\t\t\t<\/div>\n\t\t\t\t<div class=\"elementor-element elementor-element-84bf803 elementor-widget elementor-widget-spacer\" data-id=\"84bf803\" data-element_type=\"widget\" data-e-type=\"widget\" data-widget_type=\"spacer.default\">\n\t\t\t\t<div class=\"elementor-widget-container\">\n\t\t\t\t\t\t\t<div class=\"elementor-spacer\">\n\t\t\t<div class=\"elementor-spacer-inner\"><\/div>\n\t\t<\/div>\n\t\t\t\t\t\t<\/div>\n\t\t\t\t<\/div>\n\t\t\t\t<div class=\"elementor-element elementor-element-5a5c3ae elementor-widget elementor-widget-text-editor\" data-id=\"5a5c3ae\" data-element_type=\"widget\" data-e-type=\"widget\" data-widget_type=\"text-editor.default\">\n\t\t\t\t<div class=\"elementor-widget-container\">\n\t\t\t\t\t\t\t\t\t<p><strong><em>Gradni\u0107i Parish<\/em><\/strong>\u00a0\u2013 Today a small parish in Brotnjo, once vast in both size and population. Gradni\u0107i is the mother parish of all other parishes in Brotnjo. The Gradni\u0107i Parish is the oldest parish in Brotnjo and one of the oldest in Herzegovina. It is home to the oldest clergy house in Herzegovina, as well as the oldest wine cellar in Bosnia and Herzegovina.<\/p><p>Didak Days is a cultural, scientific, and spiritual event dedicated to promoting the life and work of Fra Didak Bunti\u0107. This event began in 2004 in Didak&#8217;s birthplace parish and has greatly contributed to presenting the legacy of Fra Didak Bunti\u0107 to current generations, thus ensuring that the memory of the Father of Herzegovina is preserved. Didak Days have also contributed to the restoration of the religious, cultural, and historical heritage in the Gradni\u0107i Parish. This parish boasts an old parish church, the oldest wine cellar, and an old school. As part of this event, the memorial house of Fra Didak Bunti\u0107, located in Pao\u010da, the village where he was born, was also restored and opened. A monument to Fra Didak graces the square in front of the parish church. The monument, located in front of the parish church in Gradni\u0107i, is the work of academic sculptor Petar Doli\u0107 and was unveiled during the third Didak Days. The initiator of Didak Days is Fra Marinko \u0160akota. The idea of launching the event was warmly embraced by the parishioners of Gradni\u0107i, who, through their dedication and hard work, make a significant contribution to Didak Days.<\/p>\t\t\t\t\t\t\t\t<\/div>\n\t\t\t\t<\/div>\n\t\t\t\t<div class=\"elementor-element elementor-element-db7edc0 elementor-arrows-position-inside elementor-widget elementor-widget-image-carousel\" data-id=\"db7edc0\" data-element_type=\"widget\" data-e-type=\"widget\" data-settings=\"{&quot;navigation&quot;:&quot;arrows&quot;,&quot;autoplay_speed&quot;:2000,&quot;image_spacing_custom&quot;:{&quot;unit&quot;:&quot;px&quot;,&quot;size&quot;:5,&quot;sizes&quot;:[]},&quot;autoplay&quot;:&quot;yes&quot;,&quot;pause_on_hover&quot;:&quot;yes&quot;,&quot;pause_on_interaction&quot;:&quot;yes&quot;,&quot;infinite&quot;:&quot;yes&quot;,&quot;speed&quot;:500,&quot;image_spacing_custom_tablet&quot;:{&quot;unit&quot;:&quot;px&quot;,&quot;size&quot;:&quot;&quot;,&quot;sizes&quot;:[]},&quot;image_spacing_custom_mobile&quot;:{&quot;unit&quot;:&quot;px&quot;,&quot;size&quot;:&quot;&quot;,&quot;sizes&quot;:[]}}\" data-widget_type=\"image-carousel.default\">\n\t\t\t\t<div class=\"elementor-widget-container\">\n\t\t\t\t\t\t\t<div class=\"elementor-image-carousel-wrapper swiper\" role=\"region\" aria-roledescription=\"carousel\" aria-label=\"Image Carousel\" dir=\"ltr\">\n\t\t\t<div class=\"elementor-image-carousel swiper-wrapper\" aria-live=\"off\">\n\t\t\t\t\t\t\t\t<div class=\"swiper-slide\" role=\"group\" aria-roledescription=\"slide\" aria-label=\"1 of 7\"><a data-elementor-open-lightbox=\"yes\" data-elementor-lightbox-slideshow=\"db7edc0\" data-elementor-lightbox-title=\"image00018\" data-e-action-hash=\"#elementor-action%3Aaction%3Dlightbox%26settings%3DeyJpZCI6MTE1NDQsInVybCI6Imh0dHBzOlwvXC90emNpdGx1ay5iYVwvd3AtY29udGVudFwvdXBsb2Fkc1wvMjAyNFwvMTFcL2ltYWdlMDAwMTgtMS5qcGciLCJzbGlkZXNob3ciOiJkYjdlZGMwIn0%3D\" href=\"https:\/\/tzcitluk.ba\/wp-content\/uploads\/2024\/11\/image00018-1.jpg\"><figure class=\"swiper-slide-inner\"><img decoding=\"async\" class=\"swiper-slide-image\" src=\"https:\/\/tzcitluk.ba\/wp-content\/uploads\/elementor\/thumbs\/image00018-1-qxq691z8q1tyhpfx9cnjmcz4a4dqtkz6gzylcalu0s.jpg\" alt=\"image00018\" \/><\/figure><\/a><\/div><div class=\"swiper-slide\" role=\"group\" aria-roledescription=\"slide\" aria-label=\"2 of 7\"><a data-elementor-open-lightbox=\"yes\" data-elementor-lightbox-slideshow=\"db7edc0\" data-elementor-lightbox-title=\"image00019\" data-e-action-hash=\"#elementor-action%3Aaction%3Dlightbox%26settings%3DeyJpZCI6MTE1MjYsInVybCI6Imh0dHBzOlwvXC90emNpdGx1ay5iYVwvd3AtY29udGVudFwvdXBsb2Fkc1wvMjAyNFwvMTFcL2ltYWdlMDAwMTktMS5qcGciLCJzbGlkZXNob3ciOiJkYjdlZGMwIn0%3D\" href=\"https:\/\/tzcitluk.ba\/wp-content\/uploads\/2024\/11\/image00019-1.jpg\"><figure class=\"swiper-slide-inner\"><img decoding=\"async\" class=\"swiper-slide-image\" src=\"https:\/\/tzcitluk.ba\/wp-content\/uploads\/elementor\/thumbs\/image00019-1-qxq68k4b475id45v5mxmszhczstrrc0a2jkd81cbb0.jpg\" alt=\"image00019\" \/><\/figure><\/a><\/div><div class=\"swiper-slide\" role=\"group\" aria-roledescription=\"slide\" aria-label=\"3 of 7\"><a data-elementor-open-lightbox=\"yes\" data-elementor-lightbox-slideshow=\"db7edc0\" data-elementor-lightbox-title=\"image00017\" data-e-action-hash=\"#elementor-action%3Aaction%3Dlightbox%26settings%3DeyJpZCI6MTE0ODQsInVybCI6Imh0dHBzOlwvXC90emNpdGx1ay5iYVwvd3AtY29udGVudFwvdXBsb2Fkc1wvMjAyNFwvMTFcL2ltYWdlMDAwMTcuanBnIiwic2xpZGVzaG93IjoiZGI3ZWRjMCJ9\" href=\"https:\/\/tzcitluk.ba\/wp-content\/uploads\/2024\/11\/image00017.jpg\"><figure class=\"swiper-slide-inner\"><img decoding=\"async\" class=\"swiper-slide-image\" src=\"https:\/\/tzcitluk.ba\/wp-content\/uploads\/elementor\/thumbs\/image00017-qxq5foit5fmdoe3xs5k979tjzn5ta3d5fm1cg05qgs.jpg\" alt=\"image00017\" \/><\/figure><\/a><\/div><div class=\"swiper-slide\" role=\"group\" aria-roledescription=\"slide\" aria-label=\"4 of 7\"><a data-elementor-open-lightbox=\"yes\" data-elementor-lightbox-slideshow=\"db7edc0\" data-elementor-lightbox-title=\"crkva-u-gradnicima-2\" data-e-action-hash=\"#elementor-action%3Aaction%3Dlightbox%26settings%3DeyJpZCI6MTExODQsInVybCI6Imh0dHBzOlwvXC90emNpdGx1ay5iYVwvd3AtY29udGVudFwvdXBsb2Fkc1wvMjAyNFwvMTFcL2Nya3ZhLXUtZ3JhZG5pY2ltYS0yLmpwZyIsInNsaWRlc2hvdyI6ImRiN2VkYzAifQ%3D%3D\" href=\"https:\/\/tzcitluk.ba\/wp-content\/uploads\/2024\/11\/crkva-u-gradnicima-2.jpg\"><figure class=\"swiper-slide-inner\"><img decoding=\"async\" class=\"swiper-slide-image\" src=\"https:\/\/tzcitluk.ba\/wp-content\/uploads\/elementor\/thumbs\/crkva-u-gradnicima-2-qxmrdq71c0mp68kldudqh2kvyoeda9o9zk7kkv48xo.jpg\" alt=\"crkva-u-gradnicima-2\" \/><\/figure><\/a><\/div><div class=\"swiper-slide\" role=\"group\" aria-roledescription=\"slide\" aria-label=\"5 of 7\"><a data-elementor-open-lightbox=\"yes\" data-elementor-lightbox-slideshow=\"db7edc0\" data-elementor-lightbox-title=\"image00013\" data-e-action-hash=\"#elementor-action%3Aaction%3Dlightbox%26settings%3DeyJpZCI6MTIwMDksInVybCI6Imh0dHBzOlwvXC90emNpdGx1ay5iYVwvd3AtY29udGVudFwvdXBsb2Fkc1wvMjAyNFwvMTJcL2ltYWdlMDAwMTMuanBnIiwic2xpZGVzaG93IjoiZGI3ZWRjMCJ9\" href=\"https:\/\/tzcitluk.ba\/wp-content\/uploads\/2024\/12\/image00013.jpg\"><figure class=\"swiper-slide-inner\"><img decoding=\"async\" class=\"swiper-slide-image\" src=\"https:\/\/tzcitluk.ba\/wp-content\/uploads\/elementor\/thumbs\/image00013-qyg9w4cwk0ja0pqoyabut7up0v2tyy31xfioiavmf0.jpg\" alt=\"image00013\" \/><\/figure><\/a><\/div><div class=\"swiper-slide\" role=\"group\" aria-roledescription=\"slide\" aria-label=\"6 of 7\"><a data-elementor-open-lightbox=\"yes\" data-elementor-lightbox-slideshow=\"db7edc0\" data-elementor-lightbox-title=\"image00011\" data-e-action-hash=\"#elementor-action%3Aaction%3Dlightbox%26settings%3DeyJpZCI6MTIwMDIsInVybCI6Imh0dHBzOlwvXC90emNpdGx1ay5iYVwvd3AtY29udGVudFwvdXBsb2Fkc1wvMjAyNFwvMTJcL2ltYWdlMDAwMTEuanBnIiwic2xpZGVzaG93IjoiZGI3ZWRjMCJ9\" href=\"https:\/\/tzcitluk.ba\/wp-content\/uploads\/2024\/12\/image00011.jpg\"><figure class=\"swiper-slide-inner\"><img decoding=\"async\" class=\"swiper-slide-image\" src=\"https:\/\/tzcitluk.ba\/wp-content\/uploads\/elementor\/thumbs\/image00011-qyg9w2h86cgpdhtf99ilo8bru3c3jjvl967pjqyerg.jpg\" alt=\"image00011\" \/><\/figure><\/a><\/div><div class=\"swiper-slide\" role=\"group\" aria-roledescription=\"slide\" aria-label=\"7 of 7\"><a data-elementor-open-lightbox=\"yes\" data-elementor-lightbox-slideshow=\"db7edc0\" data-elementor-lightbox-title=\"image00010\" data-e-action-hash=\"#elementor-action%3Aaction%3Dlightbox%26settings%3DeyJpZCI6MTE5OTUsInVybCI6Imh0dHBzOlwvXC90emNpdGx1ay5iYVwvd3AtY29udGVudFwvdXBsb2Fkc1wvMjAyNFwvMTJcL2ltYWdlMDAwMTAuanBnIiwic2xpZGVzaG93IjoiZGI3ZWRjMCJ9\" href=\"https:\/\/tzcitluk.ba\/wp-content\/uploads\/2024\/12\/image00010.jpg\"><figure class=\"swiper-slide-inner\"><img decoding=\"async\" class=\"swiper-slide-image\" src=\"https:\/\/tzcitluk.ba\/wp-content\/uploads\/elementor\/thumbs\/image00010-qyg9w0ljsoe4q9w5k8pcj8sunbld45o4kwwql7173w.jpg\" alt=\"image00010\" \/><\/figure><\/a><\/div>\t\t\t<\/div>\n\t\t\t\t\t\t\t\t\t\t\t\t<div class=\"elementor-swiper-button elementor-swiper-button-prev\" role=\"button\" tabindex=\"0\">\n\t\t\t\t\t\t<svg aria-hidden=\"true\" class=\"e-font-icon-svg e-eicon-chevron-left\" viewBox=\"0 0 1000 1000\" xmlns=\"http:\/\/www.w3.org\/2000\/svg\"><path d=\"M646 125C629 125 613 133 604 142L308 442C296 454 292 471 292 487 292 504 296 521 308 533L604 854C617 867 629 875 646 875 663 875 679 871 692 858 704 846 713 829 713 812 713 796 708 779 692 767L438 487 692 225C700 217 708 204 708 187 708 171 704 154 692 142 675 129 663 125 646 125Z\"><\/path><\/svg>\t\t\t\t\t<\/div>\n\t\t\t\t\t<div class=\"elementor-swiper-button elementor-swiper-button-next\" role=\"button\" tabindex=\"0\">\n\t\t\t\t\t\t<svg aria-hidden=\"true\" class=\"e-font-icon-svg e-eicon-chevron-right\" viewBox=\"0 0 1000 1000\" xmlns=\"http:\/\/www.w3.org\/2000\/svg\"><path d=\"M696 533C708 521 713 504 713 487 713 471 708 454 696 446L400 146C388 133 375 125 354 125 338 125 325 129 313 142 300 154 292 171 292 187 292 204 296 221 308 233L563 492 304 771C292 783 288 800 288 817 288 833 296 850 308 863 321 871 338 875 354 875 371 875 388 867 400 854L696 533Z\"><\/path><\/svg>\t\t\t\t\t<\/div>\n\t\t\t\t\n\t\t\t\t\t\t\t\t\t<\/div>\n\t\t\t\t\t\t<\/div>\n\t\t\t\t<\/div>\n\t\t\t\t\t<\/div>\n\t\t\t\t<\/div>\n\t\t\t\t<\/div>\n\t\t","protected":false},"excerpt":{"rendered":"<p>Gradni\u0107i Parish Gradni\u0107i Parish\u00a0\u2013 Today a small parish in Brotnjo, once vast in both size and population. Gradni\u0107i is the mother parish of all other parishes in Brotnjo. The Gradni\u0107i Parish is the oldest parish in Brotnjo and one of the oldest in Herzegovina. It is home to the oldest clergy house in Herzegovina, as&#8230;<\/p>\n","protected":false},"author":2,"featured_media":0,"parent":0,"menu_order":0,"comment_status":"closed","ping_status":"closed","template":"","meta":{"footnotes":""},"class_list":["post-11825","page","type-page","status-publish","hentry"],"aioseo_notices":[],"rttpg_featured_image_url":null,"rttpg_author":{"display_name":"kreso","author_link":"https:\/\/tzcitluk.ba\/en\/author\/kreso\/"},"rttpg_comment":0,"rttpg_category":" <a href=\"https:\/\/tzcitluk.ba\/?taxonomy=translation_priority&#038;term=optional\" rel=\"tag\">Optional<\/a><a href=\"https:\/\/tzcitluk.ba\/en\/?taxonomy=translation_priority&#038;term=optional-en\" rel=\"tag\">Optional<\/a>","rttpg_excerpt":"Gradni\u0107i Parish Gradni\u0107i Parish\u00a0\u2013 Today a small parish in Brotnjo, once vast in both size and population. Gradni\u0107i is the mother parish of all other parishes in Brotnjo. The Gradni\u0107i Parish is the oldest parish in Brotnjo and one of the oldest in Herzegovina. It is home to the oldest clergy house in Herzegovina, as...","_links":{"self":[{"href":"https:\/\/tzcitluk.ba\/en\/wp-json\/wp\/v2\/pages\/11825","targetHints":{"allow":["GET"]}}],"collection":[{"href":"https:\/\/tzcitluk.ba\/en\/wp-json\/wp\/v2\/pages"}],"about":[{"href":"https:\/\/tzcitluk.ba\/en\/wp-json\/wp\/v2\/types\/page"}],"author":[{"embeddable":true,"href":"https:\/\/tzcitluk.ba\/en\/wp-json\/wp\/v2\/users\/2"}],"replies":[{"embeddable":true,"href":"https:\/\/tzcitluk.ba\/en\/wp-json\/wp\/v2\/comments?post=11825"}],"version-history":[{"count":11,"href":"https:\/\/tzcitluk.ba\/en\/wp-json\/wp\/v2\/pages\/11825\/revisions"}],"predecessor-version":[{"id":14603,"href":"https:\/\/tzcitluk.ba\/en\/wp-json\/wp\/v2\/pages\/11825\/revisions\/14603"}],"wp:attachment":[{"href":"https:\/\/tzcitluk.ba\/en\/wp-json\/wp\/v2\/media?parent=11825"}],"curies":[{"name":"wp","href":"https:\/\/api.w.org\/{rel}","templated":true}]}}