{"id":13574,"date":"2024-11-11T15:32:58","date_gmt":"2024-11-11T14:32:58","guid":{"rendered":"https:\/\/tzcitluk.ba\/dogadaji\/"},"modified":"2025-01-08T16:11:27","modified_gmt":"2025-01-08T15:11:27","slug":"eventos","status":"publish","type":"page","link":"https:\/\/tzcitluk.ba\/es\/eventos\/","title":{"rendered":"Eventos"},"content":{"rendered":"\t\t<div data-elementor-type=\"wp-page\" data-elementor-id=\"13574\" class=\"elementor elementor-13574 elementor-7692\">\n\t\t\t\t<div class=\"elementor-element elementor-element-9676e47 e-flex e-con-boxed e-con e-parent\" data-id=\"9676e47\" data-element_type=\"container\" data-e-type=\"container\">\n\t\t\t\t\t<div class=\"e-con-inner\">\n\t\t\t\t<div class=\"elementor-element elementor-element-16faabe elementor-widget elementor-widget-heading\" data-id=\"16faabe\" data-element_type=\"widget\" data-e-type=\"widget\" data-widget_type=\"heading.default\">\n\t\t\t\t<div class=\"elementor-widget-container\">\n\t\t\t\t\t<h2 class=\"elementor-heading-title elementor-size-default\">Manifestaciones<\/h2>\t\t\t\t<\/div>\n\t\t\t\t<\/div>\n\t\t\t\t<div class=\"elementor-element elementor-element-7040db4 elementor-widget elementor-widget-text-editor\" data-id=\"7040db4\" data-element_type=\"widget\" data-e-type=\"widget\" data-widget_type=\"text-editor.default\">\n\t\t\t\t<div class=\"elementor-widget-container\">\n\t\t\t\t\t\t\t\t\t<p style=\"text-align: center;\">Entre los numerosos bienes inmateriales, se destacan diversas tradiciones, danzas populares, canciones y competiciones.<br \/>A partir de ellas, han surgido algunas de las manifestaciones culturales y tur\u00edsticas m\u00e1s populares, que cada a\u00f1o atraen a un n\u00famero creciente de visitantes.<\/p>\t\t\t\t\t\t\t\t<\/div>\n\t\t\t\t<\/div>\n\t\t\t\t<div class=\"elementor-element elementor-element-41faa64 elementor-widget elementor-widget-travoloblogpost\" data-id=\"41faa64\" data-element_type=\"widget\" data-e-type=\"widget\" data-widget_type=\"travoloblogpost.default\">\n\t\t\t\t<div class=\"elementor-widget-container\">\n\t\t\t\t\t<!-- blog Area --><section class=\"vs-blog-wrapper\"><div class=\"row\"><div class=\"blog-style4\"><div class=\"blog-image\"><img fetchpriority=\"high\" decoding=\"async\" width=\"705\" height=\"458\" src=\"https:\/\/tzcitluk.ba\/wp-content\/uploads\/2024\/11\/blatnicke-note-dobrote-2024-2-705x458.jpg\" class=\"attachment-blog-post-one size-blog-post-one wp-post-image\" alt=\"\" \/><\/div><div class='blog-content background-image' style='background-image:url(https:\/\/tzcitluk.ba\/wp-content\/uploads\/2023\/11\/blog-bg.png)'><a class=\"blog-date\" href=\"https:\/\/tzcitluk.ba\/es\/2024\/12\/16\/\"><i class=\"far d fa-calendar-alt\"><\/i><time datetime=\"2024-12-16T16:36:24+01:00\">diciembre 16, 2024<\/time><\/a><h3 class=\"blog-title\"><a href=\"https:\/\/tzcitluk.ba\/es\/notas-de-bondad-de-blatnica\/\">NOTAS DE BONDAD DE BLATNICA<\/a><\/h3><p class=\"blog-text\">\"BLATNI\u010cKE NOTE DOBROTE\" es un evento musical (festival al aire libre) que se celebra cada<\/p><a href=\"https:\/\/tzcitluk.ba\/es\/notas-de-bondad-de-blatnica\/\" class=\"link-btn\">Pro\u010ditajte vi\u0161e<\/a><\/div><\/div><div class=\"blog-style4\"><div class=\"blog-image\"><img decoding=\"async\" width=\"705\" height=\"540\" src=\"https:\/\/tzcitluk.ba\/wp-content\/uploads\/2024\/11\/DSC_4462-705x540.jpg\" class=\"attachment-blog-post-one size-blog-post-one wp-post-image\" alt=\"\" \/><\/div><div class='blog-content background-image' style='background-image:url(https:\/\/tzcitluk.ba\/wp-content\/uploads\/2023\/11\/blog-bg.png)'><a class=\"blog-date\" href=\"https:\/\/tzcitluk.ba\/es\/2024\/12\/16\/\"><i class=\"far d fa-calendar-alt\"><\/i><time datetime=\"2024-12-16T17:01:50+01:00\">diciembre 16, 2024<\/time><\/a><h3 class=\"blog-title\"><a href=\"https:\/\/tzcitluk.ba\/es\/mladifest\/\">MLADIFEST<\/a><\/h3><p class=\"blog-text\">La idea de un encuentro de oraci\u00f3n para j\u00f3venes naci\u00f3 en el coraz\u00f3n de un<\/p><a href=\"https:\/\/tzcitluk.ba\/es\/mladifest\/\" class=\"link-btn\">Pro\u010ditajte vi\u0161e<\/a><\/div><\/div><div class=\"blog-style4\"><div class=\"blog-image\"><img decoding=\"async\" width=\"705\" height=\"540\" src=\"https:\/\/tzcitluk.ba\/wp-content\/uploads\/2024\/11\/image00024-705x540.jpg\" class=\"attachment-blog-post-one size-blog-post-one wp-post-image\" alt=\"\" \/><\/div><div class='blog-content background-image' style='background-image:url(https:\/\/tzcitluk.ba\/wp-content\/uploads\/2023\/11\/blog-bg.png)'><a class=\"blog-date\" href=\"https:\/\/tzcitluk.ba\/es\/2024\/12\/16\/\"><i class=\"far d fa-calendar-alt\"><\/i><time datetime=\"2024-12-16T16:37:12+01:00\">diciembre 16, 2024<\/time><\/a><h3 class=\"blog-title\"><a href=\"https:\/\/tzcitluk.ba\/es\/feria-cupter\/\">FERIA \u0106UPTER<\/a><\/h3><p class=\"blog-text\">El Feria \u0106upter es un evento de car\u00e1cter competitivo, expositivo y comercial, que ofrece a<\/p><a href=\"https:\/\/tzcitluk.ba\/es\/feria-cupter\/\" class=\"link-btn\">Pro\u010ditajte vi\u0161e<\/a><\/div><\/div><div class=\"blog-style4\"><div class=\"blog-image\"><img loading=\"lazy\" decoding=\"async\" width=\"705\" height=\"400\" src=\"https:\/\/tzcitluk.ba\/wp-content\/uploads\/2024\/11\/Logo-Podrumi-Andrija-sira-400slika-705x400.jpg\" class=\"attachment-blog-post-one size-blog-post-one wp-post-image\" alt=\"\" \/><\/div><div class='blog-content background-image' style='background-image:url(https:\/\/tzcitluk.ba\/wp-content\/uploads\/2023\/11\/blog-bg.png)'><a class=\"blog-date\" href=\"https:\/\/tzcitluk.ba\/es\/2024\/11\/11\/\"><i class=\"far d fa-calendar-alt\"><\/i><time datetime=\"2024-11-11T15:26:13+01:00\">noviembre 11, 2024<\/time><\/a><h3 class=\"blog-title\"><a href=\"https:\/\/tzcitluk.ba\/es\/andrinje\/\">ANDRINJE<\/a><\/h3><p class=\"blog-text\">La producci\u00f3n de uvas y vino ha sido siempre una tradici\u00f3n familiar en la familia<\/p><a href=\"https:\/\/tzcitluk.ba\/es\/andrinje\/\" class=\"link-btn\">Pro\u010ditajte vi\u0161e<\/a><\/div><\/div><div class=\"blog-style4\"><div class=\"blog-image\"><img loading=\"lazy\" decoding=\"async\" width=\"683\" height=\"540\" src=\"https:\/\/tzcitluk.ba\/wp-content\/uploads\/2024\/11\/wine-carafe-4595954_1280-683x540.jpg\" class=\"attachment-blog-post-one size-blog-post-one wp-post-image\" alt=\"\" \/><\/div><div class='blog-content background-image' style='background-image:url(https:\/\/tzcitluk.ba\/wp-content\/uploads\/2023\/11\/blog-bg.png)'><a class=\"blog-date\" href=\"https:\/\/tzcitluk.ba\/es\/2024\/11\/11\/\"><i class=\"far d fa-calendar-alt\"><\/i><time datetime=\"2024-11-11T15:22:18+01:00\">noviembre 11, 2024<\/time><\/a><h3 class=\"blog-title\"><a href=\"https:\/\/tzcitluk.ba\/es\/cuisine-of-young-wine\/\">CUISINE OF YOUNG WINE<\/a><\/h3><p class=\"blog-text\">La Cata del Vino Joven marca el final de la manifestaci\u00f3n cultural Dani Matice hrvatske<\/p><a href=\"https:\/\/tzcitluk.ba\/es\/cuisine-of-young-wine\/\" class=\"link-btn\">Pro\u010ditajte vi\u0161e<\/a><\/div><\/div><div class=\"blog-style4\"><div class=\"blog-image\"><img loading=\"lazy\" decoding=\"async\" width=\"705\" height=\"540\" src=\"https:\/\/tzcitluk.ba\/wp-content\/uploads\/2024\/12\/matica-hrvatska-logo-2-705x540.jpg\" class=\"attachment-blog-post-one size-blog-post-one wp-post-image\" alt=\"\" \/><\/div><div class='blog-content background-image' style='background-image:url(https:\/\/tzcitluk.ba\/wp-content\/uploads\/2023\/11\/blog-bg.png)'><a class=\"blog-date\" href=\"https:\/\/tzcitluk.ba\/es\/2024\/11\/11\/\"><i class=\"far d fa-calendar-alt\"><\/i><time datetime=\"2024-11-11T15:21:02+01:00\">noviembre 11, 2024<\/time><\/a><h3 class=\"blog-title\"><a href=\"https:\/\/tzcitluk.ba\/es\/dias-de-la-madre-de-croacia-en-brotnjo\/\">D\u00cdAS DE LA MADRE DE CROACIA EN BROTNJO<\/a><\/h3><p class=\"blog-text\">Dani Matice hrvatske u Brotnju (del 14 de septiembre, festividad de la Exaltaci\u00f3n de la<\/p><a href=\"https:\/\/tzcitluk.ba\/es\/dias-de-la-madre-de-croacia-en-brotnjo\/\" class=\"link-btn\">Pro\u010ditajte vi\u0161e<\/a><\/div><\/div><div class=\"blog-style4\"><div class=\"blog-image\"><img loading=\"lazy\" decoding=\"async\" width=\"705\" height=\"540\" src=\"https:\/\/tzcitluk.ba\/wp-content\/uploads\/2024\/11\/EvergreenFest2024-plakat-1-705x540.jpg\" class=\"attachment-blog-post-one size-blog-post-one wp-post-image\" alt=\"\" \/><\/div><div class='blog-content background-image' style='background-image:url(https:\/\/tzcitluk.ba\/wp-content\/uploads\/2023\/11\/blog-bg.png)'><a class=\"blog-date\" href=\"https:\/\/tzcitluk.ba\/es\/2024\/12\/16\/\"><i class=\"far d fa-calendar-alt\"><\/i><time datetime=\"2024-12-16T15:18:27+01:00\">diciembre 16, 2024<\/time><\/a><h3 class=\"blog-title\"><a href=\"https:\/\/tzcitluk.ba\/es\/evergreen-fest\/\">EVERGREEN FEST<\/a><\/h3><p class=\"blog-text\">Evergreen Fest, un festival ya tradicional, se organiz\u00f3 por primera vez de manera espont\u00e1nea en<\/p><a href=\"https:\/\/tzcitluk.ba\/es\/evergreen-fest\/\" class=\"link-btn\">Pro\u010ditajte vi\u0161e<\/a><\/div><\/div><div class=\"blog-style4\"><div class=\"blog-image\"><img loading=\"lazy\" decoding=\"async\" width=\"623\" height=\"530\" src=\"https:\/\/tzcitluk.ba\/wp-content\/uploads\/2024\/12\/Vionica.jpg\" class=\"attachment-blog-post-one size-blog-post-one wp-post-image\" alt=\"\" srcset=\"https:\/\/tzcitluk.ba\/wp-content\/uploads\/2024\/12\/Vionica.jpg 623w, https:\/\/tzcitluk.ba\/wp-content\/uploads\/2024\/12\/Vionica-300x255.jpg 300w\" sizes=\"(max-width: 623px) 100vw, 623px\" \/><\/div><div class='blog-content background-image' style='background-image:url(https:\/\/tzcitluk.ba\/wp-content\/uploads\/2023\/11\/blog-bg.png)'><a class=\"blog-date\" href=\"https:\/\/tzcitluk.ba\/es\/2024\/10\/11\/\"><i class=\"far d fa-calendar-alt\"><\/i><time datetime=\"2024-10-11T15:17:28+02:00\">octubre 11, 2024<\/time><\/a><h3 class=\"blog-title\"><a href=\"https:\/\/tzcitluk.ba\/es\/noches-internacionales-de-folklore-vionica\/\">NOCHES INTERNACIONALES DE FOLKLORE \u2013 VIONICA<\/a><\/h3><p class=\"blog-text\">Las Noches Internacionales de Folklore son un festival tradicional de folklore que se celebra en<\/p><a href=\"https:\/\/tzcitluk.ba\/es\/noches-internacionales-de-folklore-vionica\/\" class=\"link-btn\">Pro\u010ditajte vi\u0161e<\/a><\/div><\/div><div class=\"blog-style4\"><div class=\"blog-image\"><img loading=\"lazy\" decoding=\"async\" width=\"705\" height=\"540\" src=\"https:\/\/tzcitluk.ba\/wp-content\/uploads\/2024\/11\/image00017-705x540.jpg\" class=\"attachment-blog-post-one size-blog-post-one wp-post-image\" alt=\"\" \/><\/div><div class='blog-content background-image' style='background-image:url(https:\/\/tzcitluk.ba\/wp-content\/uploads\/2023\/11\/blog-bg.png)'><a class=\"blog-date\" href=\"https:\/\/tzcitluk.ba\/es\/2024\/11\/11\/\"><i class=\"far d fa-calendar-alt\"><\/i><time datetime=\"2024-11-11T15:16:42+01:00\">noviembre 11, 2024<\/time><\/a><h3 class=\"blog-title\"><a href=\"https:\/\/tzcitluk.ba\/es\/dias-de-didako\/\">D\u00cdAS DE DIDAKO<\/a><\/h3><p class=\"blog-text\">Los D\u00edas de Didako son un evento cultural, cient\u00edfico y espiritual dedicado a la promoci\u00f3n<\/p><a href=\"https:\/\/tzcitluk.ba\/es\/dias-de-didako\/\" class=\"link-btn\">Pro\u010ditajte vi\u0161e<\/a><\/div><\/div><div class=\"blog-style4\"><div class=\"blog-image\"><img loading=\"lazy\" decoding=\"async\" width=\"705\" height=\"540\" src=\"https:\/\/tzcitluk.ba\/wp-content\/uploads\/2024\/11\/Dani-berbe-grozda-2-705x540.jpg\" class=\"attachment-blog-post-one size-blog-post-one wp-post-image\" alt=\"\" \/><\/div><div class='blog-content background-image' style='background-image:url(https:\/\/tzcitluk.ba\/wp-content\/uploads\/2023\/11\/blog-bg.png)'><a class=\"blog-date\" href=\"https:\/\/tzcitluk.ba\/es\/2024\/12\/16\/\"><i class=\"far d fa-calendar-alt\"><\/i><time datetime=\"2024-12-16T17:02:04+01:00\">diciembre 16, 2024<\/time><\/a><h3 class=\"blog-title\"><a href=\"https:\/\/tzcitluk.ba\/es\/dias-de-la-cosecha-de-uva\/\">D\u00cdAS DE LA COSECHA DE UVA<\/a><\/h3><p class=\"blog-text\">El evento tur\u00edstico-cultural-econ\u00f3mico \"D\u00edas de la Cosecha de Uva\" de \u010citluk se celebra tradicionalmente desde<\/p><a href=\"https:\/\/tzcitluk.ba\/es\/dias-de-la-cosecha-de-uva\/\" class=\"link-btn\">Pro\u010ditajte vi\u0161e<\/a><\/div><\/div><\/div><!-- .row END --><\/section><!-- blog Area end -->\t\t\t\t<\/div>\n\t\t\t\t<\/div>\n\t\t\t\t\t<\/div>\n\t\t\t\t<\/div>\n\t\t\t\t<\/div>\n\t\t","protected":false},"excerpt":{"rendered":"<p>Manifestaciones Entre los numerosos bienes inmateriales, se destacan diversas tradiciones, danzas populares, canciones y competiciones. A partir de ellas, han surgido algunas de las manifestaciones culturales y tur\u00edsticas m\u00e1s populares, que cada a\u00f1o atraen a un n\u00famero creciente de visitantes.<\/p>\n","protected":false},"author":2,"featured_media":0,"parent":0,"menu_order":0,"comment_status":"closed","ping_status":"closed","template":"","meta":{"footnotes":""},"class_list":["post-13574","page","type-page","status-publish","hentry","vs-blog blog-single"],"aioseo_notices":[],"rttpg_featured_image_url":null,"rttpg_author":{"display_name":"kreso","author_link":"https:\/\/tzcitluk.ba\/es\/author\/kreso\/"},"rttpg_comment":0,"rttpg_category":"","rttpg_excerpt":"Manifestaciones Entre los numerosos bienes inmateriales, se destacan diversas tradiciones, danzas populares, canciones y competiciones. A partir de ellas, han surgido algunas de las manifestaciones culturales y tur\u00edsticas m\u00e1s populares, que cada a\u00f1o atraen a un n\u00famero creciente de visitantes.","_links":{"self":[{"href":"https:\/\/tzcitluk.ba\/es\/wp-json\/wp\/v2\/pages\/13574","targetHints":{"allow":["GET"]}}],"collection":[{"href":"https:\/\/tzcitluk.ba\/es\/wp-json\/wp\/v2\/pages"}],"about":[{"href":"https:\/\/tzcitluk.ba\/es\/wp-json\/wp\/v2\/types\/page"}],"author":[{"embeddable":true,"href":"https:\/\/tzcitluk.ba\/es\/wp-json\/wp\/v2\/users\/2"}],"replies":[{"embeddable":true,"href":"https:\/\/tzcitluk.ba\/es\/wp-json\/wp\/v2\/comments?post=13574"}],"version-history":[{"count":6,"href":"https:\/\/tzcitluk.ba\/es\/wp-json\/wp\/v2\/pages\/13574\/revisions"}],"predecessor-version":[{"id":14051,"href":"https:\/\/tzcitluk.ba\/es\/wp-json\/wp\/v2\/pages\/13574\/revisions\/14051"}],"wp:attachment":[{"href":"https:\/\/tzcitluk.ba\/es\/wp-json\/wp\/v2\/media?parent=13574"}],"curies":[{"name":"wp","href":"https:\/\/api.w.org\/{rel}","templated":true}]}}