{"id":13588,"date":"2024-11-14T16:56:44","date_gmt":"2024-11-14T15:56:44","guid":{"rendered":"https:\/\/tzcitluk.ba\/podbrdo\/"},"modified":"2025-01-08T17:09:28","modified_gmt":"2025-01-08T16:09:28","slug":"podbrdo","status":"publish","type":"page","link":"https:\/\/tzcitluk.ba\/es\/podbrdo\/","title":{"rendered":"Podbrdo"},"content":{"rendered":"\t\t<div data-elementor-type=\"wp-page\" data-elementor-id=\"13588\" class=\"elementor elementor-13588 elementor-7982\">\n\t\t\t\t<div class=\"elementor-element elementor-element-91adfb6 e-flex e-con-boxed e-con e-parent\" data-id=\"91adfb6\" data-element_type=\"container\">\n\t\t\t\t\t<div class=\"e-con-inner\">\n\t\t\t\t<div class=\"elementor-element elementor-element-4d7c6e9 elementor-widget elementor-widget-heading\" data-id=\"4d7c6e9\" data-element_type=\"widget\" data-widget_type=\"heading.default\">\n\t\t\t\t<div class=\"elementor-widget-container\">\n\t\t\t<h2 class=\"elementor-heading-title elementor-size-default\">Podbrdo<\/h2>\t\t<\/div>\n\t\t\t\t<\/div>\n\t\t\t\t<div class=\"elementor-element elementor-element-f05f440 elementor-widget elementor-widget-text-editor\" data-id=\"f05f440\" data-element_type=\"widget\" data-widget_type=\"text-editor.default\">\n\t\t\t\t<div class=\"elementor-widget-container\">\n\t\t\t\t\t\t\t<p>Podbrdo, el lugar de las apariciones, se encuentra sobre el asentamiento de Podbrdo en Bijakovi\u0107i, dentro de la parroquia de Me\u0111ugorje. Un camino empedrado con los misterios del Santo Rosario lleva hasta el lugar de las primeras apariciones. Enfrente del segundo misterio gozoso se encuentra una gran cruz, junto a la primera mensaje que la Virgen dijo en el tercer d\u00eda de las apariciones, el 26 de junio de 1981: \u00a1un mensaje de paz! Tras el quinto misterio gozoso, el camino hacia la derecha conduce hasta la estatua de la Virgen Mar\u00eda, que fue colocada en 2001. Este es el lugar de las apariciones de la Virgen desde el 25 de junio de 1981, cuando seis j\u00f3venes \u2014Vicka Ivankovi\u0107, Marija Pavlovi\u0107, Ivanka Ivankovi\u0107, Mirjana Dragi\u010devi\u0107, Ivan Dragi\u010devi\u0107 y Jakov \u010colo\u2014 vieron a la Virgen, rezaron y hablaron con ella. A pesar de la oposici\u00f3n inicial del r\u00e9gimen comunista, este lugar se ha convertido desde entonces en un sitio de oraci\u00f3n y paz. Aqu\u00ed se re\u00fanen peregrinos de todo el mundo para pedir la intercesi\u00f3n de la Reina de la Paz.<\/p>\t\t\t\t\t\t<\/div>\n\t\t\t\t<\/div>\n\t\t\t\t<div class=\"elementor-element elementor-element-afa8525 elementor-arrows-position-inside elementor-widget elementor-widget-image-carousel\" data-id=\"afa8525\" data-element_type=\"widget\" data-settings=\"{&quot;navigation&quot;:&quot;arrows&quot;,&quot;autoplay_speed&quot;:2000,&quot;image_spacing_custom&quot;:{&quot;unit&quot;:&quot;px&quot;,&quot;size&quot;:5,&quot;sizes&quot;:[]},&quot;autoplay&quot;:&quot;yes&quot;,&quot;pause_on_hover&quot;:&quot;yes&quot;,&quot;pause_on_interaction&quot;:&quot;yes&quot;,&quot;infinite&quot;:&quot;yes&quot;,&quot;speed&quot;:500,&quot;image_spacing_custom_tablet&quot;:{&quot;unit&quot;:&quot;px&quot;,&quot;size&quot;:&quot;&quot;,&quot;sizes&quot;:[]},&quot;image_spacing_custom_mobile&quot;:{&quot;unit&quot;:&quot;px&quot;,&quot;size&quot;:&quot;&quot;,&quot;sizes&quot;:[]}}\" data-widget_type=\"image-carousel.default\">\n\t\t\t\t<div class=\"elementor-widget-container\">\n\t\t\t\t\t<div class=\"elementor-image-carousel-wrapper swiper\" dir=\"ltr\">\n\t\t\t<div class=\"elementor-image-carousel swiper-wrapper\" aria-live=\"off\">\n\t\t\t\t\t\t\t\t<div class=\"swiper-slide\" role=\"group\" aria-roledescription=\"slide\" aria-label=\"1 de 11\"><a data-elementor-open-lightbox=\"yes\" data-elementor-lightbox-slideshow=\"afa8525\" data-elementor-lightbox-title=\"DSC_4499\" data-e-action-hash=\"#elementor-action%3Aaction%3Dlightbox%26settings%3DeyJpZCI6ODEyMiwidXJsIjoiaHR0cHM6XC9cL3R6Y2l0bHVrLmJhXC93cC1jb250ZW50XC91cGxvYWRzXC8yMDI0XC8xMVwvRFNDXzQ0OTkuanBnIiwic2xpZGVzaG93IjoiYWZhODUyNSJ9\" href=\"https:\/\/tzcitluk.ba\/wp-content\/uploads\/2024\/11\/DSC_4499.jpg\"><figure class=\"swiper-slide-inner\"><img decoding=\"async\" class=\"swiper-slide-image\" src=\"https:\/\/tzcitluk.ba\/wp-content\/uploads\/elementor\/thumbs\/DSC_4499-qx8k92kir5ip0ajvak4i0wvhncw3otcegrodbzyczg.jpg\" alt=\"\" \/><\/figure><\/a><\/div><div class=\"swiper-slide\" role=\"group\" aria-roledescription=\"slide\" aria-label=\"2 de 11\"><a data-elementor-open-lightbox=\"yes\" data-elementor-lightbox-slideshow=\"afa8525\" data-elementor-lightbox-title=\"DSC_5950\" data-e-action-hash=\"#elementor-action%3Aaction%3Dlightbox%26settings%3DeyJpZCI6ODEyMywidXJsIjoiaHR0cHM6XC9cL3R6Y2l0bHVrLmJhXC93cC1jb250ZW50XC91cGxvYWRzXC8yMDI0XC8xMVwvRFNDXzU5NTAuanBnIiwic2xpZGVzaG93IjoiYWZhODUyNSJ9\" href=\"https:\/\/tzcitluk.ba\/wp-content\/uploads\/2024\/11\/DSC_5950.jpg\"><figure class=\"swiper-slide-inner\"><img decoding=\"async\" class=\"swiper-slide-image\" src=\"https:\/\/tzcitluk.ba\/wp-content\/uploads\/elementor\/thumbs\/DSC_5950-qx8k94g74tl9nih4zkxr5weeu4mu47jv50zcajvkn0.jpg\" alt=\"\" \/><\/figure><\/a><\/div><div class=\"swiper-slide\" role=\"group\" aria-roledescription=\"slide\" aria-label=\"3 de 11\"><a data-elementor-open-lightbox=\"yes\" data-elementor-lightbox-slideshow=\"afa8525\" data-elementor-lightbox-title=\"DSC_5957\" data-e-action-hash=\"#elementor-action%3Aaction%3Dlightbox%26settings%3DeyJpZCI6ODEyNCwidXJsIjoiaHR0cHM6XC9cL3R6Y2l0bHVrLmJhXC93cC1jb250ZW50XC91cGxvYWRzXC8yMDI0XC8xMVwvRFNDXzU5NTcuanBnIiwic2xpZGVzaG93IjoiYWZhODUyNSJ9\" href=\"https:\/\/tzcitluk.ba\/wp-content\/uploads\/2024\/11\/DSC_5957.jpg\"><figure class=\"swiper-slide-inner\"><img decoding=\"async\" class=\"swiper-slide-image\" src=\"https:\/\/tzcitluk.ba\/wp-content\/uploads\/elementor\/thumbs\/DSC_5957-qx8k96bvihnuaqeeolr0avxc0wdkjlrbtaab93ssak.jpg\" alt=\"\" \/><\/figure><\/a><\/div><div class=\"swiper-slide\" role=\"group\" aria-roledescription=\"slide\" aria-label=\"4 de 11\"><a data-elementor-open-lightbox=\"yes\" data-elementor-lightbox-slideshow=\"afa8525\" data-elementor-lightbox-title=\"DSC_6168\" data-e-action-hash=\"#elementor-action%3Aaction%3Dlightbox%26settings%3DeyJpZCI6ODEyNSwidXJsIjoiaHR0cHM6XC9cL3R6Y2l0bHVrLmJhXC93cC1jb250ZW50XC91cGxvYWRzXC8yMDI0XC8xMVwvRFNDXzYxNjgtMS5qcGciLCJzbGlkZXNob3ciOiJhZmE4NTI1In0%3D\" href=\"https:\/\/tzcitluk.ba\/wp-content\/uploads\/2024\/11\/DSC_6168-1.jpg\"><figure class=\"swiper-slide-inner\"><img decoding=\"async\" class=\"swiper-slide-image\" src=\"https:\/\/tzcitluk.ba\/wp-content\/uploads\/elementor\/thumbs\/DSC_6168-1-qx8k987jw5qexybodmk9fvg97o4ayzyshjla7npzy4.jpg\" alt=\"\" \/><\/figure><\/a><\/div><div class=\"swiper-slide\" role=\"group\" aria-roledescription=\"slide\" aria-label=\"5 de 11\"><a data-elementor-open-lightbox=\"yes\" data-elementor-lightbox-slideshow=\"afa8525\" data-elementor-lightbox-title=\"DSC_6191\" data-e-action-hash=\"#elementor-action%3Aaction%3Dlightbox%26settings%3DeyJpZCI6ODEyNiwidXJsIjoiaHR0cHM6XC9cL3R6Y2l0bHVrLmJhXC93cC1jb250ZW50XC91cGxvYWRzXC8yMDI0XC8xMVwvRFNDXzYxOTEuanBnIiwic2xpZGVzaG93IjoiYWZhODUyNSJ9\" href=\"https:\/\/tzcitluk.ba\/wp-content\/uploads\/2024\/11\/DSC_6191.jpg\"><figure class=\"swiper-slide-inner\"><img decoding=\"async\" class=\"swiper-slide-image\" src=\"https:\/\/tzcitluk.ba\/wp-content\/uploads\/elementor\/thumbs\/DSC_6191-qx8k995e2zrp9kab84yw0d7pt1zo6p2ito8roxolrw.jpg\" alt=\"\" \/><\/figure><\/a><\/div><div class=\"swiper-slide\" role=\"group\" aria-roledescription=\"slide\" aria-label=\"6 de 11\"><a data-elementor-open-lightbox=\"yes\" data-elementor-lightbox-slideshow=\"afa8525\" data-elementor-lightbox-title=\"DSC_7925\" data-e-action-hash=\"#elementor-action%3Aaction%3Dlightbox%26settings%3DeyJpZCI6ODEyNywidXJsIjoiaHR0cHM6XC9cL3R6Y2l0bHVrLmJhXC93cC1jb250ZW50XC91cGxvYWRzXC8yMDI0XC8xMVwvRFNDXzc5MjUuanBnIiwic2xpZGVzaG93IjoiYWZhODUyNSJ9\" href=\"https:\/\/tzcitluk.ba\/wp-content\/uploads\/2024\/11\/DSC_7925.jpg\"><figure class=\"swiper-slide-inner\"><img decoding=\"async\" class=\"swiper-slide-image\" src=\"https:\/\/tzcitluk.ba\/wp-content\/uploads\/elementor\/thumbs\/DSC_7925-qx8k9b12gnu9ws7kx5s55cqmztqem39zhxjqnhltfg.jpg\" alt=\"\" \/><\/figure><\/a><\/div><div class=\"swiper-slide\" role=\"group\" aria-roledescription=\"slide\" aria-label=\"7 de 11\"><a data-elementor-open-lightbox=\"yes\" data-elementor-lightbox-slideshow=\"afa8525\" data-elementor-lightbox-title=\"DSC_8810\" data-e-action-hash=\"#elementor-action%3Aaction%3Dlightbox%26settings%3DeyJpZCI6ODEyOCwidXJsIjoiaHR0cHM6XC9cL3R6Y2l0bHVrLmJhXC93cC1jb250ZW50XC91cGxvYWRzXC8yMDI0XC8xMVwvRFNDXzg4MTAuanBnIiwic2xpZGVzaG93IjoiYWZhODUyNSJ9\" href=\"https:\/\/tzcitluk.ba\/wp-content\/uploads\/2024\/11\/DSC_8810.jpg\"><figure class=\"swiper-slide-inner\"><img decoding=\"async\" class=\"swiper-slide-image\" src=\"https:\/\/tzcitluk.ba\/wp-content\/uploads\/elementor\/thumbs\/DSC_8810-qx8k9bywnhvk8e67ro6rpui3l7lrtsdpu2784rkf98.jpg\" alt=\"\" \/><\/figure><\/a><\/div><div class=\"swiper-slide\" role=\"group\" aria-roledescription=\"slide\" aria-label=\"8 de 11\"><a data-elementor-open-lightbox=\"yes\" data-elementor-lightbox-slideshow=\"afa8525\" data-elementor-lightbox-title=\"DSC_8811\" data-e-action-hash=\"#elementor-action%3Aaction%3Dlightbox%26settings%3DeyJpZCI6ODEyOSwidXJsIjoiaHR0cHM6XC9cL3R6Y2l0bHVrLmJhXC93cC1jb250ZW50XC91cGxvYWRzXC8yMDI0XC8xMVwvRFNDXzg4MTEuanBnIiwic2xpZGVzaG93IjoiYWZhODUyNSJ9\" href=\"https:\/\/tzcitluk.ba\/wp-content\/uploads\/2024\/11\/DSC_8811.jpg\"><figure class=\"swiper-slide-inner\"><img decoding=\"async\" class=\"swiper-slide-image\" src=\"https:\/\/tzcitluk.ba\/wp-content\/uploads\/elementor\/thumbs\/DSC_8811-qx8k9dul15y4vm3hgp00uu10rzci96l6ibi73bhmws.jpg\" alt=\"\" \/><\/figure><\/a><\/div><div class=\"swiper-slide\" role=\"group\" aria-roledescription=\"slide\" aria-label=\"9 de 11\"><a data-elementor-open-lightbox=\"yes\" data-elementor-lightbox-slideshow=\"afa8525\" data-elementor-lightbox-title=\"DSC_8813 (2)\" data-e-action-hash=\"#elementor-action%3Aaction%3Dlightbox%26settings%3DeyJpZCI6ODEzMCwidXJsIjoiaHR0cHM6XC9cL3R6Y2l0bHVrLmJhXC93cC1jb250ZW50XC91cGxvYWRzXC8yMDI0XC8xMVwvRFNDXzg4MTMtMi5qcGciLCJzbGlkZXNob3ciOiJhZmE4NTI1In0%3D\" href=\"https:\/\/tzcitluk.ba\/wp-content\/uploads\/2024\/11\/DSC_8813-2.jpg\"><figure class=\"swiper-slide-inner\"><img decoding=\"async\" class=\"swiper-slide-image\" src=\"https:\/\/tzcitluk.ba\/wp-content\/uploads\/elementor\/thumbs\/DSC_8813-2-qx8k9esf7zzf7824b7enfbshdd7vgvowug5oklg8qk.jpg\" alt=\"\" \/><\/figure><\/a><\/div><div class=\"swiper-slide\" role=\"group\" aria-roledescription=\"slide\" aria-label=\"10 de 11\"><a data-elementor-open-lightbox=\"yes\" data-elementor-lightbox-slideshow=\"afa8525\" data-elementor-lightbox-title=\"DSC03323\" data-e-action-hash=\"#elementor-action%3Aaction%3Dlightbox%26settings%3DeyJpZCI6ODEzMSwidXJsIjoiaHR0cHM6XC9cL3R6Y2l0bHVrLmJhXC93cC1jb250ZW50XC91cGxvYWRzXC8yMDI0XC8xMVwvRFNDMDMzMjMuanBnIiwic2xpZGVzaG93IjoiYWZhODUyNSJ9\" href=\"https:\/\/tzcitluk.ba\/wp-content\/uploads\/2024\/11\/DSC03323.jpg\"><figure class=\"swiper-slide-inner\"><img decoding=\"async\" class=\"swiper-slide-image\" src=\"https:\/\/tzcitluk.ba\/wp-content\/uploads\/elementor\/thumbs\/DSC03323-qx8k9go3lo1zufze087wkbbek4ylw9wdipgnj5dge4.jpg\" alt=\"\" \/><\/figure><\/a><\/div><div class=\"swiper-slide\" role=\"group\" aria-roledescription=\"slide\" aria-label=\"11 de 11\"><a data-elementor-open-lightbox=\"yes\" data-elementor-lightbox-slideshow=\"afa8525\" data-elementor-lightbox-title=\"DSC03672\" data-e-action-hash=\"#elementor-action%3Aaction%3Dlightbox%26settings%3DeyJpZCI6ODEzMiwidXJsIjoiaHR0cHM6XC9cL3R6Y2l0bHVrLmJhXC93cC1jb250ZW50XC91cGxvYWRzXC8yMDI0XC8xMVwvRFNDMDM2NzIuanBnIiwic2xpZGVzaG93IjoiYWZhODUyNSJ9\" href=\"https:\/\/tzcitluk.ba\/wp-content\/uploads\/2024\/11\/DSC03672.jpg\"><figure class=\"swiper-slide-inner\"><img decoding=\"async\" class=\"swiper-slide-image\" src=\"https:\/\/tzcitluk.ba\/wp-content\/uploads\/elementor\/thumbs\/DSC03672-qx8k9hlxsi3a61y0uqmj4t2v5itz3z03uu450fc27w.jpg\" alt=\"\" \/><\/figure><\/a><\/div>\t\t\t<\/div>\n\t\t\t\t\t\t\t\t\t\t\t\t<div class=\"elementor-swiper-button elementor-swiper-button-prev\" role=\"button\" tabindex=\"0\">\n\t\t\t\t\t\t<svg aria-hidden=\"true\" class=\"e-font-icon-svg e-eicon-chevron-left\" viewBox=\"0 0 1000 1000\" xmlns=\"http:\/\/www.w3.org\/2000\/svg\"><path d=\"M646 125C629 125 613 133 604 142L308 442C296 454 292 471 292 487 292 504 296 521 308 533L604 854C617 867 629 875 646 875 663 875 679 871 692 858 704 846 713 829 713 812 713 796 708 779 692 767L438 487 692 225C700 217 708 204 708 187 708 171 704 154 692 142 675 129 663 125 646 125Z\"><\/path><\/svg>\t\t\t\t\t<\/div>\n\t\t\t\t\t<div class=\"elementor-swiper-button elementor-swiper-button-next\" role=\"button\" tabindex=\"0\">\n\t\t\t\t\t\t<svg aria-hidden=\"true\" class=\"e-font-icon-svg e-eicon-chevron-right\" viewBox=\"0 0 1000 1000\" xmlns=\"http:\/\/www.w3.org\/2000\/svg\"><path d=\"M696 533C708 521 713 504 713 487 713 471 708 454 696 446L400 146C388 133 375 125 354 125 338 125 325 129 313 142 300 154 292 171 292 187 292 204 296 221 308 233L563 492 304 771C292 783 288 800 288 817 288 833 296 850 308 863 321 871 338 875 354 875 371 875 388 867 400 854L696 533Z\"><\/path><\/svg>\t\t\t\t\t<\/div>\n\t\t\t\t\n\t\t\t\t\t\t\t\t\t<\/div>\n\t\t\t\t<\/div>\n\t\t\t\t<\/div>\n\t\t\t\t\t<\/div>\n\t\t\t\t<\/div>\n\t\t<div class=\"elementor-element elementor-element-9b662a7 e-flex e-con-boxed e-con e-parent\" data-id=\"9b662a7\" data-element_type=\"container\">\n\t\t\t\t\t<div class=\"e-con-inner\">\n\t\t\t\t\t<\/div>\n\t\t\t\t<\/div>\n\t\t\t\t<\/div>\n\t\t","protected":false},"excerpt":{"rendered":"<p>Podbrdo Podbrdo, el lugar de las apariciones, se encuentra sobre el asentamiento de Podbrdo en Bijakovi\u0107i, dentro de la parroquia de Me\u0111ugorje. Un camino empedrado con los misterios del Santo Rosario lleva hasta el lugar de las primeras apariciones. Enfrente del segundo misterio gozoso se encuentra una gran cruz, junto a la primera mensaje que&#8230;<\/p>\n","protected":false},"author":2,"featured_media":0,"parent":0,"menu_order":0,"comment_status":"closed","ping_status":"closed","template":"","meta":{"footnotes":""},"class_list":["post-13588","page","type-page","status-publish","hentry"],"aioseo_notices":[],"rttpg_featured_image_url":null,"rttpg_author":{"display_name":"kreso","author_link":"https:\/\/tzcitluk.ba\/es\/author\/kreso\/"},"rttpg_comment":0,"rttpg_category":" <a href=\"https:\/\/tzcitluk.ba\/es\/?taxonomy=translation_priority&#038;term=opcional\" rel=\"tag\">Opcional<\/a>","rttpg_excerpt":"Podbrdo Podbrdo, el lugar de las apariciones, se encuentra sobre el asentamiento de Podbrdo en Bijakovi\u0107i, dentro de la parroquia de Me\u0111ugorje. Un camino empedrado con los misterios del Santo Rosario lleva hasta el lugar de las primeras apariciones. Enfrente del segundo misterio gozoso se encuentra una gran cruz, junto a la primera mensaje que...","_links":{"self":[{"href":"https:\/\/tzcitluk.ba\/es\/wp-json\/wp\/v2\/pages\/13588"}],"collection":[{"href":"https:\/\/tzcitluk.ba\/es\/wp-json\/wp\/v2\/pages"}],"about":[{"href":"https:\/\/tzcitluk.ba\/es\/wp-json\/wp\/v2\/types\/page"}],"author":[{"embeddable":true,"href":"https:\/\/tzcitluk.ba\/es\/wp-json\/wp\/v2\/users\/2"}],"replies":[{"embeddable":true,"href":"https:\/\/tzcitluk.ba\/es\/wp-json\/wp\/v2\/comments?post=13588"}],"version-history":[{"count":5,"href":"https:\/\/tzcitluk.ba\/es\/wp-json\/wp\/v2\/pages\/13588\/revisions"}],"predecessor-version":[{"id":14348,"href":"https:\/\/tzcitluk.ba\/es\/wp-json\/wp\/v2\/pages\/13588\/revisions\/14348"}],"wp:attachment":[{"href":"https:\/\/tzcitluk.ba\/es\/wp-json\/wp\/v2\/media?parent=13588"}],"curies":[{"name":"wp","href":"https:\/\/api.w.org\/{rel}","templated":true}]}}