{"id":12040,"date":"2024-11-11T16:33:03","date_gmt":"2024-11-11T15:33:03","guid":{"rendered":"https:\/\/tzcitluk.ba\/geografski-polozaj-i-prorodna-obiljezja\/"},"modified":"2025-01-08T16:14:26","modified_gmt":"2025-01-08T15:14:26","slug":"emplacement-geographique-et-caracteristiques-naturelles","status":"publish","type":"page","link":"https:\/\/tzcitluk.ba\/fr\/emplacement-geographique-et-caracteristiques-naturelles\/","title":{"rendered":"Emplacement g\u00e9ographique et caract\u00e9ristiques naturelles"},"content":{"rendered":"\t\t<div data-elementor-type=\"wp-page\" data-elementor-id=\"12040\" class=\"elementor elementor-12040 elementor-7702\">\n\t\t\t\t<div class=\"elementor-element elementor-element-4161f6e e-flex e-con-boxed e-con e-parent\" data-id=\"4161f6e\" data-element_type=\"container\" data-e-type=\"container\">\n\t\t\t\t\t<div class=\"e-con-inner\">\n\t\t\t\t<div class=\"elementor-element elementor-element-feae9d1 elementor-widget elementor-widget-heading\" data-id=\"feae9d1\" data-element_type=\"widget\" data-e-type=\"widget\" data-widget_type=\"heading.default\">\n\t\t\t\t<div class=\"elementor-widget-container\">\n\t\t\t\t\t<h2 class=\"elementor-heading-title elementor-size-default\">Emplacement g\u00e9ographique et caract\u00e9ristiques naturelles<\/h2>\t\t\t\t<\/div>\n\t\t\t\t<\/div>\n\t\t\t\t<div class=\"elementor-element elementor-element-7b6e4f2 elementor-widget elementor-widget-spacer\" data-id=\"7b6e4f2\" data-element_type=\"widget\" data-e-type=\"widget\" data-widget_type=\"spacer.default\">\n\t\t\t\t<div class=\"elementor-widget-container\">\n\t\t\t\t\t\t\t<div class=\"elementor-spacer\">\n\t\t\t<div class=\"elementor-spacer-inner\"><\/div>\n\t\t<\/div>\n\t\t\t\t\t\t<\/div>\n\t\t\t\t<\/div>\n\t\t\t\t<div class=\"elementor-element elementor-element-af1bd62 elementor-widget elementor-widget-text-editor\" data-id=\"af1bd62\" data-element_type=\"widget\" data-e-type=\"widget\" data-widget_type=\"text-editor.default\">\n\t\t\t\t<div class=\"elementor-widget-container\">\n\t\t\t\t\t\t\t\t\t<p>Brotnjo est un plateau karstique fertile situ\u00e9 au sud-ouest de la Bosnie-Herz\u00e9govine, \u00e0 une altitude variant de 22 \u00e0 582 m\u00e8tres au-dessus du niveau de la mer. Il comprend la municipalit\u00e9 de \u010citluk et des parties de Ljubu\u0161ki (Lipno), \u010capljina (\u0160urmanci) et Mostar (Slip\u010di\u0107i). La superficie totale est de 234 km\u00b2, dont 181 km\u00b2 appartiennent \u00e0 \u010citluk.<\/p><p>Le paysage de Brotnjo, fa\u00e7onn\u00e9 par des processus complexes et prolong\u00e9s, a conserv\u00e9 sa forme actuelle depuis l&#8217;\u00e8re alluviale. Le territoire de la municipalit\u00e9 est principalement vallonn\u00e9 avec un champ karstique central.<\/p>\t\t\t\t\t\t\t\t<\/div>\n\t\t\t\t<\/div>\n\t\t<div class=\"elementor-element elementor-element-f475a7b e-grid e-con-full e-con e-child\" data-id=\"f475a7b\" data-element_type=\"container\" data-e-type=\"container\">\n\t\t\t\t<div class=\"elementor-element elementor-element-7497dc2 elementor-view-default elementor-position-block-start elementor-mobile-position-block-start elementor-widget elementor-widget-icon-box\" data-id=\"7497dc2\" data-element_type=\"widget\" data-e-type=\"widget\" data-widget_type=\"icon-box.default\">\n\t\t\t\t<div class=\"elementor-widget-container\">\n\t\t\t\t\t\t\t<div class=\"elementor-icon-box-wrapper\">\n\n\t\t\t\t\t\t<div class=\"elementor-icon-box-icon\">\n\t\t\t\t<span  class=\"elementor-icon\">\n\t\t\t\t<svg aria-hidden=\"true\" class=\"e-font-icon-svg e-fas-chart-area\" viewBox=\"0 0 512 512\" xmlns=\"http:\/\/www.w3.org\/2000\/svg\"><path d=\"M500 384c6.6 0 12 5.4 12 12v40c0 6.6-5.4 12-12 12H12c-6.6 0-12-5.4-12-12V76c0-6.6 5.4-12 12-12h40c6.6 0 12 5.4 12 12v308h436zM372.7 159.5L288 216l-85.3-113.7c-5.1-6.8-15.5-6.3-19.9 1L96 248v104h384l-89.9-187.8c-3.2-6.5-11.4-8.7-17.4-4.7z\"><\/path><\/svg>\t\t\t\t<\/span>\n\t\t\t<\/div>\n\t\t\t\n\t\t\t\t\t\t<div class=\"elementor-icon-box-content\">\n\n\t\t\t\t\t\t\t\t\t<h3 class=\"elementor-icon-box-title\">\n\t\t\t\t\t\t<span  >\n\t\t\t\t\t\t\tSuperficie de la municipalit\u00e9 de \u010citluk\t\t\t\t\t\t<\/span>\n\t\t\t\t\t<\/h3>\n\t\t\t\t\n\t\t\t\t\t\t\t\t\t<p class=\"elementor-icon-box-description\">\n\t\t\t\t\t\t181 km<sup>2<\/sup>\t\t\t\t\t<\/p>\n\t\t\t\t\n\t\t\t<\/div>\n\t\t\t\n\t\t<\/div>\n\t\t\t\t\t\t<\/div>\n\t\t\t\t<\/div>\n\t\t\t\t<div class=\"elementor-element elementor-element-fa40471 elementor-view-default elementor-position-block-start elementor-mobile-position-block-start elementor-widget elementor-widget-icon-box\" data-id=\"fa40471\" data-element_type=\"widget\" data-e-type=\"widget\" data-widget_type=\"icon-box.default\">\n\t\t\t\t<div class=\"elementor-widget-container\">\n\t\t\t\t\t\t\t<div class=\"elementor-icon-box-wrapper\">\n\n\t\t\t\t\t\t<div class=\"elementor-icon-box-icon\">\n\t\t\t\t<span  class=\"elementor-icon\">\n\t\t\t\t<svg aria-hidden=\"true\" class=\"e-font-icon-svg e-fas-male\" viewBox=\"0 0 192 512\" xmlns=\"http:\/\/www.w3.org\/2000\/svg\"><path d=\"M96 0c35.346 0 64 28.654 64 64s-28.654 64-64 64-64-28.654-64-64S60.654 0 96 0m48 144h-11.36c-22.711 10.443-49.59 10.894-73.28 0H48c-26.51 0-48 21.49-48 48v136c0 13.255 10.745 24 24 24h16v136c0 13.255 10.745 24 24 24h64c13.255 0 24-10.745 24-24V352h16c13.255 0 24-10.745 24-24V192c0-26.51-21.49-48-48-48z\"><\/path><\/svg>\t\t\t\t<\/span>\n\t\t\t<\/div>\n\t\t\t\n\t\t\t\t\t\t<div class=\"elementor-icon-box-content\">\n\n\t\t\t\t\t\t\t\t\t<h3 class=\"elementor-icon-box-title\">\n\t\t\t\t\t\t<span  >\n\t\t\t\t\t\t\tNombre d'habitants\t\t\t\t\t\t<\/span>\n\t\t\t\t\t<\/h3>\n\t\t\t\t\n\t\t\t\t\t\t\t\t\t<p class=\"elementor-icon-box-description\">\n\t\t\t\t\t\t18.140\t\t\t\t\t<\/p>\n\t\t\t\t\n\t\t\t<\/div>\n\t\t\t\n\t\t<\/div>\n\t\t\t\t\t\t<\/div>\n\t\t\t\t<\/div>\n\t\t\t\t<div class=\"elementor-element elementor-element-e7f7f12 elementor-view-default elementor-position-block-start elementor-mobile-position-block-start elementor-widget elementor-widget-icon-box\" data-id=\"e7f7f12\" data-element_type=\"widget\" data-e-type=\"widget\" data-widget_type=\"icon-box.default\">\n\t\t\t\t<div class=\"elementor-widget-container\">\n\t\t\t\t\t\t\t<div class=\"elementor-icon-box-wrapper\">\n\n\t\t\t\t\t\t<div class=\"elementor-icon-box-icon\">\n\t\t\t\t<span  class=\"elementor-icon\">\n\t\t\t\t<svg aria-hidden=\"true\" class=\"e-font-icon-svg e-fas-people-arrows\" viewBox=\"0 0 576 512\" xmlns=\"http:\/\/www.w3.org\/2000\/svg\"><path d=\"M96,128A64,64,0,1,0,32,64,64,64,0,0,0,96,128Zm0,176.08a44.11,44.11,0,0,1,13.64-32L181.77,204c1.65-1.55,3.77-2.31,5.61-3.57A63.91,63.91,0,0,0,128,160H64A64,64,0,0,0,0,224v96a32,32,0,0,0,32,32V480a32,32,0,0,0,32,32h64a32,32,0,0,0,32-32V383.61l-50.36-47.53A44.08,44.08,0,0,1,96,304.08ZM480,128a64,64,0,1,0-64-64A64,64,0,0,0,480,128Zm32,32H448a63.91,63.91,0,0,0-59.38,40.42c1.84,1.27,4,2,5.62,3.59l72.12,68.06a44.37,44.37,0,0,1,0,64L416,383.62V480a32,32,0,0,0,32,32h64a32,32,0,0,0,32-32V352a32,32,0,0,0,32-32V224A64,64,0,0,0,512,160ZM444.4,295.34l-72.12-68.06A12,12,0,0,0,352,236v36H224V236a12,12,0,0,0-20.28-8.73L131.6,295.34a12.4,12.4,0,0,0,0,17.47l72.12,68.07A12,12,0,0,0,224,372.14V336H352v36.14a12,12,0,0,0,20.28,8.74l72.12-68.07A12.4,12.4,0,0,0,444.4,295.34Z\"><\/path><\/svg>\t\t\t\t<\/span>\n\t\t\t<\/div>\n\t\t\t\n\t\t\t\t\t\t<div class=\"elementor-icon-box-content\">\n\n\t\t\t\t\t\t\t\t\t<h3 class=\"elementor-icon-box-title\">\n\t\t\t\t\t\t<span  >\n\t\t\t\t\t\t\tDensit\u00e9 de population\t\t\t\t\t\t<\/span>\n\t\t\t\t\t<\/h3>\n\t\t\t\t\n\t\t\t\t\t\t\t\t\t<p class=\"elementor-icon-box-description\">\n\t\t\t\t\t\t100,2 st\/km<sup>2<\/sup>\t\t\t\t\t<\/p>\n\t\t\t\t\n\t\t\t<\/div>\n\t\t\t\n\t\t<\/div>\n\t\t\t\t\t\t<\/div>\n\t\t\t\t<\/div>\n\t\t\t\t<\/div>\n\t\t\t\t\t<\/div>\n\t\t\t\t<\/div>\n\t\t\t\t<\/div>\n\t\t","protected":false},"excerpt":{"rendered":"<p>Emplacement g\u00e9ographique et caract\u00e9ristiques naturelles Brotnjo est un plateau karstique fertile situ\u00e9 au sud-ouest de la Bosnie-Herz\u00e9govine, \u00e0 une altitude variant de 22 \u00e0 582 m\u00e8tres au-dessus du niveau de la mer. Il comprend la municipalit\u00e9 de \u010citluk et des parties de Ljubu\u0161ki (Lipno), \u010capljina (\u0160urmanci) et Mostar (Slip\u010di\u0107i). La superficie totale est de 234&#8230;<\/p>\n","protected":false},"author":2,"featured_media":0,"parent":0,"menu_order":0,"comment_status":"closed","ping_status":"closed","template":"","meta":{"footnotes":""},"class_list":["post-12040","page","type-page","status-publish","hentry"],"aioseo_notices":[],"rttpg_featured_image_url":null,"rttpg_author":{"display_name":"kreso","author_link":"https:\/\/tzcitluk.ba\/fr\/author\/kreso\/"},"rttpg_comment":0,"rttpg_category":" <a href=\"https:\/\/tzcitluk.ba\/fr\/?taxonomy=translation_priority&#038;term=facultatif\" rel=\"tag\">Facultatif<\/a>","rttpg_excerpt":"Emplacement g\u00e9ographique et caract\u00e9ristiques naturelles Brotnjo est un plateau karstique fertile situ\u00e9 au sud-ouest de la Bosnie-Herz\u00e9govine, \u00e0 une altitude variant de 22 \u00e0 582 m\u00e8tres au-dessus du niveau de la mer. Il comprend la municipalit\u00e9 de \u010citluk et des parties de Ljubu\u0161ki (Lipno), \u010capljina (\u0160urmanci) et Mostar (Slip\u010di\u0107i). La superficie totale est de 234...","_links":{"self":[{"href":"https:\/\/tzcitluk.ba\/fr\/wp-json\/wp\/v2\/pages\/12040","targetHints":{"allow":["GET"]}}],"collection":[{"href":"https:\/\/tzcitluk.ba\/fr\/wp-json\/wp\/v2\/pages"}],"about":[{"href":"https:\/\/tzcitluk.ba\/fr\/wp-json\/wp\/v2\/types\/page"}],"author":[{"embeddable":true,"href":"https:\/\/tzcitluk.ba\/fr\/wp-json\/wp\/v2\/users\/2"}],"replies":[{"embeddable":true,"href":"https:\/\/tzcitluk.ba\/fr\/wp-json\/wp\/v2\/comments?post=12040"}],"version-history":[{"count":8,"href":"https:\/\/tzcitluk.ba\/fr\/wp-json\/wp\/v2\/pages\/12040\/revisions"}],"predecessor-version":[{"id":14295,"href":"https:\/\/tzcitluk.ba\/fr\/wp-json\/wp\/v2\/pages\/12040\/revisions\/14295"}],"wp:attachment":[{"href":"https:\/\/tzcitluk.ba\/fr\/wp-json\/wp\/v2\/media?parent=12040"}],"curies":[{"name":"wp","href":"https:\/\/api.w.org\/{rel}","templated":true}]}}