{"id":12056,"date":"2024-11-11T16:40:14","date_gmt":"2024-11-11T15:40:14","guid":{"rendered":"https:\/\/tzcitluk.ba\/zupa-gradnici\/"},"modified":"2025-01-08T17:44:29","modified_gmt":"2025-01-08T16:44:29","slug":"la-paroisse-de-gradnici","status":"publish","type":"page","link":"https:\/\/tzcitluk.ba\/fr\/la-paroisse-de-gradnici\/","title":{"rendered":"La paroisse de Gradni\u0107i"},"content":{"rendered":"\t\t<div data-elementor-type=\"wp-page\" data-elementor-id=\"12056\" class=\"elementor elementor-12056 elementor-7718\">\n\t\t\t\t<div class=\"elementor-element elementor-element-3219b80 e-flex e-con-boxed e-con e-parent\" data-id=\"3219b80\" data-element_type=\"container\">\n\t\t\t\t\t<div class=\"e-con-inner\">\n\t\t\t\t<div class=\"elementor-element elementor-element-59137d1 elementor-widget elementor-widget-heading\" data-id=\"59137d1\" data-element_type=\"widget\" data-widget_type=\"heading.default\">\n\t\t\t\t<div class=\"elementor-widget-container\">\n\t\t\t<h3 class=\"elementor-heading-title elementor-size-default\">La paroisse de Gradni\u0107i <\/h3>\t\t<\/div>\n\t\t\t\t<\/div>\n\t\t\t\t<div class=\"elementor-element elementor-element-84bf803 elementor-widget elementor-widget-spacer\" data-id=\"84bf803\" data-element_type=\"widget\" data-widget_type=\"spacer.default\">\n\t\t\t\t<div class=\"elementor-widget-container\">\n\t\t\t\t\t<div class=\"elementor-spacer\">\n\t\t\t<div class=\"elementor-spacer-inner\"><\/div>\n\t\t<\/div>\n\t\t\t\t<\/div>\n\t\t\t\t<\/div>\n\t\t\t\t<div class=\"elementor-element elementor-element-5a5c3ae elementor-widget elementor-widget-text-editor\" data-id=\"5a5c3ae\" data-element_type=\"widget\" data-widget_type=\"text-editor.default\">\n\t\t\t\t<div class=\"elementor-widget-container\">\n\t\t\t\t\t\t\t<p><em><strong>La paroisse de Gradni\u0107i<\/strong><\/em> \u2013 aujourd\u2019hui une petite paroisse de Brotnjo, autrefois vaste par son territoire et sa population. Gradni\u0107i est le berceau de toutes les autres paroisses de Brotnjo. La paroisse de Gradni\u0107i est la plus ancienne paroisse de Brotnjo et l\u2019une des plus anciennes en Herz\u00e9govine. Elle abrite la plus ancienne maison paroissiale de l\u2019Herz\u00e9govine ainsi que le plus ancien chai viticole de Bosnie-Herz\u00e9govine.<\/p><p><strong>Les Journ\u00e9es de Didak<\/strong> sont une manifestation culturelle, scientifique et spirituelle d\u00e9di\u00e9e \u00e0 la promotion de la vie et de l\u2019\u0153uvre de fra Didak Bunti\u0107. Cette manifestation, qui a commenc\u00e9 en 2004 dans la paroisse natale de Didak, a largement contribu\u00e9 \u00e0 transmettre la m\u00e9moire de fra Didak Bunti\u0107 aux g\u00e9n\u00e9rations actuelles, perp\u00e9tuant ainsi le souvenir du &#8220;P\u00e8re de l\u2019Herz\u00e9govine&#8221;. Les Journ\u00e9es de Didak ont \u00e9galement soutenu la restauration du patrimoine religieux, culturel et historique dans la paroisse de Gradni\u0107i.<\/p><p>La paroisse se distingue par son ancienne \u00e9glise paroissiale, son plus vieux chai viticole et sa vieille \u00e9cole. Dans le cadre de cette manifestation, la maison-m\u00e9morial de fra Didak Bunti\u0107 a \u00e9t\u00e9 ouverte et restaur\u00e9e. Cette maison, situ\u00e9e \u00e0 Pao\u010da, est le lieu de naissance de fra Didak, dont le monument orne l\u2019esplanade devant l\u2019\u00e9glise paroissiale. Le monument, devant l\u2019\u00e9glise paroissiale de Gradni\u0107i, est l\u2019\u0153uvre du sculpteur acad\u00e9mique Petar Doli\u0107 et a \u00e9t\u00e9 inaugur\u00e9 lors des troisi\u00e8mes Journ\u00e9es de Didak.<\/p><p>Le fondateur des Journ\u00e9es de Didak est fra Marinko \u0160akota. Les habitants de la paroisse de Gradni\u0107i ont accueilli l\u2019id\u00e9e de cette manifestation avec enthousiasme, contribuant par leur travail et leur engagement \u00e0 la r\u00e9ussite des Journ\u00e9es de Didak.<\/p>\t\t\t\t\t\t<\/div>\n\t\t\t\t<\/div>\n\t\t\t\t<div class=\"elementor-element elementor-element-db7edc0 elementor-arrows-position-inside elementor-widget elementor-widget-image-carousel\" data-id=\"db7edc0\" data-element_type=\"widget\" data-settings=\"{&quot;navigation&quot;:&quot;arrows&quot;,&quot;autoplay_speed&quot;:2000,&quot;image_spacing_custom&quot;:{&quot;unit&quot;:&quot;px&quot;,&quot;size&quot;:5,&quot;sizes&quot;:[]},&quot;autoplay&quot;:&quot;yes&quot;,&quot;pause_on_hover&quot;:&quot;yes&quot;,&quot;pause_on_interaction&quot;:&quot;yes&quot;,&quot;infinite&quot;:&quot;yes&quot;,&quot;speed&quot;:500,&quot;image_spacing_custom_tablet&quot;:{&quot;unit&quot;:&quot;px&quot;,&quot;size&quot;:&quot;&quot;,&quot;sizes&quot;:[]},&quot;image_spacing_custom_mobile&quot;:{&quot;unit&quot;:&quot;px&quot;,&quot;size&quot;:&quot;&quot;,&quot;sizes&quot;:[]}}\" data-widget_type=\"image-carousel.default\">\n\t\t\t\t<div class=\"elementor-widget-container\">\n\t\t\t\t\t<div class=\"elementor-image-carousel-wrapper swiper\" dir=\"ltr\">\n\t\t\t<div class=\"elementor-image-carousel swiper-wrapper\" aria-live=\"off\">\n\t\t\t\t\t\t\t\t<div class=\"swiper-slide\" role=\"group\" aria-roledescription=\"slide\" aria-label=\"1 sur 7\"><a data-elementor-open-lightbox=\"yes\" data-elementor-lightbox-slideshow=\"db7edc0\" data-elementor-lightbox-title=\"image00018\" data-e-action-hash=\"#elementor-action%3Aaction%3Dlightbox%26settings%3DeyJpZCI6ODY4MSwidXJsIjoiaHR0cHM6XC9cL3R6Y2l0bHVrLmJhXC93cC1jb250ZW50XC91cGxvYWRzXC8yMDI0XC8xMVwvaW1hZ2UwMDAxOC0xLmpwZyIsInNsaWRlc2hvdyI6ImRiN2VkYzAifQ%3D%3D\" href=\"https:\/\/tzcitluk.ba\/wp-content\/uploads\/2024\/11\/image00018-1.jpg\"><figure class=\"swiper-slide-inner\"><img decoding=\"async\" class=\"swiper-slide-image\" src=\"https:\/\/tzcitluk.ba\/wp-content\/uploads\/elementor\/thumbs\/image00018-1-qxq691z8q1tyhpfx9cnjmcz4a4dqtkz6gzylcalu0s.jpg\" alt=\"\" \/><\/figure><\/a><\/div><div class=\"swiper-slide\" role=\"group\" aria-roledescription=\"slide\" aria-label=\"2 sur 7\"><a data-elementor-open-lightbox=\"yes\" data-elementor-lightbox-slideshow=\"db7edc0\" data-elementor-lightbox-title=\"image00019\" data-e-action-hash=\"#elementor-action%3Aaction%3Dlightbox%26settings%3DeyJpZCI6ODY3OCwidXJsIjoiaHR0cHM6XC9cL3R6Y2l0bHVrLmJhXC93cC1jb250ZW50XC91cGxvYWRzXC8yMDI0XC8xMVwvaW1hZ2UwMDAxOS0xLmpwZyIsInNsaWRlc2hvdyI6ImRiN2VkYzAifQ%3D%3D\" href=\"https:\/\/tzcitluk.ba\/wp-content\/uploads\/2024\/11\/image00019-1.jpg\"><figure class=\"swiper-slide-inner\"><img decoding=\"async\" class=\"swiper-slide-image\" src=\"https:\/\/tzcitluk.ba\/wp-content\/uploads\/elementor\/thumbs\/image00019-1-qxq68k4b475id45v5mxmszhczstrrc0a2jkd81cbb0.jpg\" alt=\"\" \/><\/figure><\/a><\/div><div class=\"swiper-slide\" role=\"group\" aria-roledescription=\"slide\" aria-label=\"3 sur 7\"><a data-elementor-open-lightbox=\"yes\" data-elementor-lightbox-slideshow=\"db7edc0\" data-elementor-lightbox-title=\"image00017\" data-e-action-hash=\"#elementor-action%3Aaction%3Dlightbox%26settings%3DeyJpZCI6ODY1NiwidXJsIjoiaHR0cHM6XC9cL3R6Y2l0bHVrLmJhXC93cC1jb250ZW50XC91cGxvYWRzXC8yMDI0XC8xMVwvaW1hZ2UwMDAxNy5qcGciLCJzbGlkZXNob3ciOiJkYjdlZGMwIn0%3D\" href=\"https:\/\/tzcitluk.ba\/wp-content\/uploads\/2024\/11\/image00017.jpg\"><figure class=\"swiper-slide-inner\"><img decoding=\"async\" class=\"swiper-slide-image\" src=\"https:\/\/tzcitluk.ba\/wp-content\/uploads\/elementor\/thumbs\/image00017-qxq5foit5fmdoe3xs5k979tjzn5ta3d5fm1cg05qgs.jpg\" alt=\"\" \/><\/figure><\/a><\/div><div class=\"swiper-slide\" role=\"group\" aria-roledescription=\"slide\" aria-label=\"4 sur 7\"><a data-elementor-open-lightbox=\"yes\" data-elementor-lightbox-slideshow=\"db7edc0\" data-elementor-lightbox-title=\"crkva-u-gradnicima-2\" data-e-action-hash=\"#elementor-action%3Aaction%3Dlightbox%26settings%3DeyJpZCI6ODQwMiwidXJsIjoiaHR0cHM6XC9cL3R6Y2l0bHVrLmJhXC93cC1jb250ZW50XC91cGxvYWRzXC8yMDI0XC8xMVwvY3JrdmEtdS1ncmFkbmljaW1hLTIuanBnIiwic2xpZGVzaG93IjoiZGI3ZWRjMCJ9\" href=\"https:\/\/tzcitluk.ba\/wp-content\/uploads\/2024\/11\/crkva-u-gradnicima-2.jpg\"><figure class=\"swiper-slide-inner\"><img decoding=\"async\" class=\"swiper-slide-image\" src=\"https:\/\/tzcitluk.ba\/wp-content\/uploads\/elementor\/thumbs\/crkva-u-gradnicima-2-qxmrdq71c0mp68kldudqh2kvyoeda9o9zk7kkv48xo.jpg\" alt=\"\" \/><\/figure><\/a><\/div><div class=\"swiper-slide\" role=\"group\" aria-roledescription=\"slide\" aria-label=\"5 sur 7\"><a data-elementor-open-lightbox=\"yes\" data-elementor-lightbox-slideshow=\"db7edc0\" data-elementor-lightbox-title=\"image00010\" data-e-action-hash=\"#elementor-action%3Aaction%3Dlightbox%26settings%3DeyJpZCI6MTE5OTQsInVybCI6Imh0dHBzOlwvXC90emNpdGx1ay5iYVwvd3AtY29udGVudFwvdXBsb2Fkc1wvMjAyNFwvMTJcL2ltYWdlMDAwMTAuanBnIiwic2xpZGVzaG93IjoiZGI3ZWRjMCJ9\" href=\"https:\/\/tzcitluk.ba\/wp-content\/uploads\/2024\/12\/image00010.jpg\"><figure class=\"swiper-slide-inner\"><img decoding=\"async\" class=\"swiper-slide-image\" src=\"https:\/\/tzcitluk.ba\/wp-content\/uploads\/elementor\/thumbs\/image00010-qyg9w0ljsoe4q9w5k8pcj8sunbld45o4kwwql7173w.jpg\" alt=\"\" \/><\/figure><\/a><\/div><div class=\"swiper-slide\" role=\"group\" aria-roledescription=\"slide\" aria-label=\"6 sur 7\"><a data-elementor-open-lightbox=\"yes\" data-elementor-lightbox-slideshow=\"db7edc0\" data-elementor-lightbox-title=\"image00011\" data-e-action-hash=\"#elementor-action%3Aaction%3Dlightbox%26settings%3DeyJpZCI6MTIwMDEsInVybCI6Imh0dHBzOlwvXC90emNpdGx1ay5iYVwvd3AtY29udGVudFwvdXBsb2Fkc1wvMjAyNFwvMTJcL2ltYWdlMDAwMTEuanBnIiwic2xpZGVzaG93IjoiZGI3ZWRjMCJ9\" href=\"https:\/\/tzcitluk.ba\/wp-content\/uploads\/2024\/12\/image00011.jpg\"><figure class=\"swiper-slide-inner\"><img decoding=\"async\" class=\"swiper-slide-image\" src=\"https:\/\/tzcitluk.ba\/wp-content\/uploads\/elementor\/thumbs\/image00011-qyg9w2h86cgpdhtf99ilo8bru3c3jjvl967pjqyerg.jpg\" alt=\"\" \/><\/figure><\/a><\/div><div class=\"swiper-slide\" role=\"group\" aria-roledescription=\"slide\" aria-label=\"7 sur 7\"><a data-elementor-open-lightbox=\"yes\" data-elementor-lightbox-slideshow=\"db7edc0\" data-elementor-lightbox-title=\"image00013\" data-e-action-hash=\"#elementor-action%3Aaction%3Dlightbox%26settings%3DeyJpZCI6MTIwMDgsInVybCI6Imh0dHBzOlwvXC90emNpdGx1ay5iYVwvd3AtY29udGVudFwvdXBsb2Fkc1wvMjAyNFwvMTJcL2ltYWdlMDAwMTMuanBnIiwic2xpZGVzaG93IjoiZGI3ZWRjMCJ9\" href=\"https:\/\/tzcitluk.ba\/wp-content\/uploads\/2024\/12\/image00013.jpg\"><figure class=\"swiper-slide-inner\"><img decoding=\"async\" class=\"swiper-slide-image\" src=\"https:\/\/tzcitluk.ba\/wp-content\/uploads\/elementor\/thumbs\/image00013-qyg9w4cwk0ja0pqoyabut7up0v2tyy31xfioiavmf0.jpg\" alt=\"\" \/><\/figure><\/a><\/div>\t\t\t<\/div>\n\t\t\t\t\t\t\t\t\t\t\t\t<div class=\"elementor-swiper-button elementor-swiper-button-prev\" role=\"button\" tabindex=\"0\">\n\t\t\t\t\t\t<svg aria-hidden=\"true\" class=\"e-font-icon-svg e-eicon-chevron-left\" viewBox=\"0 0 1000 1000\" xmlns=\"http:\/\/www.w3.org\/2000\/svg\"><path d=\"M646 125C629 125 613 133 604 142L308 442C296 454 292 471 292 487 292 504 296 521 308 533L604 854C617 867 629 875 646 875 663 875 679 871 692 858 704 846 713 829 713 812 713 796 708 779 692 767L438 487 692 225C700 217 708 204 708 187 708 171 704 154 692 142 675 129 663 125 646 125Z\"><\/path><\/svg>\t\t\t\t\t<\/div>\n\t\t\t\t\t<div class=\"elementor-swiper-button elementor-swiper-button-next\" role=\"button\" tabindex=\"0\">\n\t\t\t\t\t\t<svg aria-hidden=\"true\" class=\"e-font-icon-svg e-eicon-chevron-right\" viewBox=\"0 0 1000 1000\" xmlns=\"http:\/\/www.w3.org\/2000\/svg\"><path d=\"M696 533C708 521 713 504 713 487 713 471 708 454 696 446L400 146C388 133 375 125 354 125 338 125 325 129 313 142 300 154 292 171 292 187 292 204 296 221 308 233L563 492 304 771C292 783 288 800 288 817 288 833 296 850 308 863 321 871 338 875 354 875 371 875 388 867 400 854L696 533Z\"><\/path><\/svg>\t\t\t\t\t<\/div>\n\t\t\t\t\n\t\t\t\t\t\t\t\t\t<\/div>\n\t\t\t\t<\/div>\n\t\t\t\t<\/div>\n\t\t\t\t\t<\/div>\n\t\t\t\t<\/div>\n\t\t\t\t<\/div>\n\t\t","protected":false},"excerpt":{"rendered":"<p>La paroisse de Gradni\u0107i La paroisse de Gradni\u0107i \u2013 aujourd\u2019hui une petite paroisse de Brotnjo, autrefois vaste par son territoire et sa population. Gradni\u0107i est le berceau de toutes les autres paroisses de Brotnjo. La paroisse de Gradni\u0107i est la plus ancienne paroisse de Brotnjo et l\u2019une des plus anciennes en Herz\u00e9govine. Elle abrite la&#8230;<\/p>\n","protected":false},"author":2,"featured_media":0,"parent":0,"menu_order":0,"comment_status":"closed","ping_status":"closed","template":"","meta":{"footnotes":""},"class_list":["post-12056","page","type-page","status-publish","hentry"],"aioseo_notices":[],"rttpg_featured_image_url":null,"rttpg_author":{"display_name":"kreso","author_link":"https:\/\/tzcitluk.ba\/fr\/author\/kreso\/"},"rttpg_comment":0,"rttpg_category":" <a href=\"https:\/\/tzcitluk.ba\/fr\/?taxonomy=translation_priority&#038;term=facultatif\" rel=\"tag\">Facultatif<\/a>","rttpg_excerpt":"La paroisse de Gradni\u0107i La paroisse de Gradni\u0107i \u2013 aujourd\u2019hui une petite paroisse de Brotnjo, autrefois vaste par son territoire et sa population. Gradni\u0107i est le berceau de toutes les autres paroisses de Brotnjo. La paroisse de Gradni\u0107i est la plus ancienne paroisse de Brotnjo et l\u2019une des plus anciennes en Herz\u00e9govine. Elle abrite la...","_links":{"self":[{"href":"https:\/\/tzcitluk.ba\/fr\/wp-json\/wp\/v2\/pages\/12056"}],"collection":[{"href":"https:\/\/tzcitluk.ba\/fr\/wp-json\/wp\/v2\/pages"}],"about":[{"href":"https:\/\/tzcitluk.ba\/fr\/wp-json\/wp\/v2\/types\/page"}],"author":[{"embeddable":true,"href":"https:\/\/tzcitluk.ba\/fr\/wp-json\/wp\/v2\/users\/2"}],"replies":[{"embeddable":true,"href":"https:\/\/tzcitluk.ba\/fr\/wp-json\/wp\/v2\/comments?post=12056"}],"version-history":[{"count":6,"href":"https:\/\/tzcitluk.ba\/fr\/wp-json\/wp\/v2\/pages\/12056\/revisions"}],"predecessor-version":[{"id":14394,"href":"https:\/\/tzcitluk.ba\/fr\/wp-json\/wp\/v2\/pages\/12056\/revisions\/14394"}],"wp:attachment":[{"href":"https:\/\/tzcitluk.ba\/fr\/wp-json\/wp\/v2\/media?parent=12056"}],"curies":[{"name":"wp","href":"https:\/\/api.w.org\/{rel}","templated":true}]}}