{"id":12159,"date":"2023-10-25T15:56:36","date_gmt":"2023-10-25T13:56:36","guid":{"rendered":"https:\/\/tzcitluk.ba\/kontakt\/"},"modified":"2025-01-08T16:24:45","modified_gmt":"2025-01-08T15:24:45","slug":"contact","status":"publish","type":"page","link":"https:\/\/tzcitluk.ba\/fr\/contact\/","title":{"rendered":"Contact"},"content":{"rendered":"\t\t<div data-elementor-type=\"wp-page\" data-elementor-id=\"12159\" class=\"elementor elementor-12159 elementor-7617\">\n\t\t\t\t<div class=\"elementor-element elementor-element-5b02e2b e-con-full e-flex e-con e-parent\" data-id=\"5b02e2b\" data-element_type=\"container\" data-e-type=\"container\" data-settings=\"{&quot;background_background&quot;:&quot;classic&quot;}\">\n\t\t<div class=\"elementor-element elementor-element-a36286e e-flex e-con-boxed e-con e-child\" data-id=\"a36286e\" data-element_type=\"container\" data-e-type=\"container\">\n\t\t\t\t\t<div class=\"e-con-inner\">\n\t\t<div class=\"elementor-element elementor-element-c5b8325 e-flex e-con-boxed e-con e-child\" data-id=\"c5b8325\" data-element_type=\"container\" data-e-type=\"container\" data-settings=\"{&quot;background_background&quot;:&quot;classic&quot;}\">\n\t\t\t\t\t<div class=\"e-con-inner\">\n\t\t<div class=\"elementor-element elementor-element-f9be56c e-con-full e-flex e-con e-child\" data-id=\"f9be56c\" data-element_type=\"container\" data-e-type=\"container\">\n\t\t\t\t<div class=\"elementor-element elementor-element-d383d79 elementor-widget elementor-widget-travolocontactbox\" data-id=\"d383d79\" data-element_type=\"widget\" data-e-type=\"widget\" data-widget_type=\"travolocontactbox.default\">\n\t\t\t\t<div class=\"elementor-widget-container\">\n\t\t\t\t\t        <div class=\"contact-box\">\n                            <div class=\"contact-box_icon\">\n                    <i class=\"fas fa-map-marked-alt\"><\/i>\n                <\/div>\n                        \n                            <h3 class=\"contact-box__title h5\">\n                    Adresse                <\/h3>\n            \n                            \n                <p class=\"contact-box__text\">Trg \u017ertava Domovinskog rata 1, 88260<\/p>              \n                    <\/div>\n        \t\t\t\t<\/div>\n\t\t\t\t<\/div>\n\t\t\t\t<\/div>\n\t\t<div class=\"elementor-element elementor-element-2393229 e-con-full e-flex e-con e-child\" data-id=\"2393229\" data-element_type=\"container\" data-e-type=\"container\">\n\t\t\t\t<div class=\"elementor-element elementor-element-553451b elementor-widget elementor-widget-travolocontactbox\" data-id=\"553451b\" data-element_type=\"widget\" data-e-type=\"widget\" data-widget_type=\"travolocontactbox.default\">\n\t\t\t\t<div class=\"elementor-widget-container\">\n\t\t\t\t\t        <div class=\"contact-box\">\n                            <div class=\"contact-box_icon\">\n                    <i class=\"fas fa-address-card\"><\/i>\n                <\/div>\n                        \n                            <h3 class=\"contact-box__title h5\">\n                    Contact                <\/h3>\n            \n                            \n                <ul class=\"contact-box_list\"><li style=\"list-style-type: none\"><ul class=\"contact-box_list\"><li>T\u00e9l\u00e9phone portable: <a href=\"tel:+38763007031\">+387 63 007 031<\/a><\/li><li>T\u00e9l\u00e9phone portable: <a href=\"tel:+38763005213\">+387 63 005 213<\/a><\/li><li>T\u00e9l\u00e9phone: <a href=\"tel:+38736640022\">+387 36 640 022<\/a><\/li><\/ul><\/li><li style=\"list-style-type: none\"><ul class=\"contact-box_list\"><li>E-mail: <a href=\"mailto:info@tzcitluk.ba\">info@tzcitluk.ba<\/a><\/li><li>ID D'identification: 4228169690001<\/li><\/ul><\/li><\/ul>              \n                    <\/div>\n        \t\t\t\t<\/div>\n\t\t\t\t<\/div>\n\t\t\t\t<\/div>\n\t\t<div class=\"elementor-element elementor-element-b4fdc2b e-con-full e-flex e-con e-child\" data-id=\"b4fdc2b\" data-element_type=\"container\" data-e-type=\"container\">\n\t\t\t\t<div class=\"elementor-element elementor-element-c529d2b elementor-widget elementor-widget-travolocontactbox\" data-id=\"c529d2b\" data-element_type=\"widget\" data-e-type=\"widget\" data-widget_type=\"travolocontactbox.default\">\n\t\t\t\t<div class=\"elementor-widget-container\">\n\t\t\t\t\t        <div class=\"contact-box\">\n                            <div class=\"contact-box_icon\">\n                    <i class=\"fas fa-clock\"><\/i>\n                <\/div>\n                        \n                            <h3 class=\"contact-box__title h5\">\n                    Heures d&#039;ouverture                 <\/h3>\n            \n                            \n                <ul class=\"contact-box_list\">\n \t<li>Lundi - Vendredi  8:00h - 16:00h<\/li>\n<\/ul>              \n                    <\/div>\n        \t\t\t\t<\/div>\n\t\t\t\t<\/div>\n\t\t\t\t<\/div>\n\t\t\t\t\t<\/div>\n\t\t\t\t<\/div>\n\t\t\t\t\t<\/div>\n\t\t\t\t<\/div>\n\t\t\t\t<\/div>\n\t\t<div class=\"elementor-element elementor-element-d897d2b e-flex e-con-boxed e-con e-parent\" data-id=\"d897d2b\" data-element_type=\"container\" data-e-type=\"container\" data-settings=\"{&quot;background_background&quot;:&quot;classic&quot;}\">\n\t\t\t\t\t<div class=\"e-con-inner\">\n\t\t<div class=\"elementor-element elementor-element-7fe6a59 e-flex e-con-boxed e-con e-child\" data-id=\"7fe6a59\" data-element_type=\"container\" data-e-type=\"container\">\n\t\t\t\t\t<div class=\"e-con-inner\">\n\t\t\t\t<div class=\"elementor-element elementor-element-3857b7b elementor-widget elementor-widget-travolosectiontitle\" data-id=\"3857b7b\" data-element_type=\"widget\" data-e-type=\"widget\" data-widget_type=\"travolosectiontitle.default\">\n\t\t\t\t<div class=\"elementor-widget-container\">\n\t\t\t\t\t<!-- Section Title --><div class=\"title-area\" ><span class=\"sec-subtitle\">Contact<\/span><h1 class=\"sec-title title-selector\">Contactez-nous<\/h1><p class=\"sec-text\">Si vous avez des questions, veuillez nous contacter<\/p><\/div><!-- End Section Title -->\t\t\t\t<\/div>\n\t\t\t\t<\/div>\n\t\t\t\t\t<\/div>\n\t\t\t\t<\/div>\n\t\t<div class=\"elementor-element elementor-element-7cef427 e-con-full e-flex e-con e-child\" data-id=\"7cef427\" data-element_type=\"container\" data-e-type=\"container\">\n\t\t\t\t<div class=\"elementor-element elementor-element-deffcab elementor-widget elementor-widget-shortcode\" data-id=\"deffcab\" data-element_type=\"widget\" data-e-type=\"widget\" data-widget_type=\"shortcode.default\">\n\t\t\t\t<div class=\"elementor-widget-container\">\n\t\t\t\t\t\t\t<div class=\"elementor-shortcode\">\n<div class=\"wpcf7 no-js\" id=\"wpcf7-f13319-o1\" lang=\"hr\" dir=\"ltr\" data-wpcf7-id=\"13319\">\n<div class=\"screen-reader-response\"><p role=\"status\" aria-live=\"polite\" aria-atomic=\"true\"><\/p> <ul><\/ul><\/div>\n<form action=\"\/fr\/wp-json\/wp\/v2\/pages\/12159#wpcf7-f13319-o1\" method=\"post\" class=\"wpcf7-form init\" aria-label=\"Kontakt obrazac\" novalidate=\"novalidate\" data-status=\"init\">\n<fieldset class=\"hidden-fields-container\"><input type=\"hidden\" name=\"_wpcf7\" value=\"13319\" \/><input type=\"hidden\" name=\"_wpcf7_version\" value=\"6.1.5\" \/><input type=\"hidden\" name=\"_wpcf7_locale\" value=\"hr\" \/><input type=\"hidden\" name=\"_wpcf7_unit_tag\" value=\"wpcf7-f13319-o1\" \/><input type=\"hidden\" name=\"_wpcf7_container_post\" value=\"0\" \/><input type=\"hidden\" name=\"_wpcf7_posted_data_hash\" value=\"\" \/><input type=\"hidden\" name=\"_wpcf7_recaptcha_response\" value=\"\" \/>\n<\/fieldset>\n<div class=\"row justify-content-center\">\n  <div class=\"col-md-6 form-group\">\n    <span class=\"wpcf7-form-control-wrap\" data-name=\"fname\"><input size=\"40\" maxlength=\"400\" class=\"wpcf7-form-control wpcf7-text wpcf7-validates-as-required\" aria-required=\"true\" aria-invalid=\"false\" placeholder=\"Entrez votre pr\u00e9nom\" value=\"\" type=\"text\" name=\"fname\" \/><\/span>\n  <\/div>\n  <div class=\"col-md-6 form-group\">\n    <span class=\"wpcf7-form-control-wrap\" data-name=\"lname\"><input size=\"40\" maxlength=\"400\" class=\"wpcf7-form-control wpcf7-text wpcf7-validates-as-required\" aria-required=\"true\" aria-invalid=\"false\" placeholder=\"Entrez votre nom de famille\" value=\"\" type=\"text\" name=\"lname\" \/><\/span>\n  <\/div>\n  <div class=\"col-md-6 form-group\">\n    <span class=\"wpcf7-form-control-wrap\" data-name=\"email\"><input size=\"40\" maxlength=\"400\" class=\"wpcf7-form-control wpcf7-email wpcf7-validates-as-required wpcf7-text wpcf7-validates-as-email\" aria-required=\"true\" aria-invalid=\"false\" placeholder=\"Votre email\" value=\"\" type=\"email\" name=\"email\" \/><\/span>\n  <\/div>\n  <div class=\"col-md-6 form-group\">\n    <span class=\"wpcf7-form-control-wrap\" data-name=\"number\"><input size=\"40\" maxlength=\"400\" class=\"wpcf7-form-control wpcf7-tel wpcf7-text wpcf7-validates-as-tel\" aria-invalid=\"false\" placeholder=\"Votre num\u00e9ro de t\u00e9l\u00e9phone mobile\" value=\"\" type=\"tel\" name=\"number\" \/><\/span>\n  <\/div>\n  <div class=\"form-group col-12\">\n    <span class=\"wpcf7-form-control-wrap\" data-name=\"message\"><textarea cols=\"40\" rows=\"10\" maxlength=\"2000\" class=\"wpcf7-form-control wpcf7-textarea wpcf7-validates-as-required\" aria-required=\"true\" aria-invalid=\"false\" placeholder=\"Votre message\" name=\"message\"><\/textarea><\/span>\n  <\/div>\n  <div class=\"col-md-auto\">\n    <button type=\"submit\" class=\"vs-btn style4\">Envoyer<\/button>\n  <\/div>\n<\/div><div class=\"wpcf7-response-output\" aria-hidden=\"true\"><\/div>\n<\/form>\n<\/div>\n<\/div>\n\t\t\t\t\t\t<\/div>\n\t\t\t\t<\/div>\n\t\t\t\t<\/div>\n\t\t\t\t\t<\/div>\n\t\t\t\t<\/div>\n\t\t<div class=\"elementor-element elementor-element-effc1a8 e-con-full e-flex e-con e-parent\" data-id=\"effc1a8\" data-element_type=\"container\" data-e-type=\"container\">\n\t\t\t\t<div class=\"elementor-element elementor-element-4cef073 elementor-widget elementor-widget-wte-map\" data-id=\"4cef073\" data-element_type=\"widget\" data-e-type=\"widget\" data-widget_type=\"wte-map.default\">\n\t\t\t\t<div class=\"elementor-widget-container\">\n\t\t\t\t\t<div id=\"wte-map\" class=\"post-data\">\n\t\t<div class=\"content\">\n\t\t\t\t\t<div class=\"trip-map iframe\">\n\t\t\t\t<iframe loading=\"lazy\" title=\"Trg \u017ertava Domovinskog rata 1, \u010citluk\" aria-label='Trg \u017ertava Domovinskog rata 1, \u010citluk' src=\"https:\/\/maps.google.com\/maps?q=Trg \u017ertava Domovinskog rata 1, \u010citluk&amp;t=m&amp;output=embed&amp;iwloc=near\" height=\"450\"><\/iframe>\t\t\t<\/div>\n\t\t\t\t<\/div>\n<\/div>\n\t\t\t\t<\/div>\n\t\t\t\t<\/div>\n\t\t\t\t<\/div>\n\t\t\t\t<\/div>\n\t\t","protected":false},"excerpt":{"rendered":"<p>Adresse Trg \u017ertava Domovinskog rata 1, 88260 Contact T\u00e9l\u00e9phone portable: +387 63 007 031 T\u00e9l\u00e9phone portable: +387 63 005 213 T\u00e9l\u00e9phone: +387 36 640 022 E-mail: info@tzcitluk.ba ID D&#8217;identification: 4228169690001 Heures d&#8217;ouverture Lundi &#8211; Vendredi 8:00h &#8211; 16:00h Contact Contactez-nous Si vous avez des questions, veuillez nous contacter<\/p>\n","protected":false},"author":7,"featured_media":0,"parent":0,"menu_order":0,"comment_status":"closed","ping_status":"closed","template":"template-builder.php","meta":{"footnotes":""},"class_list":["post-12159","page","type-page","status-publish","hentry"],"aioseo_notices":[],"rttpg_featured_image_url":null,"rttpg_author":{"display_name":"Karlo","author_link":"https:\/\/tzcitluk.ba\/fr\/author\/karlo\/"},"rttpg_comment":0,"rttpg_category":" <a href=\"https:\/\/tzcitluk.ba\/fr\/?taxonomy=translation_priority&#038;term=facultatif\" rel=\"tag\">Facultatif<\/a>","rttpg_excerpt":"Adresse Trg \u017ertava Domovinskog rata 1, 88260 Contact T\u00e9l\u00e9phone portable: +387 63 007 031 T\u00e9l\u00e9phone portable: +387 63 005 213 T\u00e9l\u00e9phone: +387 36 640 022 E-mail: info@tzcitluk.ba ID D&#8217;identification: 4228169690001 Heures d&#8217;ouverture Lundi &#8211; Vendredi 8:00h &#8211; 16:00h Contact Contactez-nous Si vous avez des questions, veuillez nous contacter","_links":{"self":[{"href":"https:\/\/tzcitluk.ba\/fr\/wp-json\/wp\/v2\/pages\/12159","targetHints":{"allow":["GET"]}}],"collection":[{"href":"https:\/\/tzcitluk.ba\/fr\/wp-json\/wp\/v2\/pages"}],"about":[{"href":"https:\/\/tzcitluk.ba\/fr\/wp-json\/wp\/v2\/types\/page"}],"author":[{"embeddable":true,"href":"https:\/\/tzcitluk.ba\/fr\/wp-json\/wp\/v2\/users\/7"}],"replies":[{"embeddable":true,"href":"https:\/\/tzcitluk.ba\/fr\/wp-json\/wp\/v2\/comments?post=12159"}],"version-history":[{"count":11,"href":"https:\/\/tzcitluk.ba\/fr\/wp-json\/wp\/v2\/pages\/12159\/revisions"}],"predecessor-version":[{"id":14302,"href":"https:\/\/tzcitluk.ba\/fr\/wp-json\/wp\/v2\/pages\/12159\/revisions\/14302"}],"wp:attachment":[{"href":"https:\/\/tzcitluk.ba\/fr\/wp-json\/wp\/v2\/media?parent=12159"}],"curies":[{"name":"wp","href":"https:\/\/api.w.org\/{rel}","templated":true}]}}