{"id":12181,"date":"2024-11-14T16:56:44","date_gmt":"2024-11-14T15:56:44","guid":{"rendered":"https:\/\/tzcitluk.ba\/podbrdo\/"},"modified":"2025-01-08T17:07:36","modified_gmt":"2025-01-08T16:07:36","slug":"podbrdo","status":"publish","type":"page","link":"https:\/\/tzcitluk.ba\/fr\/podbrdo\/","title":{"rendered":"Podbrdo"},"content":{"rendered":"\t\t<div data-elementor-type=\"wp-page\" data-elementor-id=\"12181\" class=\"elementor elementor-12181 elementor-7982\">\n\t\t\t\t<div class=\"elementor-element elementor-element-91adfb6 e-flex e-con-boxed e-con e-parent\" data-id=\"91adfb6\" data-element_type=\"container\" data-e-type=\"container\">\n\t\t\t\t\t<div class=\"e-con-inner\">\n\t\t\t\t<div class=\"elementor-element elementor-element-4d7c6e9 elementor-widget elementor-widget-heading\" data-id=\"4d7c6e9\" data-element_type=\"widget\" data-e-type=\"widget\" data-widget_type=\"heading.default\">\n\t\t\t\t<div class=\"elementor-widget-container\">\n\t\t\t\t\t<h2 class=\"elementor-heading-title elementor-size-default\">Podbrdo<\/h2>\t\t\t\t<\/div>\n\t\t\t\t<\/div>\n\t\t\t\t<div class=\"elementor-element elementor-element-f05f440 elementor-widget elementor-widget-text-editor\" data-id=\"f05f440\" data-element_type=\"widget\" data-e-type=\"widget\" data-widget_type=\"text-editor.default\">\n\t\t\t\t<div class=\"elementor-widget-container\">\n\t\t\t\t\t\t\t\t\t<p>La colline des Apparitions se situe au-dessus du hameau de Podbrdo, dans le village de Bijakovi\u0107i, paroisse de Me\u0111ugorje. Un chemin pav\u00e9, bord\u00e9 des myst\u00e8res du Rosaire, m\u00e8ne jusqu\u2019au lieu des premi\u00e8res apparitions. En face du deuxi\u00e8me myst\u00e8re joyeux, se dresse une grande croix et la premi\u00e8re message que la Vierge Marie a donn\u00e9e le troisi\u00e8me jour de l\u2019apparition, le 26 juin 1981 \u2014 un message de paix ! Apr\u00e8s le cinqui\u00e8me myst\u00e8re joyeux, le chemin \u00e0 droite m\u00e8ne \u00e0 la statue de la Vierge Marie, install\u00e9e en 2001. C\u2019est ici que la Vierge Marie est apparue pour la premi\u00e8re fois le 25 juin 1981. Ce jour-l\u00e0, six jeunes : Vicka Ivankovi\u0107, Marija Pavlovi\u0107, Ivanka Ivankovi\u0107, Mirjana Dragi\u010devi\u0107, Ivan Dragi\u010devi\u0107 et Jakov \u010colo, ont vu la Vierge. Ils ont pri\u00e9 et discut\u00e9 avec elle. Malgr\u00e9 l&#8217;opposition initiale du r\u00e9gime yougoslave-communiste, cet endroit est devenu un lieu de pri\u00e8re et de paix. Des p\u00e8lerins venant de tous les coins du monde se rassemblent ici pour prier l&#8217;intercession de la Reine de la Paix.<\/p>\t\t\t\t\t\t\t\t<\/div>\n\t\t\t\t<\/div>\n\t\t\t\t<div class=\"elementor-element elementor-element-afa8525 elementor-arrows-position-inside elementor-widget elementor-widget-image-carousel\" data-id=\"afa8525\" data-element_type=\"widget\" data-e-type=\"widget\" data-settings=\"{&quot;navigation&quot;:&quot;arrows&quot;,&quot;autoplay_speed&quot;:2000,&quot;image_spacing_custom&quot;:{&quot;unit&quot;:&quot;px&quot;,&quot;size&quot;:5,&quot;sizes&quot;:[]},&quot;autoplay&quot;:&quot;yes&quot;,&quot;pause_on_hover&quot;:&quot;yes&quot;,&quot;pause_on_interaction&quot;:&quot;yes&quot;,&quot;infinite&quot;:&quot;yes&quot;,&quot;speed&quot;:500,&quot;image_spacing_custom_tablet&quot;:{&quot;unit&quot;:&quot;px&quot;,&quot;size&quot;:&quot;&quot;,&quot;sizes&quot;:[]},&quot;image_spacing_custom_mobile&quot;:{&quot;unit&quot;:&quot;px&quot;,&quot;size&quot;:&quot;&quot;,&quot;sizes&quot;:[]}}\" data-widget_type=\"image-carousel.default\">\n\t\t\t\t<div class=\"elementor-widget-container\">\n\t\t\t\t\t\t\t<div class=\"elementor-image-carousel-wrapper swiper\" role=\"region\" aria-roledescription=\"carousel\" aria-label=\"Carrousel d\u2019images\" dir=\"ltr\">\n\t\t\t<div class=\"elementor-image-carousel swiper-wrapper\" aria-live=\"off\">\n\t\t\t\t\t\t\t\t<div class=\"swiper-slide\" role=\"group\" aria-roledescription=\"slide\" aria-label=\"1 sur 11\"><a data-elementor-open-lightbox=\"yes\" data-elementor-lightbox-slideshow=\"afa8525\" data-elementor-lightbox-title=\"DSC_4499\" data-e-action-hash=\"#elementor-action%3Aaction%3Dlightbox%26settings%3DeyJpZCI6ODEyMiwidXJsIjoiaHR0cHM6XC9cL3R6Y2l0bHVrLmJhXC93cC1jb250ZW50XC91cGxvYWRzXC8yMDI0XC8xMVwvRFNDXzQ0OTkuanBnIiwic2xpZGVzaG93IjoiYWZhODUyNSJ9\" href=\"https:\/\/tzcitluk.ba\/wp-content\/uploads\/2024\/11\/DSC_4499.jpg\"><figure class=\"swiper-slide-inner\"><img decoding=\"async\" class=\"swiper-slide-image\" src=\"https:\/\/tzcitluk.ba\/wp-content\/uploads\/elementor\/thumbs\/DSC_4499-qx8k92kir5ip0ajvak4i0wvhncw3otcegrodbzyczg.jpg\" alt=\"DSC_4499\" \/><\/figure><\/a><\/div><div class=\"swiper-slide\" role=\"group\" aria-roledescription=\"slide\" aria-label=\"2 sur 11\"><a data-elementor-open-lightbox=\"yes\" data-elementor-lightbox-slideshow=\"afa8525\" data-elementor-lightbox-title=\"DSC_5950\" data-e-action-hash=\"#elementor-action%3Aaction%3Dlightbox%26settings%3DeyJpZCI6ODEyMywidXJsIjoiaHR0cHM6XC9cL3R6Y2l0bHVrLmJhXC93cC1jb250ZW50XC91cGxvYWRzXC8yMDI0XC8xMVwvRFNDXzU5NTAuanBnIiwic2xpZGVzaG93IjoiYWZhODUyNSJ9\" href=\"https:\/\/tzcitluk.ba\/wp-content\/uploads\/2024\/11\/DSC_5950.jpg\"><figure class=\"swiper-slide-inner\"><img decoding=\"async\" class=\"swiper-slide-image\" src=\"https:\/\/tzcitluk.ba\/wp-content\/uploads\/elementor\/thumbs\/DSC_5950-qx8k94g74tl9nih4zkxr5weeu4mu47jv50zcajvkn0.jpg\" alt=\"DSC_5950\" \/><\/figure><\/a><\/div><div class=\"swiper-slide\" role=\"group\" aria-roledescription=\"slide\" aria-label=\"3 sur 11\"><a data-elementor-open-lightbox=\"yes\" data-elementor-lightbox-slideshow=\"afa8525\" data-elementor-lightbox-title=\"DSC_5957\" data-e-action-hash=\"#elementor-action%3Aaction%3Dlightbox%26settings%3DeyJpZCI6ODEyNCwidXJsIjoiaHR0cHM6XC9cL3R6Y2l0bHVrLmJhXC93cC1jb250ZW50XC91cGxvYWRzXC8yMDI0XC8xMVwvRFNDXzU5NTcuanBnIiwic2xpZGVzaG93IjoiYWZhODUyNSJ9\" href=\"https:\/\/tzcitluk.ba\/wp-content\/uploads\/2024\/11\/DSC_5957.jpg\"><figure class=\"swiper-slide-inner\"><img decoding=\"async\" class=\"swiper-slide-image\" src=\"https:\/\/tzcitluk.ba\/wp-content\/uploads\/elementor\/thumbs\/DSC_5957-qx8k96bvihnuaqeeolr0avxc0wdkjlrbtaab93ssak.jpg\" alt=\"DSC_5957\" \/><\/figure><\/a><\/div><div class=\"swiper-slide\" role=\"group\" aria-roledescription=\"slide\" aria-label=\"4 sur 11\"><a data-elementor-open-lightbox=\"yes\" data-elementor-lightbox-slideshow=\"afa8525\" data-elementor-lightbox-title=\"DSC_6168\" data-e-action-hash=\"#elementor-action%3Aaction%3Dlightbox%26settings%3DeyJpZCI6ODEyNSwidXJsIjoiaHR0cHM6XC9cL3R6Y2l0bHVrLmJhXC93cC1jb250ZW50XC91cGxvYWRzXC8yMDI0XC8xMVwvRFNDXzYxNjgtMS5qcGciLCJzbGlkZXNob3ciOiJhZmE4NTI1In0%3D\" href=\"https:\/\/tzcitluk.ba\/wp-content\/uploads\/2024\/11\/DSC_6168-1.jpg\"><figure class=\"swiper-slide-inner\"><img decoding=\"async\" class=\"swiper-slide-image\" src=\"https:\/\/tzcitluk.ba\/wp-content\/uploads\/elementor\/thumbs\/DSC_6168-1-qx8k987jw5qexybodmk9fvg97o4ayzyshjla7npzy4.jpg\" alt=\"DSC_6168\" \/><\/figure><\/a><\/div><div class=\"swiper-slide\" role=\"group\" aria-roledescription=\"slide\" aria-label=\"5 sur 11\"><a data-elementor-open-lightbox=\"yes\" data-elementor-lightbox-slideshow=\"afa8525\" data-elementor-lightbox-title=\"DSC_6191\" data-e-action-hash=\"#elementor-action%3Aaction%3Dlightbox%26settings%3DeyJpZCI6ODEyNiwidXJsIjoiaHR0cHM6XC9cL3R6Y2l0bHVrLmJhXC93cC1jb250ZW50XC91cGxvYWRzXC8yMDI0XC8xMVwvRFNDXzYxOTEuanBnIiwic2xpZGVzaG93IjoiYWZhODUyNSJ9\" href=\"https:\/\/tzcitluk.ba\/wp-content\/uploads\/2024\/11\/DSC_6191.jpg\"><figure class=\"swiper-slide-inner\"><img decoding=\"async\" class=\"swiper-slide-image\" src=\"https:\/\/tzcitluk.ba\/wp-content\/uploads\/elementor\/thumbs\/DSC_6191-qx8k995e2zrp9kab84yw0d7pt1zo6p2ito8roxolrw.jpg\" alt=\"DSC_6191\" \/><\/figure><\/a><\/div><div class=\"swiper-slide\" role=\"group\" aria-roledescription=\"slide\" aria-label=\"6 sur 11\"><a data-elementor-open-lightbox=\"yes\" data-elementor-lightbox-slideshow=\"afa8525\" data-elementor-lightbox-title=\"DSC_7925\" data-e-action-hash=\"#elementor-action%3Aaction%3Dlightbox%26settings%3DeyJpZCI6ODEyNywidXJsIjoiaHR0cHM6XC9cL3R6Y2l0bHVrLmJhXC93cC1jb250ZW50XC91cGxvYWRzXC8yMDI0XC8xMVwvRFNDXzc5MjUuanBnIiwic2xpZGVzaG93IjoiYWZhODUyNSJ9\" href=\"https:\/\/tzcitluk.ba\/wp-content\/uploads\/2024\/11\/DSC_7925.jpg\"><figure class=\"swiper-slide-inner\"><img decoding=\"async\" class=\"swiper-slide-image\" src=\"https:\/\/tzcitluk.ba\/wp-content\/uploads\/elementor\/thumbs\/DSC_7925-qx8k9b12gnu9ws7kx5s55cqmztqem39zhxjqnhltfg.jpg\" alt=\"DSC_7925\" \/><\/figure><\/a><\/div><div class=\"swiper-slide\" role=\"group\" aria-roledescription=\"slide\" aria-label=\"7 sur 11\"><a data-elementor-open-lightbox=\"yes\" data-elementor-lightbox-slideshow=\"afa8525\" data-elementor-lightbox-title=\"DSC_8810\" data-e-action-hash=\"#elementor-action%3Aaction%3Dlightbox%26settings%3DeyJpZCI6ODEyOCwidXJsIjoiaHR0cHM6XC9cL3R6Y2l0bHVrLmJhXC93cC1jb250ZW50XC91cGxvYWRzXC8yMDI0XC8xMVwvRFNDXzg4MTAuanBnIiwic2xpZGVzaG93IjoiYWZhODUyNSJ9\" href=\"https:\/\/tzcitluk.ba\/wp-content\/uploads\/2024\/11\/DSC_8810.jpg\"><figure class=\"swiper-slide-inner\"><img decoding=\"async\" class=\"swiper-slide-image\" src=\"https:\/\/tzcitluk.ba\/wp-content\/uploads\/elementor\/thumbs\/DSC_8810-qx8k9bywnhvk8e67ro6rpui3l7lrtsdpu2784rkf98.jpg\" alt=\"DSC_8810\" \/><\/figure><\/a><\/div><div class=\"swiper-slide\" role=\"group\" aria-roledescription=\"slide\" aria-label=\"8 sur 11\"><a data-elementor-open-lightbox=\"yes\" data-elementor-lightbox-slideshow=\"afa8525\" data-elementor-lightbox-title=\"DSC_8811\" data-e-action-hash=\"#elementor-action%3Aaction%3Dlightbox%26settings%3DeyJpZCI6ODEyOSwidXJsIjoiaHR0cHM6XC9cL3R6Y2l0bHVrLmJhXC93cC1jb250ZW50XC91cGxvYWRzXC8yMDI0XC8xMVwvRFNDXzg4MTEuanBnIiwic2xpZGVzaG93IjoiYWZhODUyNSJ9\" href=\"https:\/\/tzcitluk.ba\/wp-content\/uploads\/2024\/11\/DSC_8811.jpg\"><figure class=\"swiper-slide-inner\"><img decoding=\"async\" class=\"swiper-slide-image\" src=\"https:\/\/tzcitluk.ba\/wp-content\/uploads\/elementor\/thumbs\/DSC_8811-qx8k9dul15y4vm3hgp00uu10rzci96l6ibi73bhmws.jpg\" alt=\"DSC_8811\" \/><\/figure><\/a><\/div><div class=\"swiper-slide\" role=\"group\" aria-roledescription=\"slide\" aria-label=\"9 sur 11\"><a data-elementor-open-lightbox=\"yes\" data-elementor-lightbox-slideshow=\"afa8525\" data-elementor-lightbox-title=\"DSC_8813 (2)\" data-e-action-hash=\"#elementor-action%3Aaction%3Dlightbox%26settings%3DeyJpZCI6ODEzMCwidXJsIjoiaHR0cHM6XC9cL3R6Y2l0bHVrLmJhXC93cC1jb250ZW50XC91cGxvYWRzXC8yMDI0XC8xMVwvRFNDXzg4MTMtMi5qcGciLCJzbGlkZXNob3ciOiJhZmE4NTI1In0%3D\" href=\"https:\/\/tzcitluk.ba\/wp-content\/uploads\/2024\/11\/DSC_8813-2.jpg\"><figure class=\"swiper-slide-inner\"><img decoding=\"async\" class=\"swiper-slide-image\" src=\"https:\/\/tzcitluk.ba\/wp-content\/uploads\/elementor\/thumbs\/DSC_8813-2-qx8k9esf7zzf7824b7enfbshdd7vgvowug5oklg8qk.jpg\" alt=\"DSC_8813 (2)\" \/><\/figure><\/a><\/div><div class=\"swiper-slide\" role=\"group\" aria-roledescription=\"slide\" aria-label=\"10 sur 11\"><a data-elementor-open-lightbox=\"yes\" data-elementor-lightbox-slideshow=\"afa8525\" data-elementor-lightbox-title=\"DSC03323\" data-e-action-hash=\"#elementor-action%3Aaction%3Dlightbox%26settings%3DeyJpZCI6ODEzMSwidXJsIjoiaHR0cHM6XC9cL3R6Y2l0bHVrLmJhXC93cC1jb250ZW50XC91cGxvYWRzXC8yMDI0XC8xMVwvRFNDMDMzMjMuanBnIiwic2xpZGVzaG93IjoiYWZhODUyNSJ9\" href=\"https:\/\/tzcitluk.ba\/wp-content\/uploads\/2024\/11\/DSC03323.jpg\"><figure class=\"swiper-slide-inner\"><img decoding=\"async\" class=\"swiper-slide-image\" src=\"https:\/\/tzcitluk.ba\/wp-content\/uploads\/elementor\/thumbs\/DSC03323-qx8k9go3lo1zufze087wkbbek4ylw9wdipgnj5dge4.jpg\" alt=\"DSC03323\" \/><\/figure><\/a><\/div><div class=\"swiper-slide\" role=\"group\" aria-roledescription=\"slide\" aria-label=\"11 sur 11\"><a data-elementor-open-lightbox=\"yes\" data-elementor-lightbox-slideshow=\"afa8525\" data-elementor-lightbox-title=\"DSC03672\" data-e-action-hash=\"#elementor-action%3Aaction%3Dlightbox%26settings%3DeyJpZCI6ODEzMiwidXJsIjoiaHR0cHM6XC9cL3R6Y2l0bHVrLmJhXC93cC1jb250ZW50XC91cGxvYWRzXC8yMDI0XC8xMVwvRFNDMDM2NzIuanBnIiwic2xpZGVzaG93IjoiYWZhODUyNSJ9\" href=\"https:\/\/tzcitluk.ba\/wp-content\/uploads\/2024\/11\/DSC03672.jpg\"><figure class=\"swiper-slide-inner\"><img decoding=\"async\" class=\"swiper-slide-image\" src=\"https:\/\/tzcitluk.ba\/wp-content\/uploads\/elementor\/thumbs\/DSC03672-qx8k9hlxsi3a61y0uqmj4t2v5itz3z03uu450fc27w.jpg\" alt=\"DSC03672\" \/><\/figure><\/a><\/div>\t\t\t<\/div>\n\t\t\t\t\t\t\t\t\t\t\t\t<div class=\"elementor-swiper-button elementor-swiper-button-prev\" role=\"button\" tabindex=\"0\">\n\t\t\t\t\t\t<svg aria-hidden=\"true\" class=\"e-font-icon-svg e-eicon-chevron-left\" viewBox=\"0 0 1000 1000\" xmlns=\"http:\/\/www.w3.org\/2000\/svg\"><path d=\"M646 125C629 125 613 133 604 142L308 442C296 454 292 471 292 487 292 504 296 521 308 533L604 854C617 867 629 875 646 875 663 875 679 871 692 858 704 846 713 829 713 812 713 796 708 779 692 767L438 487 692 225C700 217 708 204 708 187 708 171 704 154 692 142 675 129 663 125 646 125Z\"><\/path><\/svg>\t\t\t\t\t<\/div>\n\t\t\t\t\t<div class=\"elementor-swiper-button elementor-swiper-button-next\" role=\"button\" tabindex=\"0\">\n\t\t\t\t\t\t<svg aria-hidden=\"true\" class=\"e-font-icon-svg e-eicon-chevron-right\" viewBox=\"0 0 1000 1000\" xmlns=\"http:\/\/www.w3.org\/2000\/svg\"><path d=\"M696 533C708 521 713 504 713 487 713 471 708 454 696 446L400 146C388 133 375 125 354 125 338 125 325 129 313 142 300 154 292 171 292 187 292 204 296 221 308 233L563 492 304 771C292 783 288 800 288 817 288 833 296 850 308 863 321 871 338 875 354 875 371 875 388 867 400 854L696 533Z\"><\/path><\/svg>\t\t\t\t\t<\/div>\n\t\t\t\t\n\t\t\t\t\t\t\t\t\t<\/div>\n\t\t\t\t\t\t<\/div>\n\t\t\t\t<\/div>\n\t\t\t\t\t<\/div>\n\t\t\t\t<\/div>\n\t\t<div class=\"elementor-element elementor-element-9b662a7 e-flex e-con-boxed e-con e-parent\" data-id=\"9b662a7\" data-element_type=\"container\" data-e-type=\"container\">\n\t\t\t\t\t<div class=\"e-con-inner\">\n\t\t\t\t\t<\/div>\n\t\t\t\t<\/div>\n\t\t\t\t<\/div>\n\t\t","protected":false},"excerpt":{"rendered":"<p>Podbrdo La colline des Apparitions se situe au-dessus du hameau de Podbrdo, dans le village de Bijakovi\u0107i, paroisse de Me\u0111ugorje. Un chemin pav\u00e9, bord\u00e9 des myst\u00e8res du Rosaire, m\u00e8ne jusqu\u2019au lieu des premi\u00e8res apparitions. En face du deuxi\u00e8me myst\u00e8re joyeux, se dresse une grande croix et la premi\u00e8re message que la Vierge Marie a donn\u00e9e&#8230;<\/p>\n","protected":false},"author":2,"featured_media":0,"parent":0,"menu_order":0,"comment_status":"closed","ping_status":"closed","template":"","meta":{"footnotes":""},"class_list":["post-12181","page","type-page","status-publish","hentry"],"aioseo_notices":[],"rttpg_featured_image_url":null,"rttpg_author":{"display_name":"kreso","author_link":"https:\/\/tzcitluk.ba\/fr\/author\/kreso\/"},"rttpg_comment":0,"rttpg_category":" <a href=\"https:\/\/tzcitluk.ba\/fr\/?taxonomy=translation_priority&#038;term=facultatif\" rel=\"tag\">Facultatif<\/a>","rttpg_excerpt":"Podbrdo La colline des Apparitions se situe au-dessus du hameau de Podbrdo, dans le village de Bijakovi\u0107i, paroisse de Me\u0111ugorje. Un chemin pav\u00e9, bord\u00e9 des myst\u00e8res du Rosaire, m\u00e8ne jusqu\u2019au lieu des premi\u00e8res apparitions. En face du deuxi\u00e8me myst\u00e8re joyeux, se dresse une grande croix et la premi\u00e8re message que la Vierge Marie a donn\u00e9e...","_links":{"self":[{"href":"https:\/\/tzcitluk.ba\/fr\/wp-json\/wp\/v2\/pages\/12181","targetHints":{"allow":["GET"]}}],"collection":[{"href":"https:\/\/tzcitluk.ba\/fr\/wp-json\/wp\/v2\/pages"}],"about":[{"href":"https:\/\/tzcitluk.ba\/fr\/wp-json\/wp\/v2\/types\/page"}],"author":[{"embeddable":true,"href":"https:\/\/tzcitluk.ba\/fr\/wp-json\/wp\/v2\/users\/2"}],"replies":[{"embeddable":true,"href":"https:\/\/tzcitluk.ba\/fr\/wp-json\/wp\/v2\/comments?post=12181"}],"version-history":[{"count":4,"href":"https:\/\/tzcitluk.ba\/fr\/wp-json\/wp\/v2\/pages\/12181\/revisions"}],"predecessor-version":[{"id":14344,"href":"https:\/\/tzcitluk.ba\/fr\/wp-json\/wp\/v2\/pages\/12181\/revisions\/14344"}],"wp:attachment":[{"href":"https:\/\/tzcitluk.ba\/fr\/wp-json\/wp\/v2\/media?parent=12181"}],"curies":[{"name":"wp","href":"https:\/\/api.w.org\/{rel}","templated":true}]}}