{"id":12466,"date":"2024-11-11T16:41:37","date_gmt":"2024-11-11T15:41:37","guid":{"rendered":"https:\/\/tzcitluk.ba\/zupa-cerin\/"},"modified":"2025-01-08T17:41:01","modified_gmt":"2025-01-08T16:41:01","slug":"parrocchia-di-cerin","status":"publish","type":"page","link":"https:\/\/tzcitluk.ba\/it\/parrocchia-di-cerin\/","title":{"rendered":"Parrocchia di \u010cerin"},"content":{"rendered":"\t\t<div data-elementor-type=\"wp-page\" data-elementor-id=\"12466\" class=\"elementor elementor-12466 elementor-7723\">\n\t\t\t\t<div class=\"elementor-element elementor-element-713c7cc e-flex e-con-boxed e-con e-parent\" data-id=\"713c7cc\" data-element_type=\"container\" data-e-type=\"container\">\n\t\t\t\t\t<div class=\"e-con-inner\">\n\t\t\t\t<div class=\"elementor-element elementor-element-0c08b31 elementor-widget elementor-widget-heading\" data-id=\"0c08b31\" data-element_type=\"widget\" data-e-type=\"widget\" data-widget_type=\"heading.default\">\n\t\t\t\t<div class=\"elementor-widget-container\">\n\t\t\t\t\t<h3 class=\"elementor-heading-title elementor-size-default\">Parrocchia di \u010cerin <\/h3>\t\t\t\t<\/div>\n\t\t\t\t<\/div>\n\t\t\t\t<div class=\"elementor-element elementor-element-e30b090 elementor-widget elementor-widget-spacer\" data-id=\"e30b090\" data-element_type=\"widget\" data-e-type=\"widget\" data-widget_type=\"spacer.default\">\n\t\t\t\t<div class=\"elementor-widget-container\">\n\t\t\t\t\t\t\t<div class=\"elementor-spacer\">\n\t\t\t<div class=\"elementor-spacer-inner\"><\/div>\n\t\t<\/div>\n\t\t\t\t\t\t<\/div>\n\t\t\t\t<\/div>\n\t\t\t\t<div class=\"elementor-element elementor-element-4c601a0 elementor-widget elementor-widget-text-editor\" data-id=\"4c601a0\" data-element_type=\"widget\" data-e-type=\"widget\" data-widget_type=\"text-editor.default\">\n\t\t\t\t<div class=\"elementor-widget-container\">\n\t\t\t\t\t\t\t\t\t<p>A nord-ovest del Comune di \u010citluk si estende la Parrocchia di \u010cerin, composta da dieci localit\u00e0: \u010cerin, \u010cali\u0107i, Dragi\u0107ina, Gornji e Donji Hamzi\u0107i, Gornji Veliki Ogra\u0111enik, Gornji Mali Ogra\u0111enik, Donji Veliki Ogra\u0111enik, Donji Mali Ogra\u0111enik e Donja Blatnica. In questi dieci villaggi vivono circa 4.000 abitanti. Il patrono della parrocchia, fondata nel 1864 e una delle pi\u00f9 antiche dell\u2019Erzegovina, \u00e8 Santo Stefano Protomartire.\u00a0\u00a0<\/p><p>La chiesa parrocchiale inizi\u00f2 a essere costruita nel 1880, sul sito di una chiesa precedente (e forse anche di un monastero) che venne probabilmente distrutta dai Turchi nel 1668. La chiesa di Santo Stefano Protomartire si trova su una collina di \u010cerin, da cui si gode una vista sul vasto campo di Bro\u0107anac. \u00c8 circondata da querce secolari ed \u00e8 considerata una delle chiese pi\u00f9 belle dell&#8217;Erzegovina. Inoltre, nei pressi della chiesa si erge un maestoso monumento in memoria dei croati caduti durante le due guerre mondiali, il dopoguerra e la guerra d\u2019indipendenza croata.\u00a0\u00a0<\/p><p>Leggenda sulla costruzione della chiesa di \u010cerin<\/p><p>&#8220;L\u2019amministrazione della custodia affid\u00f2 a fra Marijan Mileti\u0107 l&#8217;incarico di costruire la chiesa. Nel 1863, egli decise di esplorare il territorio per trovare un luogo adatto alla nuova cappella. Il problema principale era trovare un terreno non di propriet\u00e0 di un turco, poich\u00e9 questi si rifiutavano categoricamente di vendere la terra ai frati, indipendentemente dall&#8217;offerta economica. Durante le sue ricerche, fra Marijan scopr\u00ec vicino alla sorgente di \u010cerin una collina che non apparteneva a nessuno.\u00a0\u00a0<\/p><p>Consultandosi con persone esperte, venne a sapere che i Turchi sostenevano che anche tali terreni appartenessero a chi ne era confinante. A quel punto, come riportato da fra Andrija Niki\u0107 basandosi sulle note di fra Duje Ostoji\u0107, fra Marijan si stabil\u00ec presso la famiglia di Ivan Martinec. Poco dopo convoc\u00f2 alcune persone fidate per preparare pietre, legno e paglia. Quando cal\u00f2 la notte, costruirono un piccolo rifugio con un muro a secco e lo coprirono con paglia. Prepararono un focolare con argilla e accesero un fuoco, in modo che il tetto e i muri annerissero rapidamente.\u00a0\u00a0<\/p><p>Il padrone turco, che rivendicava la collina, not\u00f2 il fuoco e si rec\u00f2 sul posto. Vide il rifugio e fra Marijan con i suoi aiutanti. Il giorno successivo denunci\u00f2 l\u2019accaduto in tribunale. Gli ispettori inviati sul luogo constatarono che la casa sembrava gi\u00e0 vecchia, con il tetto annerito e il focolare invecchiato. Secondo la legge turca, non era possibile demolire un edificio gi\u00e0 \u201cesistente\u201d. L\u2019ag\u00e0 protest\u00f2 di nuovo, ma quando gli chiesero i documenti di propriet\u00e0, che egli non possedeva, gli esperti dichiararono la collina propriet\u00e0 della Chiesa.&#8221;<\/p>\t\t\t\t\t\t\t\t<\/div>\n\t\t\t\t<\/div>\n\t\t\t\t<div class=\"elementor-element elementor-element-680e0ba elementor-icon-list--layout-inline elementor-align-start elementor-list-item-link-full_width elementor-widget elementor-widget-icon-list\" data-id=\"680e0ba\" data-element_type=\"widget\" data-e-type=\"widget\" data-widget_type=\"icon-list.default\">\n\t\t\t\t<div class=\"elementor-widget-container\">\n\t\t\t\t\t\t\t<ul class=\"elementor-icon-list-items elementor-inline-items\">\n\t\t\t\t\t\t\t<li class=\"elementor-icon-list-item elementor-inline-item\">\n\t\t\t\t\t\t\t\t\t\t\t<a href=\"https:\/\/www.zupacerin.info\/nova\/\">\n\n\t\t\t\t\t\t\t\t\t\t\t\t<span class=\"elementor-icon-list-icon\">\n\t\t\t\t\t\t\t<svg aria-hidden=\"true\" class=\"e-font-icon-svg e-fas-globe\" viewBox=\"0 0 496 512\" xmlns=\"http:\/\/www.w3.org\/2000\/svg\"><path d=\"M336.5 160C322 70.7 287.8 8 248 8s-74 62.7-88.5 152h177zM152 256c0 22.2 1.2 43.5 3.3 64h185.3c2.1-20.5 3.3-41.8 3.3-64s-1.2-43.5-3.3-64H155.3c-2.1 20.5-3.3 41.8-3.3 64zm324.7-96c-28.6-67.9-86.5-120.4-158-141.6 24.4 33.8 41.2 84.7 50 141.6h108zM177.2 18.4C105.8 39.6 47.8 92.1 19.3 160h108c8.7-56.9 25.5-107.8 49.9-141.6zM487.4 192H372.7c2.1 21 3.3 42.5 3.3 64s-1.2 43-3.3 64h114.6c5.5-20.5 8.6-41.8 8.6-64s-3.1-43.5-8.5-64zM120 256c0-21.5 1.2-43 3.3-64H8.6C3.2 212.5 0 233.8 0 256s3.2 43.5 8.6 64h114.6c-2-21-3.2-42.5-3.2-64zm39.5 96c14.5 89.3 48.7 152 88.5 152s74-62.7 88.5-152h-177zm159.3 141.6c71.4-21.2 129.4-73.7 158-141.6h-108c-8.8 56.9-25.6 107.8-50 141.6zM19.3 352c28.6 67.9 86.5 120.4 158 141.6-24.4-33.8-41.2-84.7-50-141.6h-108z\"><\/path><\/svg>\t\t\t\t\t\t<\/span>\n\t\t\t\t\t\t\t\t\t\t<span class=\"elementor-icon-list-text\">www.zupacerin.info<\/span>\n\t\t\t\t\t\t\t\t\t\t\t<\/a>\n\t\t\t\t\t\t\t\t\t<\/li>\n\t\t\t\t\t\t<\/ul>\n\t\t\t\t\t\t<\/div>\n\t\t\t\t<\/div>\n\t\t\t\t<div class=\"elementor-element elementor-element-dbb99cc elementor-arrows-position-inside elementor-widget elementor-widget-image-carousel\" data-id=\"dbb99cc\" data-element_type=\"widget\" data-e-type=\"widget\" data-settings=\"{&quot;navigation&quot;:&quot;arrows&quot;,&quot;autoplay_speed&quot;:2000,&quot;image_spacing_custom&quot;:{&quot;unit&quot;:&quot;px&quot;,&quot;size&quot;:5,&quot;sizes&quot;:[]},&quot;autoplay&quot;:&quot;yes&quot;,&quot;pause_on_hover&quot;:&quot;yes&quot;,&quot;pause_on_interaction&quot;:&quot;yes&quot;,&quot;infinite&quot;:&quot;yes&quot;,&quot;speed&quot;:500,&quot;image_spacing_custom_tablet&quot;:{&quot;unit&quot;:&quot;px&quot;,&quot;size&quot;:&quot;&quot;,&quot;sizes&quot;:[]},&quot;image_spacing_custom_mobile&quot;:{&quot;unit&quot;:&quot;px&quot;,&quot;size&quot;:&quot;&quot;,&quot;sizes&quot;:[]}}\" data-widget_type=\"image-carousel.default\">\n\t\t\t\t<div class=\"elementor-widget-container\">\n\t\t\t\t\t\t\t<div class=\"elementor-image-carousel-wrapper swiper\" role=\"region\" aria-roledescription=\"carousel\" aria-label=\"Carosello d&#039;immagini\" dir=\"ltr\">\n\t\t\t<div class=\"elementor-image-carousel swiper-wrapper\" aria-live=\"off\">\n\t\t\t\t\t\t\t\t<div class=\"swiper-slide\" role=\"group\" aria-roledescription=\"slide\" aria-label=\"1 di 4\"><a data-elementor-open-lightbox=\"yes\" data-elementor-lightbox-slideshow=\"dbb99cc\" data-elementor-lightbox-title=\"image00004\" data-e-action-hash=\"#elementor-action%3Aaction%3Dlightbox%26settings%3DeyJpZCI6ODY4OCwidXJsIjoiaHR0cHM6XC9cL3R6Y2l0bHVrLmJhXC93cC1jb250ZW50XC91cGxvYWRzXC8yMDI0XC8xMVwvaW1hZ2UwMDAwNC5qcGciLCJzbGlkZXNob3ciOiJkYmI5OWNjIn0%3D\" href=\"https:\/\/tzcitluk.ba\/wp-content\/uploads\/2024\/11\/image00004.jpg\"><figure class=\"swiper-slide-inner\"><img decoding=\"async\" class=\"swiper-slide-image\" src=\"https:\/\/tzcitluk.ba\/wp-content\/uploads\/elementor\/thumbs\/image00004-qxq6ibny48iqz9z84uw3pirr5wp1q4rw2vjypiv2nw.jpg\" alt=\"image00004\" \/><\/figure><\/a><\/div><div class=\"swiper-slide\" role=\"group\" aria-roledescription=\"slide\" aria-label=\"2 di 4\"><a data-elementor-open-lightbox=\"yes\" data-elementor-lightbox-slideshow=\"dbb99cc\" data-elementor-lightbox-title=\"image00005\" data-e-action-hash=\"#elementor-action%3Aaction%3Dlightbox%26settings%3DeyJpZCI6ODY4OSwidXJsIjoiaHR0cHM6XC9cL3R6Y2l0bHVrLmJhXC93cC1jb250ZW50XC91cGxvYWRzXC8yMDI0XC8xMVwvaW1hZ2UwMDAwNS5qcGciLCJzbGlkZXNob3ciOiJkYmI5OWNjIn0%3D\" href=\"https:\/\/tzcitluk.ba\/wp-content\/uploads\/2024\/11\/image00005.jpg\"><figure class=\"swiper-slide-inner\"><img decoding=\"async\" class=\"swiper-slide-image\" src=\"https:\/\/tzcitluk.ba\/wp-content\/uploads\/elementor\/thumbs\/image00005-qxq6idjmhwlbmhwhtvpcuiaocofs5izcr4uxo2sabg.jpg\" alt=\"image00005\" \/><\/figure><\/a><\/div><div class=\"swiper-slide\" role=\"group\" aria-roledescription=\"slide\" aria-label=\"3 di 4\"><a data-elementor-open-lightbox=\"yes\" data-elementor-lightbox-slideshow=\"dbb99cc\" data-elementor-lightbox-title=\"image00006\" data-e-action-hash=\"#elementor-action%3Aaction%3Dlightbox%26settings%3DeyJpZCI6ODY5MCwidXJsIjoiaHR0cHM6XC9cL3R6Y2l0bHVrLmJhXC93cC1jb250ZW50XC91cGxvYWRzXC8yMDI0XC8xMVwvaW1hZ2UwMDAwNi5qcGciLCJzbGlkZXNob3ciOiJkYmI5OWNjIn0%3D\" href=\"https:\/\/tzcitluk.ba\/wp-content\/uploads\/2024\/11\/image00006.jpg\"><figure class=\"swiper-slide-inner\"><img decoding=\"async\" class=\"swiper-slide-image\" src=\"https:\/\/tzcitluk.ba\/wp-content\/uploads\/elementor\/thumbs\/image00006-qxq6iffavknw9ptriwilzhtljg6ikx6tfe5wmmphz0.jpg\" alt=\"image00006\" \/><\/figure><\/a><\/div><div class=\"swiper-slide\" role=\"group\" aria-roledescription=\"slide\" aria-label=\"4 di 4\"><a data-elementor-open-lightbox=\"yes\" data-elementor-lightbox-slideshow=\"dbb99cc\" data-elementor-lightbox-title=\"image00007\" data-e-action-hash=\"#elementor-action%3Aaction%3Dlightbox%26settings%3DeyJpZCI6ODY5MSwidXJsIjoiaHR0cHM6XC9cL3R6Y2l0bHVrLmJhXC93cC1jb250ZW50XC91cGxvYWRzXC8yMDI0XC8xMVwvaW1hZ2UwMDAwNy5qcGciLCJzbGlkZXNob3ciOiJkYmI5OWNjIn0%3D\" href=\"https:\/\/tzcitluk.ba\/wp-content\/uploads\/2024\/11\/image00007.jpg\"><figure class=\"swiper-slide-inner\"><img decoding=\"async\" class=\"swiper-slide-image\" src=\"https:\/\/tzcitluk.ba\/wp-content\/uploads\/elementor\/thumbs\/image00007-qxq6iotorx0rhtg400kvofg7haw6pw84soorfebk8s.jpg\" alt=\"image00007\" \/><\/figure><\/a><\/div>\t\t\t<\/div>\n\t\t\t\t\t\t\t\t\t\t\t\t<div class=\"elementor-swiper-button elementor-swiper-button-prev\" role=\"button\" tabindex=\"0\">\n\t\t\t\t\t\t<svg aria-hidden=\"true\" class=\"e-font-icon-svg e-eicon-chevron-left\" viewBox=\"0 0 1000 1000\" xmlns=\"http:\/\/www.w3.org\/2000\/svg\"><path d=\"M646 125C629 125 613 133 604 142L308 442C296 454 292 471 292 487 292 504 296 521 308 533L604 854C617 867 629 875 646 875 663 875 679 871 692 858 704 846 713 829 713 812 713 796 708 779 692 767L438 487 692 225C700 217 708 204 708 187 708 171 704 154 692 142 675 129 663 125 646 125Z\"><\/path><\/svg>\t\t\t\t\t<\/div>\n\t\t\t\t\t<div class=\"elementor-swiper-button elementor-swiper-button-next\" role=\"button\" tabindex=\"0\">\n\t\t\t\t\t\t<svg aria-hidden=\"true\" class=\"e-font-icon-svg e-eicon-chevron-right\" viewBox=\"0 0 1000 1000\" xmlns=\"http:\/\/www.w3.org\/2000\/svg\"><path d=\"M696 533C708 521 713 504 713 487 713 471 708 454 696 446L400 146C388 133 375 125 354 125 338 125 325 129 313 142 300 154 292 171 292 187 292 204 296 221 308 233L563 492 304 771C292 783 288 800 288 817 288 833 296 850 308 863 321 871 338 875 354 875 371 875 388 867 400 854L696 533Z\"><\/path><\/svg>\t\t\t\t\t<\/div>\n\t\t\t\t\n\t\t\t\t\t\t\t\t\t<\/div>\n\t\t\t\t\t\t<\/div>\n\t\t\t\t<\/div>\n\t\t\t\t\t<\/div>\n\t\t\t\t<\/div>\n\t\t\t\t<\/div>\n\t\t","protected":false},"excerpt":{"rendered":"<p>Parrocchia di \u010cerin A nord-ovest del Comune di \u010citluk si estende la Parrocchia di \u010cerin, composta da dieci localit\u00e0: \u010cerin, \u010cali\u0107i, Dragi\u0107ina, Gornji e Donji Hamzi\u0107i, Gornji Veliki Ogra\u0111enik, Gornji Mali Ogra\u0111enik, Donji Veliki Ogra\u0111enik, Donji Mali Ogra\u0111enik e Donja Blatnica. In questi dieci villaggi vivono circa 4.000 abitanti. Il patrono della parrocchia, fondata nel&#8230;<\/p>\n","protected":false},"author":2,"featured_media":0,"parent":0,"menu_order":0,"comment_status":"closed","ping_status":"closed","template":"","meta":{"footnotes":""},"class_list":["post-12466","page","type-page","status-publish","hentry"],"aioseo_notices":[],"rttpg_featured_image_url":null,"rttpg_author":{"display_name":"kreso","author_link":"https:\/\/tzcitluk.ba\/it\/author\/kreso\/"},"rttpg_comment":0,"rttpg_category":" <a href=\"https:\/\/tzcitluk.ba\/it\/?taxonomy=translation_priority&#038;term=opzionale\" rel=\"tag\">Opzionale<\/a>","rttpg_excerpt":"Parrocchia di \u010cerin A nord-ovest del Comune di \u010citluk si estende la Parrocchia di \u010cerin, composta da dieci localit\u00e0: \u010cerin, \u010cali\u0107i, Dragi\u0107ina, Gornji e Donji Hamzi\u0107i, Gornji Veliki Ogra\u0111enik, Gornji Mali Ogra\u0111enik, Donji Veliki Ogra\u0111enik, Donji Mali Ogra\u0111enik e Donja Blatnica. In questi dieci villaggi vivono circa 4.000 abitanti. Il patrono della parrocchia, fondata nel...","_links":{"self":[{"href":"https:\/\/tzcitluk.ba\/it\/wp-json\/wp\/v2\/pages\/12466","targetHints":{"allow":["GET"]}}],"collection":[{"href":"https:\/\/tzcitluk.ba\/it\/wp-json\/wp\/v2\/pages"}],"about":[{"href":"https:\/\/tzcitluk.ba\/it\/wp-json\/wp\/v2\/types\/page"}],"author":[{"embeddable":true,"href":"https:\/\/tzcitluk.ba\/it\/wp-json\/wp\/v2\/users\/2"}],"replies":[{"embeddable":true,"href":"https:\/\/tzcitluk.ba\/it\/wp-json\/wp\/v2\/comments?post=12466"}],"version-history":[{"count":8,"href":"https:\/\/tzcitluk.ba\/it\/wp-json\/wp\/v2\/pages\/12466\/revisions"}],"predecessor-version":[{"id":14389,"href":"https:\/\/tzcitluk.ba\/it\/wp-json\/wp\/v2\/pages\/12466\/revisions\/14389"}],"wp:attachment":[{"href":"https:\/\/tzcitluk.ba\/it\/wp-json\/wp\/v2\/media?parent=12466"}],"curies":[{"name":"wp","href":"https:\/\/api.w.org\/{rel}","templated":true}]}}