{"id":12499,"date":"2024-11-14T16:53:28","date_gmt":"2024-11-14T15:53:28","guid":{"rendered":"https:\/\/tzcitluk.ba\/temelji-stare-crkve\/"},"modified":"2025-01-08T17:27:19","modified_gmt":"2025-01-08T16:27:19","slug":"le-fondamenta-della-vecchia-chiesa","status":"publish","type":"page","link":"https:\/\/tzcitluk.ba\/it\/le-fondamenta-della-vecchia-chiesa\/","title":{"rendered":"Le fondamenta della vecchia chiesa"},"content":{"rendered":"\t\t<div data-elementor-type=\"wp-page\" data-elementor-id=\"12499\" class=\"elementor elementor-12499 elementor-7972\">\n\t\t\t\t<div class=\"elementor-element elementor-element-13ee2ff e-flex e-con-boxed e-con e-parent\" data-id=\"13ee2ff\" data-element_type=\"container\" data-e-type=\"container\">\n\t\t\t\t\t<div class=\"e-con-inner\">\n\t\t\t\t<div class=\"elementor-element elementor-element-61b6310 elementor-widget elementor-widget-text-editor\" data-id=\"61b6310\" data-element_type=\"widget\" data-e-type=\"widget\" data-widget_type=\"text-editor.default\">\n\t\t\t\t<div class=\"elementor-widget-container\">\n\t\t\t\t\t\t\t\t\t<p>La prima chiesa parrocchiale della parrocchia di Me\u0111ugorje fu costruita in breve tempo subito dopo la sua fondazione. Realizzata tra il 1896 e il 1897 da Padre Nikola \u0160imovi\u0107 con il contributo dei parrocchiani, rappresent\u00f2 un evento straordinario per l\u2019epoca, data la povert\u00e0 della popolazione locale. La chiesa era bella sia all\u2019interno che all\u2019esterno, ma purtroppo fu edificata su un terreno poco adatto, che caus\u00f2 gravi danni strutturali gi\u00e0 dopo soli dieci anni. Nonostante i numerosi interventi di restauro, si arriv\u00f2 alla conclusione che l\u2019unica soluzione fosse costruire una nuova chiesa.<\/p><p><br>Oggi, su quel sito, sono ancora visibili le fondamenta della vecchia chiesa. Accanto ad esse si trova una cappella votiva risalente al 1931, che ospita una statua della Madonna con il Bambino Ges\u00f9 in braccio.<\/p><p><br>Nelle vicinanze, accanto all&#8217;antica cisterna, sorge un monumento dedicato a sette frati francescani: cinque nati in questa parrocchia e due che vi prestarono servizio. Questi furono brutalmente uccisi nel 1945 dai partigiani jugo-comunisti, in memoria dei quali il monumento si erge come simbolo di sacrificio e fede.<\/p><p><br>Questo luogo, carico di storia e spiritualit\u00e0, continua a essere un punto di riferimento significativo per i fedeli e i visitatori di Me\u0111ugorje.<\/p>\t\t\t\t\t\t\t\t<\/div>\n\t\t\t\t<\/div>\n\t\t\t\t<div class=\"elementor-element elementor-element-9984ad4 elementor-arrows-position-inside elementor-widget elementor-widget-image-carousel\" data-id=\"9984ad4\" data-element_type=\"widget\" data-e-type=\"widget\" data-settings=\"{&quot;navigation&quot;:&quot;arrows&quot;,&quot;autoplay_speed&quot;:2000,&quot;image_spacing_custom&quot;:{&quot;unit&quot;:&quot;px&quot;,&quot;size&quot;:5,&quot;sizes&quot;:[]},&quot;autoplay&quot;:&quot;yes&quot;,&quot;pause_on_hover&quot;:&quot;yes&quot;,&quot;pause_on_interaction&quot;:&quot;yes&quot;,&quot;infinite&quot;:&quot;yes&quot;,&quot;speed&quot;:500,&quot;image_spacing_custom_tablet&quot;:{&quot;unit&quot;:&quot;px&quot;,&quot;size&quot;:&quot;&quot;,&quot;sizes&quot;:[]},&quot;image_spacing_custom_mobile&quot;:{&quot;unit&quot;:&quot;px&quot;,&quot;size&quot;:&quot;&quot;,&quot;sizes&quot;:[]}}\" data-widget_type=\"image-carousel.default\">\n\t\t\t\t<div class=\"elementor-widget-container\">\n\t\t\t\t\t\t\t<div class=\"elementor-image-carousel-wrapper swiper\" role=\"region\" aria-roledescription=\"carousel\" aria-label=\"Carosello d&#039;immagini\" dir=\"ltr\">\n\t\t\t<div class=\"elementor-image-carousel swiper-wrapper\" aria-live=\"off\">\n\t\t\t\t\t\t\t\t<div class=\"swiper-slide\" role=\"group\" aria-roledescription=\"slide\" aria-label=\"1 di 19\"><a data-elementor-open-lightbox=\"yes\" data-elementor-lightbox-slideshow=\"9984ad4\" data-elementor-lightbox-title=\"WhatsApp Image 2024-11-27 at 14.07.43 (1)\" data-e-action-hash=\"#elementor-action%3Aaction%3Dlightbox%26settings%3DeyJpZCI6ODU4NywidXJsIjoiaHR0cHM6XC9cL3R6Y2l0bHVrLmJhXC93cC1jb250ZW50XC91cGxvYWRzXC8yMDI0XC8xMVwvV2hhdHNBcHAtSW1hZ2UtMjAyNC0xMS0yNy1hdC0xNC4wNy40My0xLmpwZWciLCJzbGlkZXNob3ciOiI5OTg0YWQ0In0%3D\" href=\"https:\/\/tzcitluk.ba\/wp-content\/uploads\/2024\/11\/WhatsApp-Image-2024-11-27-at-14.07.43-1.jpeg\"><figure class=\"swiper-slide-inner\"><img decoding=\"async\" class=\"swiper-slide-image\" src=\"https:\/\/tzcitluk.ba\/wp-content\/uploads\/elementor\/thumbs\/WhatsApp-Image-2024-11-27-at-14.07.43-1-qxohz2qh41alpfghev6ivg3ei1xjwpb74llrmu20jg.jpeg\" alt=\"WhatsApp Image 2024-11-27 at 14.07.43 (1)\" \/><\/figure><\/a><\/div><div class=\"swiper-slide\" role=\"group\" aria-roledescription=\"slide\" aria-label=\"2 di 19\"><a data-elementor-open-lightbox=\"yes\" data-elementor-lightbox-slideshow=\"9984ad4\" data-elementor-lightbox-title=\"WhatsApp Image 2024-11-27 at 14.07.43\" data-e-action-hash=\"#elementor-action%3Aaction%3Dlightbox%26settings%3DeyJpZCI6ODU4OCwidXJsIjoiaHR0cHM6XC9cL3R6Y2l0bHVrLmJhXC93cC1jb250ZW50XC91cGxvYWRzXC8yMDI0XC8xMVwvV2hhdHNBcHAtSW1hZ2UtMjAyNC0xMS0yNy1hdC0xNC4wNy40My5qcGVnIiwic2xpZGVzaG93IjoiOTk4NGFkNCJ9\" href=\"https:\/\/tzcitluk.ba\/wp-content\/uploads\/2024\/11\/WhatsApp-Image-2024-11-27-at-14.07.43.jpeg\"><figure class=\"swiper-slide-inner\"><img decoding=\"async\" class=\"swiper-slide-image\" src=\"https:\/\/tzcitluk.ba\/wp-content\/uploads\/elementor\/thumbs\/WhatsApp-Image-2024-11-27-at-14.07.43-qxohz3obavbw11f49dl5fxuv3fsx4eexgq99440md8.jpeg\" alt=\"WhatsApp Image 2024-11-27 at 14.07.43\" \/><\/figure><\/a><\/div><div class=\"swiper-slide\" role=\"group\" aria-roledescription=\"slide\" aria-label=\"3 di 19\"><a data-elementor-open-lightbox=\"yes\" data-elementor-lightbox-slideshow=\"9984ad4\" data-elementor-lightbox-title=\"WhatsApp Image 2024-11-27 at 14.07.44 (1)\" data-e-action-hash=\"#elementor-action%3Aaction%3Dlightbox%26settings%3DeyJpZCI6ODU4OSwidXJsIjoiaHR0cHM6XC9cL3R6Y2l0bHVrLmJhXC93cC1jb250ZW50XC91cGxvYWRzXC8yMDI0XC8xMVwvV2hhdHNBcHAtSW1hZ2UtMjAyNC0xMS0yNy1hdC0xNC4wNy40NC0xLmpwZWciLCJzbGlkZXNob3ciOiI5OTg0YWQ0In0%3D\" href=\"https:\/\/tzcitluk.ba\/wp-content\/uploads\/2024\/11\/WhatsApp-Image-2024-11-27-at-14.07.44-1.jpeg\"><figure class=\"swiper-slide-inner\"><img decoding=\"async\" class=\"swiper-slide-image\" src=\"https:\/\/tzcitluk.ba\/wp-content\/uploads\/elementor\/thumbs\/WhatsApp-Image-2024-11-27-at-14.07.44-1-qxohz4m5hpd6cndr3vzs0fmbotoac3insuwqldz870.jpeg\" alt=\"WhatsApp Image 2024-11-27 at 14.07.44 (1)\" \/><\/figure><\/a><\/div><div class=\"swiper-slide\" role=\"group\" aria-roledescription=\"slide\" aria-label=\"4 di 19\"><a data-elementor-open-lightbox=\"yes\" data-elementor-lightbox-slideshow=\"9984ad4\" data-elementor-lightbox-title=\"WhatsApp Image 2024-11-27 at 14.07.44 (2)\" data-e-action-hash=\"#elementor-action%3Aaction%3Dlightbox%26settings%3DeyJpZCI6ODU5MCwidXJsIjoiaHR0cHM6XC9cL3R6Y2l0bHVrLmJhXC93cC1jb250ZW50XC91cGxvYWRzXC8yMDI0XC8xMVwvV2hhdHNBcHAtSW1hZ2UtMjAyNC0xMS0yNy1hdC0xNC4wNy40NC0yLmpwZWciLCJzbGlkZXNob3ciOiI5OTg0YWQ0In0%3D\" href=\"https:\/\/tzcitluk.ba\/wp-content\/uploads\/2024\/11\/WhatsApp-Image-2024-11-27-at-14.07.44-2.jpeg\"><figure class=\"swiper-slide-inner\"><img decoding=\"async\" class=\"swiper-slide-image\" src=\"https:\/\/tzcitluk.ba\/wp-content\/uploads\/elementor\/thumbs\/WhatsApp-Image-2024-11-27-at-14.07.44-2-qxohz5jzojego9cdyeeekxdsa7jnjsme4zk82nxu0s.jpeg\" alt=\"WhatsApp Image 2024-11-27 at 14.07.44 (2)\" \/><\/figure><\/a><\/div><div class=\"swiper-slide\" role=\"group\" aria-roledescription=\"slide\" aria-label=\"5 di 19\"><a data-elementor-open-lightbox=\"yes\" data-elementor-lightbox-slideshow=\"9984ad4\" data-elementor-lightbox-title=\"WhatsApp Image 2024-11-27 at 14.07.44 (3)\" data-e-action-hash=\"#elementor-action%3Aaction%3Dlightbox%26settings%3DeyJpZCI6ODU5MSwidXJsIjoiaHR0cHM6XC9cL3R6Y2l0bHVrLmJhXC93cC1jb250ZW50XC91cGxvYWRzXC8yMDI0XC8xMVwvV2hhdHNBcHAtSW1hZ2UtMjAyNC0xMS0yNy1hdC0xNC4wNy40NC0zLmpwZWciLCJzbGlkZXNob3ciOiI5OTg0YWQ0In0%3D\" href=\"https:\/\/tzcitluk.ba\/wp-content\/uploads\/2024\/11\/WhatsApp-Image-2024-11-27-at-14.07.44-3.jpeg\"><figure class=\"swiper-slide-inner\"><img decoding=\"async\" class=\"swiper-slide-image\" src=\"https:\/\/tzcitluk.ba\/wp-content\/uploads\/elementor\/thumbs\/WhatsApp-Image-2024-11-27-at-14.07.44-3-qxohz6htvdfqzvb0swt15f58vlf0rhq4h47pjxwfuk.jpeg\" alt=\"WhatsApp Image 2024-11-27 at 14.07.44 (3)\" \/><\/figure><\/a><\/div><div class=\"swiper-slide\" role=\"group\" aria-roledescription=\"slide\" aria-label=\"6 di 19\"><a data-elementor-open-lightbox=\"yes\" data-elementor-lightbox-slideshow=\"9984ad4\" data-elementor-lightbox-title=\"WhatsApp Image 2024-11-27 at 14.07.44\" data-e-action-hash=\"#elementor-action%3Aaction%3Dlightbox%26settings%3DeyJpZCI6ODU5MiwidXJsIjoiaHR0cHM6XC9cL3R6Y2l0bHVrLmJhXC93cC1jb250ZW50XC91cGxvYWRzXC8yMDI0XC8xMVwvV2hhdHNBcHAtSW1hZ2UtMjAyNC0xMS0yNy1hdC0xNC4wNy40NC5qcGVnIiwic2xpZGVzaG93IjoiOTk4NGFkNCJ9\" href=\"https:\/\/tzcitluk.ba\/wp-content\/uploads\/2024\/11\/WhatsApp-Image-2024-11-27-at-14.07.44.jpeg\"><figure class=\"swiper-slide-inner\"><img decoding=\"async\" class=\"swiper-slide-image\" src=\"https:\/\/tzcitluk.ba\/wp-content\/uploads\/elementor\/thumbs\/WhatsApp-Image-2024-11-27-at-14.07.44-qxohz8di91ibn38ahxmaaeo62d5r6vxl5dioihtni4.jpeg\" alt=\"WhatsApp Image 2024-11-27 at 14.07.44\" \/><\/figure><\/a><\/div><div class=\"swiper-slide\" role=\"group\" aria-roledescription=\"slide\" aria-label=\"7 di 19\"><a data-elementor-open-lightbox=\"yes\" data-elementor-lightbox-slideshow=\"9984ad4\" data-elementor-lightbox-title=\"WhatsApp Image 2024-11-27 at 14.07.45 (1)\" data-e-action-hash=\"#elementor-action%3Aaction%3Dlightbox%26settings%3DeyJpZCI6ODU5MywidXJsIjoiaHR0cHM6XC9cL3R6Y2l0bHVrLmJhXC93cC1jb250ZW50XC91cGxvYWRzXC8yMDI0XC8xMVwvV2hhdHNBcHAtSW1hZ2UtMjAyNC0xMS0yNy1hdC0xNC4wNy40NS0xLmpwZWciLCJzbGlkZXNob3ciOiI5OTg0YWQ0In0%3D\" href=\"https:\/\/tzcitluk.ba\/wp-content\/uploads\/2024\/11\/WhatsApp-Image-2024-11-27-at-14.07.45-1.jpeg\"><figure class=\"swiper-slide-inner\"><img decoding=\"async\" class=\"swiper-slide-image\" src=\"https:\/\/tzcitluk.ba\/wp-content\/uploads\/elementor\/thumbs\/WhatsApp-Image-2024-11-27-at-14.07.45-1-qxohz9bcfvjlyp6xcg0wuwfmnr14el1bhi65zrs9bw.jpeg\" alt=\"WhatsApp Image 2024-11-27 at 14.07.45 (1)\" \/><\/figure><\/a><\/div><div class=\"swiper-slide\" role=\"group\" aria-roledescription=\"slide\" aria-label=\"8 di 19\"><a data-elementor-open-lightbox=\"yes\" data-elementor-lightbox-slideshow=\"9984ad4\" data-elementor-lightbox-title=\"WhatsApp Image 2024-11-27 at 14.07.45 (2)\" data-e-action-hash=\"#elementor-action%3Aaction%3Dlightbox%26settings%3DeyJpZCI6ODU5NCwidXJsIjoiaHR0cHM6XC9cL3R6Y2l0bHVrLmJhXC93cC1jb250ZW50XC91cGxvYWRzXC8yMDI0XC8xMVwvV2hhdHNBcHAtSW1hZ2UtMjAyNC0xMS0yNy1hdC0xNC4wNy40NS0yLmpwZWciLCJzbGlkZXNob3ciOiI5OTg0YWQ0In0%3D\" href=\"https:\/\/tzcitluk.ba\/wp-content\/uploads\/2024\/11\/WhatsApp-Image-2024-11-27-at-14.07.45-2.jpeg\"><figure class=\"swiper-slide-inner\"><img decoding=\"async\" class=\"swiper-slide-image\" src=\"https:\/\/tzcitluk.ba\/wp-content\/uploads\/elementor\/thumbs\/WhatsApp-Image-2024-11-27-at-14.07.45-2-qxohza96mpkwab5k6yfjfe7394whma51tmtnh1qv5o.jpeg\" alt=\"WhatsApp Image 2024-11-27 at 14.07.45 (2)\" \/><\/figure><\/a><\/div><div class=\"swiper-slide\" role=\"group\" aria-roledescription=\"slide\" aria-label=\"9 di 19\"><a data-elementor-open-lightbox=\"yes\" data-elementor-lightbox-slideshow=\"9984ad4\" data-elementor-lightbox-title=\"WhatsApp Image 2024-11-27 at 14.07.45 (3)\" data-e-action-hash=\"#elementor-action%3Aaction%3Dlightbox%26settings%3DeyJpZCI6ODU5NSwidXJsIjoiaHR0cHM6XC9cL3R6Y2l0bHVrLmJhXC93cC1jb250ZW50XC91cGxvYWRzXC8yMDI0XC8xMVwvV2hhdHNBcHAtSW1hZ2UtMjAyNC0xMS0yNy1hdC0xNC4wNy40NS0zLmpwZWciLCJzbGlkZXNob3ciOiI5OTg0YWQ0In0%3D\" href=\"https:\/\/tzcitluk.ba\/wp-content\/uploads\/2024\/11\/WhatsApp-Image-2024-11-27-at-14.07.45-3.jpeg\"><figure class=\"swiper-slide-inner\"><img decoding=\"async\" class=\"swiper-slide-image\" src=\"https:\/\/tzcitluk.ba\/wp-content\/uploads\/elementor\/thumbs\/WhatsApp-Image-2024-11-27-at-14.07.45-3-qxohzc4v0dngxj2tvz8skdq0fwn81ocihw4mflo2t8.jpeg\" alt=\"WhatsApp Image 2024-11-27 at 14.07.45 (3)\" \/><\/figure><\/a><\/div><div class=\"swiper-slide\" role=\"group\" aria-roledescription=\"slide\" aria-label=\"10 di 19\"><a data-elementor-open-lightbox=\"yes\" data-elementor-lightbox-slideshow=\"9984ad4\" data-elementor-lightbox-title=\"WhatsApp Image 2024-11-27 at 14.07.45\" data-e-action-hash=\"#elementor-action%3Aaction%3Dlightbox%26settings%3DeyJpZCI6ODU5NiwidXJsIjoiaHR0cHM6XC9cL3R6Y2l0bHVrLmJhXC93cC1jb250ZW50XC91cGxvYWRzXC8yMDI0XC8xMVwvV2hhdHNBcHAtSW1hZ2UtMjAyNC0xMS0yNy1hdC0xNC4wNy40NS5qcGVnIiwic2xpZGVzaG93IjoiOTk4NGFkNCJ9\" href=\"https:\/\/tzcitluk.ba\/wp-content\/uploads\/2024\/11\/WhatsApp-Image-2024-11-27-at-14.07.45.jpeg\"><figure class=\"swiper-slide-inner\"><img decoding=\"async\" class=\"swiper-slide-image\" src=\"https:\/\/tzcitluk.ba\/wp-content\/uploads\/elementor\/thumbs\/WhatsApp-Image-2024-11-27-at-14.07.45-qxohzd2p77or951gqhnf4vhh1ail9dg8u0s3wvmon0.jpeg\" alt=\"WhatsApp Image 2024-11-27 at 14.07.45\" \/><\/figure><\/a><\/div><div class=\"swiper-slide\" role=\"group\" aria-roledescription=\"slide\" aria-label=\"11 di 19\"><a data-elementor-open-lightbox=\"yes\" data-elementor-lightbox-slideshow=\"9984ad4\" data-elementor-lightbox-title=\"WhatsApp Image 2024-11-27 at 14.07.46 (1)\" data-e-action-hash=\"#elementor-action%3Aaction%3Dlightbox%26settings%3DeyJpZCI6ODU5NywidXJsIjoiaHR0cHM6XC9cL3R6Y2l0bHVrLmJhXC93cC1jb250ZW50XC91cGxvYWRzXC8yMDI0XC8xMVwvV2hhdHNBcHAtSW1hZ2UtMjAyNC0xMS0yNy1hdC0xNC4wNy40Ni0xLmpwZWciLCJzbGlkZXNob3ciOiI5OTg0YWQ0In0%3D\" href=\"https:\/\/tzcitluk.ba\/wp-content\/uploads\/2024\/11\/WhatsApp-Image-2024-11-27-at-14.07.46-1.jpeg\"><figure class=\"swiper-slide-inner\"><img decoding=\"async\" class=\"swiper-slide-image\" src=\"https:\/\/tzcitluk.ba\/wp-content\/uploads\/elementor\/thumbs\/WhatsApp-Image-2024-11-27-at-14.07.46-1-qxohze0je1q1kr03l021pd8xmodyh2jz65fle5lags.jpeg\" alt=\"WhatsApp Image 2024-11-27 at 14.07.46 (1)\" \/><\/figure><\/a><\/div><div class=\"swiper-slide\" role=\"group\" aria-roledescription=\"slide\" aria-label=\"12 di 19\"><a data-elementor-open-lightbox=\"yes\" data-elementor-lightbox-slideshow=\"9984ad4\" data-elementor-lightbox-title=\"WhatsApp Image 2024-11-27 at 14.07.46 (2)\" data-e-action-hash=\"#elementor-action%3Aaction%3Dlightbox%26settings%3DeyJpZCI6ODU5OCwidXJsIjoiaHR0cHM6XC9cL3R6Y2l0bHVrLmJhXC93cC1jb250ZW50XC91cGxvYWRzXC8yMDI0XC8xMVwvV2hhdHNBcHAtSW1hZ2UtMjAyNC0xMS0yNy1hdC0xNC4wNy40Ni0yLmpwZWciLCJzbGlkZXNob3ciOiI5OTg0YWQ0In0%3D\" href=\"https:\/\/tzcitluk.ba\/wp-content\/uploads\/2024\/11\/WhatsApp-Image-2024-11-27-at-14.07.46-2.jpeg\"><figure class=\"swiper-slide-inner\"><img decoding=\"async\" class=\"swiper-slide-image\" src=\"https:\/\/tzcitluk.ba\/wp-content\/uploads\/elementor\/thumbs\/WhatsApp-Image-2024-11-27-at-14.07.46-2-qxohzeydkvrbwcyqfigo9v0e829bornpia32vfjwak.jpeg\" alt=\"WhatsApp Image 2024-11-27 at 14.07.46 (2)\" \/><\/figure><\/a><\/div><div class=\"swiper-slide\" role=\"group\" aria-roledescription=\"slide\" aria-label=\"13 di 19\"><a data-elementor-open-lightbox=\"yes\" data-elementor-lightbox-slideshow=\"9984ad4\" data-elementor-lightbox-title=\"WhatsApp Image 2024-11-27 at 14.07.46 (3)\" data-e-action-hash=\"#elementor-action%3Aaction%3Dlightbox%26settings%3DeyJpZCI6ODU5OSwidXJsIjoiaHR0cHM6XC9cL3R6Y2l0bHVrLmJhXC93cC1jb250ZW50XC91cGxvYWRzXC8yMDI0XC8xMVwvV2hhdHNBcHAtSW1hZ2UtMjAyNC0xMS0yNy1hdC0xNC4wNy40Ni0zLmpwZWciLCJzbGlkZXNob3ciOiI5OTg0YWQ0In0%3D\" href=\"https:\/\/tzcitluk.ba\/wp-content\/uploads\/2024\/11\/WhatsApp-Image-2024-11-27-at-14.07.46-3.jpeg\"><figure class=\"swiper-slide-inner\"><img decoding=\"async\" class=\"swiper-slide-image\" src=\"https:\/\/tzcitluk.ba\/wp-content\/uploads\/elementor\/thumbs\/WhatsApp-Image-2024-11-27-at-14.07.46-3-qxohzfw7rpsm7yxda0vaucrutg4owgrfueqkcpii4c.jpeg\" alt=\"WhatsApp Image 2024-11-27 at 14.07.46 (3)\" \/><\/figure><\/a><\/div><div class=\"swiper-slide\" role=\"group\" aria-roledescription=\"slide\" aria-label=\"14 di 19\"><a data-elementor-open-lightbox=\"yes\" data-elementor-lightbox-slideshow=\"9984ad4\" data-elementor-lightbox-title=\"WhatsApp Image 2024-11-27 at 14.07.46 (4)\" data-e-action-hash=\"#elementor-action%3Aaction%3Dlightbox%26settings%3DeyJpZCI6ODYwMCwidXJsIjoiaHR0cHM6XC9cL3R6Y2l0bHVrLmJhXC93cC1jb250ZW50XC91cGxvYWRzXC8yMDI0XC8xMVwvV2hhdHNBcHAtSW1hZ2UtMjAyNC0xMS0yNy1hdC0xNC4wNy40Ni00LmpwZWciLCJzbGlkZXNob3ciOiI5OTg0YWQ0In0%3D\" href=\"https:\/\/tzcitluk.ba\/wp-content\/uploads\/2024\/11\/WhatsApp-Image-2024-11-27-at-14.07.46-4.jpeg\"><figure class=\"swiper-slide-inner\"><img decoding=\"async\" class=\"swiper-slide-image\" src=\"https:\/\/tzcitluk.ba\/wp-content\/uploads\/elementor\/thumbs\/WhatsApp-Image-2024-11-27-at-14.07.46-4-qxohzgu1yjtwjkw04j9xeujbeu0245v66je1tzh3y4.jpeg\" alt=\"WhatsApp Image 2024-11-27 at 14.07.46 (4)\" \/><\/figure><\/a><\/div><div class=\"swiper-slide\" role=\"group\" aria-roledescription=\"slide\" aria-label=\"15 di 19\"><a data-elementor-open-lightbox=\"yes\" data-elementor-lightbox-slideshow=\"9984ad4\" data-elementor-lightbox-title=\"WhatsApp Image 2024-11-27 at 14.07.46 (5)\" data-e-action-hash=\"#elementor-action%3Aaction%3Dlightbox%26settings%3DeyJpZCI6ODYwMSwidXJsIjoiaHR0cHM6XC9cL3R6Y2l0bHVrLmJhXC93cC1jb250ZW50XC91cGxvYWRzXC8yMDI0XC8xMVwvV2hhdHNBcHAtSW1hZ2UtMjAyNC0xMS0yNy1hdC0xNC4wNy40Ni01LmpwZWciLCJzbGlkZXNob3ciOiI5OTg0YWQ0In0%3D\" href=\"https:\/\/tzcitluk.ba\/wp-content\/uploads\/2024\/11\/WhatsApp-Image-2024-11-27-at-14.07.46-5.jpeg\"><figure class=\"swiper-slide-inner\"><img decoding=\"async\" class=\"swiper-slide-image\" src=\"https:\/\/tzcitluk.ba\/wp-content\/uploads\/elementor\/thumbs\/WhatsApp-Image-2024-11-27-at-14.07.46-5-qxohzhrw5dv6v6umz1ojzcas07vfbuywio1jb9fprw.jpeg\" alt=\"WhatsApp Image 2024-11-27 at 14.07.46 (5)\" \/><\/figure><\/a><\/div><div class=\"swiper-slide\" role=\"group\" aria-roledescription=\"slide\" aria-label=\"16 di 19\"><a data-elementor-open-lightbox=\"yes\" data-elementor-lightbox-slideshow=\"9984ad4\" data-elementor-lightbox-title=\"WhatsApp Image 2024-11-27 at 14.07.46\" data-e-action-hash=\"#elementor-action%3Aaction%3Dlightbox%26settings%3DeyJpZCI6ODYwMiwidXJsIjoiaHR0cHM6XC9cL3R6Y2l0bHVrLmJhXC93cC1jb250ZW50XC91cGxvYWRzXC8yMDI0XC8xMVwvV2hhdHNBcHAtSW1hZ2UtMjAyNC0xMS0yNy1hdC0xNC4wNy40Ni5qcGVnIiwic2xpZGVzaG93IjoiOTk4NGFkNCJ9\" href=\"https:\/\/tzcitluk.ba\/wp-content\/uploads\/2024\/11\/WhatsApp-Image-2024-11-27-at-14.07.46.jpeg\"><figure class=\"swiper-slide-inner\"><img decoding=\"async\" class=\"swiper-slide-image\" src=\"https:\/\/tzcitluk.ba\/wp-content\/uploads\/elementor\/thumbs\/WhatsApp-Image-2024-11-27-at-14.07.46-qxohzipqc7wh6st9tk36ju28llqsjk2musp0sjeblo.jpeg\" alt=\"WhatsApp Image 2024-11-27 at 14.07.46\" \/><\/figure><\/a><\/div><div class=\"swiper-slide\" role=\"group\" aria-roledescription=\"slide\" aria-label=\"17 di 19\"><a data-elementor-open-lightbox=\"yes\" data-elementor-lightbox-slideshow=\"9984ad4\" data-elementor-lightbox-title=\"image00001\" data-e-action-hash=\"#elementor-action%3Aaction%3Dlightbox%26settings%3DeyJpZCI6ODcyNCwidXJsIjoiaHR0cHM6XC9cL3R6Y2l0bHVrLmJhXC93cC1jb250ZW50XC91cGxvYWRzXC8yMDI0XC8xMVwvaW1hZ2UwMDAwMS5qcGciLCJzbGlkZXNob3ciOiI5OTg0YWQ0In0%3D\" href=\"https:\/\/tzcitluk.ba\/wp-content\/uploads\/2024\/11\/image00001.jpg\"><figure class=\"swiper-slide-inner\"><img decoding=\"async\" class=\"swiper-slide-image\" src=\"https:\/\/tzcitluk.ba\/wp-content\/uploads\/elementor\/thumbs\/image00001-qxq819cdjnq1iu6jclr5fnpl0lxblav4ys5kfper0c.jpg\" alt=\"image00001\" \/><\/figure><\/a><\/div><div class=\"swiper-slide\" role=\"group\" aria-roledescription=\"slide\" aria-label=\"18 di 19\"><a data-elementor-open-lightbox=\"yes\" data-elementor-lightbox-slideshow=\"9984ad4\" data-elementor-lightbox-title=\"image00002\" data-e-action-hash=\"#elementor-action%3Aaction%3Dlightbox%26settings%3DeyJpZCI6ODcyNSwidXJsIjoiaHR0cHM6XC9cL3R6Y2l0bHVrLmJhXC93cC1jb250ZW50XC91cGxvYWRzXC8yMDI0XC8xMVwvaW1hZ2UwMDAwMi5qcGciLCJzbGlkZXNob3ciOiI5OTg0YWQ0In0%3D\" href=\"https:\/\/tzcitluk.ba\/wp-content\/uploads\/2024\/11\/image00002.jpg\"><figure class=\"swiper-slide-inner\"><img decoding=\"async\" class=\"swiper-slide-image\" src=\"https:\/\/tzcitluk.ba\/wp-content\/uploads\/elementor\/thumbs\/image00002-qxq81b81xbsm623t1mkekn8i7do20p2ln1gje9bynw.jpg\" alt=\"image00002\" \/><\/figure><\/a><\/div><div class=\"swiper-slide\" role=\"group\" aria-roledescription=\"slide\" aria-label=\"19 di 19\"><a data-elementor-open-lightbox=\"yes\" data-elementor-lightbox-slideshow=\"9984ad4\" data-elementor-lightbox-title=\"image00003\" data-e-action-hash=\"#elementor-action%3Aaction%3Dlightbox%26settings%3DeyJpZCI6ODcyNiwidXJsIjoiaHR0cHM6XC9cL3R6Y2l0bHVrLmJhXC93cC1jb250ZW50XC91cGxvYWRzXC8yMDI0XC8xMVwvaW1hZ2UwMDAwMy5qcGciLCJzbGlkZXNob3ciOiI5OTg0YWQ0In0%3D\" href=\"https:\/\/tzcitluk.ba\/wp-content\/uploads\/2024\/11\/image00003.jpg\"><figure class=\"swiper-slide-inner\"><img decoding=\"async\" class=\"swiper-slide-image\" src=\"https:\/\/tzcitluk.ba\/wp-content\/uploads\/elementor\/thumbs\/image00003-qxq81d3qazv6ta12qndnpmrfe5esg3a2barict96bg.jpg\" alt=\"image00003\" \/><\/figure><\/a><\/div>\t\t\t<\/div>\n\t\t\t\t\t\t\t\t\t\t\t\t<div class=\"elementor-swiper-button elementor-swiper-button-prev\" role=\"button\" tabindex=\"0\">\n\t\t\t\t\t\t<svg aria-hidden=\"true\" class=\"e-font-icon-svg e-eicon-chevron-left\" viewBox=\"0 0 1000 1000\" xmlns=\"http:\/\/www.w3.org\/2000\/svg\"><path d=\"M646 125C629 125 613 133 604 142L308 442C296 454 292 471 292 487 292 504 296 521 308 533L604 854C617 867 629 875 646 875 663 875 679 871 692 858 704 846 713 829 713 812 713 796 708 779 692 767L438 487 692 225C700 217 708 204 708 187 708 171 704 154 692 142 675 129 663 125 646 125Z\"><\/path><\/svg>\t\t\t\t\t<\/div>\n\t\t\t\t\t<div class=\"elementor-swiper-button elementor-swiper-button-next\" role=\"button\" tabindex=\"0\">\n\t\t\t\t\t\t<svg aria-hidden=\"true\" class=\"e-font-icon-svg e-eicon-chevron-right\" viewBox=\"0 0 1000 1000\" xmlns=\"http:\/\/www.w3.org\/2000\/svg\"><path d=\"M696 533C708 521 713 504 713 487 713 471 708 454 696 446L400 146C388 133 375 125 354 125 338 125 325 129 313 142 300 154 292 171 292 187 292 204 296 221 308 233L563 492 304 771C292 783 288 800 288 817 288 833 296 850 308 863 321 871 338 875 354 875 371 875 388 867 400 854L696 533Z\"><\/path><\/svg>\t\t\t\t\t<\/div>\n\t\t\t\t\n\t\t\t\t\t\t\t\t\t<\/div>\n\t\t\t\t\t\t<\/div>\n\t\t\t\t<\/div>\n\t\t\t\t\t<\/div>\n\t\t\t\t<\/div>\n\t\t\t\t<\/div>\n\t\t","protected":false},"excerpt":{"rendered":"<p>La prima chiesa parrocchiale della parrocchia di Me\u0111ugorje fu costruita in breve tempo subito dopo la sua fondazione. Realizzata tra il 1896 e il 1897 da Padre Nikola \u0160imovi\u0107 con il contributo dei parrocchiani, rappresent\u00f2 un evento straordinario per l\u2019epoca, data la povert\u00e0 della popolazione locale. La chiesa era bella sia all\u2019interno che all\u2019esterno, ma&#8230;<\/p>\n","protected":false},"author":2,"featured_media":0,"parent":0,"menu_order":0,"comment_status":"closed","ping_status":"closed","template":"","meta":{"footnotes":""},"class_list":["post-12499","page","type-page","status-publish","hentry"],"aioseo_notices":[],"rttpg_featured_image_url":null,"rttpg_author":{"display_name":"kreso","author_link":"https:\/\/tzcitluk.ba\/it\/author\/kreso\/"},"rttpg_comment":0,"rttpg_category":" <a href=\"https:\/\/tzcitluk.ba\/it\/?taxonomy=translation_priority&#038;term=opzionale\" rel=\"tag\">Opzionale<\/a>","rttpg_excerpt":"La prima chiesa parrocchiale della parrocchia di Me\u0111ugorje fu costruita in breve tempo subito dopo la sua fondazione. Realizzata tra il 1896 e il 1897 da Padre Nikola \u0160imovi\u0107 con il contributo dei parrocchiani, rappresent\u00f2 un evento straordinario per l\u2019epoca, data la povert\u00e0 della popolazione locale. La chiesa era bella sia all\u2019interno che all\u2019esterno, ma...","_links":{"self":[{"href":"https:\/\/tzcitluk.ba\/it\/wp-json\/wp\/v2\/pages\/12499","targetHints":{"allow":["GET"]}}],"collection":[{"href":"https:\/\/tzcitluk.ba\/it\/wp-json\/wp\/v2\/pages"}],"about":[{"href":"https:\/\/tzcitluk.ba\/it\/wp-json\/wp\/v2\/types\/page"}],"author":[{"embeddable":true,"href":"https:\/\/tzcitluk.ba\/it\/wp-json\/wp\/v2\/users\/2"}],"replies":[{"embeddable":true,"href":"https:\/\/tzcitluk.ba\/it\/wp-json\/wp\/v2\/comments?post=12499"}],"version-history":[{"count":5,"href":"https:\/\/tzcitluk.ba\/it\/wp-json\/wp\/v2\/pages\/12499\/revisions"}],"predecessor-version":[{"id":14375,"href":"https:\/\/tzcitluk.ba\/it\/wp-json\/wp\/v2\/pages\/12499\/revisions\/14375"}],"wp:attachment":[{"href":"https:\/\/tzcitluk.ba\/it\/wp-json\/wp\/v2\/media?parent=12499"}],"curies":[{"name":"wp","href":"https:\/\/api.w.org\/{rel}","templated":true}]}}