{"id":12522,"date":"2023-10-25T15:56:12","date_gmt":"2023-10-25T13:56:12","guid":{"rendered":"https:\/\/tzcitluk.ba\/novosti\/"},"modified":"2025-01-03T11:51:44","modified_gmt":"2025-01-03T10:51:44","slug":"notizie","status":"publish","type":"page","link":"https:\/\/tzcitluk.ba\/it\/notizie\/","title":{"rendered":"Notizie"},"content":{"rendered":"\t\t<div data-elementor-type=\"wp-page\" data-elementor-id=\"12522\" class=\"elementor elementor-12522 elementor-7616\">\n\t\t\t\t<div class=\"elementor-element elementor-element-7d0ea8b e-flex e-con-boxed e-con e-parent\" data-id=\"7d0ea8b\" data-element_type=\"container\" data-e-type=\"container\">\n\t\t\t\t\t<div class=\"e-con-inner\">\n\t\t\t\t<div class=\"elementor-element elementor-element-289014e elementor-widget elementor-widget-spacer\" data-id=\"289014e\" data-element_type=\"widget\" data-e-type=\"widget\" data-widget_type=\"spacer.default\">\n\t\t\t\t<div class=\"elementor-widget-container\">\n\t\t\t\t\t\t\t<div class=\"elementor-spacer\">\n\t\t\t<div class=\"elementor-spacer-inner\"><\/div>\n\t\t<\/div>\n\t\t\t\t\t\t<\/div>\n\t\t\t\t<\/div>\n\t\t\t\t<div class=\"elementor-element elementor-element-d1e320d elementor-widget elementor-widget-travoloblogpost\" data-id=\"d1e320d\" data-element_type=\"widget\" data-e-type=\"widget\" data-widget_type=\"travoloblogpost.default\">\n\t\t\t\t<div class=\"elementor-widget-container\">\n\t\t\t\t\t<!-- blog Area --><section class=\"vs-blog-wrapper\"><div class=\"row\"><div class=\"blog-style4\"><div class=\"blog-image\"><img fetchpriority=\"high\" decoding=\"async\" width=\"705\" height=\"540\" src=\"https:\/\/tzcitluk.ba\/wp-content\/uploads\/2024\/12\/WhatsApp-Image-2024-12-18-at-15.49.34-1-705x540.jpeg\" class=\"attachment-blog-post-one size-blog-post-one wp-post-image\" alt=\"\" \/><\/div><div class='blog-content background-image' style='background-image:url(https:\/\/tzcitluk.ba\/wp-content\/uploads\/2023\/11\/blog-bg.png)'><a class=\"blog-date\" href=\"https:\/\/tzcitluk.ba\/it\/2024\/12\/18\/\"><i class=\"far d fa-calendar-alt\"><\/i><time datetime=\"2024-12-18T16:32:40+01:00\">Dicembre 18, 2024<\/time><\/a><h3 class=\"blog-title\"><a href=\"https:\/\/tzcitluk.ba\/it\/annunciamo-il-ritrovo-natalizio-degli-abitanti-di-brotnjo-sulla-piazza-di-brocanski\/\">Annunciamo il &#8216;Ritrovo natalizio degli abitanti di Brotnjo&#8217; sulla piazza<\/a><\/h3><p class=\"blog-text\">Domenica 22 dicembre, sulla piazza di Bro\u0107anski, si terr\u00e0 il \"Ritrovo natalizio degli abitanti di<\/p><a href=\"https:\/\/tzcitluk.ba\/it\/annunciamo-il-ritrovo-natalizio-degli-abitanti-di-brotnjo-sulla-piazza-di-brocanski\/\" class=\"link-btn\">Pro\u010ditajte vi\u0161e<\/a><\/div><\/div><div class=\"blog-style4\"><div class=\"blog-image\"><img decoding=\"async\" width=\"705\" height=\"458\" src=\"https:\/\/tzcitluk.ba\/wp-content\/uploads\/2024\/11\/LOGO-VinarijaFIN_siroka_slika-705x458.jpg\" class=\"attachment-blog-post-one size-blog-post-one wp-post-image\" alt=\"\" \/><\/div><div class='blog-content background-image' style='background-image:url(https:\/\/tzcitluk.ba\/wp-content\/uploads\/2023\/11\/blog-bg.png)'><a class=\"blog-date\" href=\"https:\/\/tzcitluk.ba\/it\/2024\/11\/13\/\"><i class=\"far d fa-calendar-alt\"><\/i><time datetime=\"2024-11-13T14:21:53+01:00\">Novembre 13, 2024<\/time><\/a><h3 class=\"blog-title\"><a href=\"https:\/\/tzcitluk.ba\/it\/cantina-marijanovic\/\">Cantina Marijanovi\u0107<\/a><\/h3><p class=\"blog-text\">Cantina Marijanovi\u0107 info@marijanovic.ba +387 63 177 198 +387 63 725 088 +387 63 010 703<\/p><a href=\"https:\/\/tzcitluk.ba\/it\/cantina-marijanovic\/\" class=\"link-btn\">Pro\u010ditajte vi\u0161e<\/a><\/div><\/div><\/div><!-- .row END --><\/section><!-- blog Area end -->\t\t\t\t<\/div>\n\t\t\t\t<\/div>\n\t\t\t\t\t<\/div>\n\t\t\t\t<\/div>\n\t\t<div class=\"elementor-element elementor-element-ff782ec e-flex e-con-boxed e-con e-parent\" data-id=\"ff782ec\" data-element_type=\"container\" data-e-type=\"container\">\n\t\t\t\t\t<div class=\"e-con-inner\">\n\t\t\t\t<div class=\"elementor-element elementor-element-25da640 elementor-widget elementor-widget-spacer\" data-id=\"25da640\" data-element_type=\"widget\" data-e-type=\"widget\" data-widget_type=\"spacer.default\">\n\t\t\t\t<div class=\"elementor-widget-container\">\n\t\t\t\t\t\t\t<div class=\"elementor-spacer\">\n\t\t\t<div class=\"elementor-spacer-inner\"><\/div>\n\t\t<\/div>\n\t\t\t\t\t\t<\/div>\n\t\t\t\t<\/div>\n\t\t\t\t\t<\/div>\n\t\t\t\t<\/div>\n\t\t\t\t<\/div>\n\t\t","protected":false},"excerpt":{"rendered":"<p>18 prosinca, 2024 Annunciamo il \u2018Ritrovo natalizio degli abitanti di Brotnjo\u2019 sulla piazza Domenica 22 dicembre, sulla piazza di Bro\u0107anski, si terr\u00e0 il &#8220;Ritrovo natalizio degli abitanti di Pro\u010ditajte vi\u0161e<\/p>\n","protected":false},"author":7,"featured_media":0,"parent":0,"menu_order":0,"comment_status":"closed","ping_status":"closed","template":"elementor_header_footer","meta":{"footnotes":""},"class_list":["post-12522","page","type-page","status-publish","hentry","vs-blog blog-single"],"aioseo_notices":[],"rttpg_featured_image_url":null,"rttpg_author":{"display_name":"Karlo","author_link":"https:\/\/tzcitluk.ba\/it\/author\/karlo\/"},"rttpg_comment":0,"rttpg_category":"","rttpg_excerpt":"18 prosinca, 2024 Annunciamo il \u2018Ritrovo natalizio degli abitanti di Brotnjo\u2019 sulla piazza Domenica 22 dicembre, sulla piazza di Bro\u0107anski, si terr\u00e0 il &#8220;Ritrovo natalizio degli abitanti di Pro\u010ditajte vi\u0161e","_links":{"self":[{"href":"https:\/\/tzcitluk.ba\/it\/wp-json\/wp\/v2\/pages\/12522","targetHints":{"allow":["GET"]}}],"collection":[{"href":"https:\/\/tzcitluk.ba\/it\/wp-json\/wp\/v2\/pages"}],"about":[{"href":"https:\/\/tzcitluk.ba\/it\/wp-json\/wp\/v2\/types\/page"}],"author":[{"embeddable":true,"href":"https:\/\/tzcitluk.ba\/it\/wp-json\/wp\/v2\/users\/7"}],"replies":[{"embeddable":true,"href":"https:\/\/tzcitluk.ba\/it\/wp-json\/wp\/v2\/comments?post=12522"}],"version-history":[{"count":8,"href":"https:\/\/tzcitluk.ba\/it\/wp-json\/wp\/v2\/pages\/12522\/revisions"}],"predecessor-version":[{"id":13816,"href":"https:\/\/tzcitluk.ba\/it\/wp-json\/wp\/v2\/pages\/12522\/revisions\/13816"}],"wp:attachment":[{"href":"https:\/\/tzcitluk.ba\/it\/wp-json\/wp\/v2\/media?parent=12522"}],"curies":[{"name":"wp","href":"https:\/\/api.w.org\/{rel}","templated":true}]}}