{"id":13374,"date":"2024-11-11T16:40:14","date_gmt":"2024-11-11T15:40:14","guid":{"rendered":"https:\/\/tzcitluk.ba\/zupa-gradnici\/"},"modified":"2025-01-08T17:45:50","modified_gmt":"2025-01-08T16:45:50","slug":"parafia-gradnici","status":"publish","type":"page","link":"https:\/\/tzcitluk.ba\/pl\/parafia-gradnici\/","title":{"rendered":"Parafia Gradni\u0107i"},"content":{"rendered":"\t\t<div data-elementor-type=\"wp-page\" data-elementor-id=\"13374\" class=\"elementor elementor-13374 elementor-7718\">\n\t\t\t\t<div class=\"elementor-element elementor-element-3219b80 e-flex e-con-boxed e-con e-parent\" data-id=\"3219b80\" data-element_type=\"container\" data-e-type=\"container\">\n\t\t\t\t\t<div class=\"e-con-inner\">\n\t\t\t\t<div class=\"elementor-element elementor-element-59137d1 elementor-widget elementor-widget-heading\" data-id=\"59137d1\" data-element_type=\"widget\" data-e-type=\"widget\" data-widget_type=\"heading.default\">\n\t\t\t\t<div class=\"elementor-widget-container\">\n\t\t\t\t\t<h3 class=\"elementor-heading-title elementor-size-default\">Parafia Gradni\u0107i <\/h3>\t\t\t\t<\/div>\n\t\t\t\t<\/div>\n\t\t\t\t<div class=\"elementor-element elementor-element-84bf803 elementor-widget elementor-widget-spacer\" data-id=\"84bf803\" data-element_type=\"widget\" data-e-type=\"widget\" data-widget_type=\"spacer.default\">\n\t\t\t\t<div class=\"elementor-widget-container\">\n\t\t\t\t\t\t\t<div class=\"elementor-spacer\">\n\t\t\t<div class=\"elementor-spacer-inner\"><\/div>\n\t\t<\/div>\n\t\t\t\t\t\t<\/div>\n\t\t\t\t<\/div>\n\t\t\t\t<div class=\"elementor-element elementor-element-5a5c3ae elementor-widget elementor-widget-text-editor\" data-id=\"5a5c3ae\" data-element_type=\"widget\" data-e-type=\"widget\" data-widget_type=\"text-editor.default\">\n\t\t\t\t<div class=\"elementor-widget-container\">\n\t\t\t\t\t\t\t\t\t<p><em><strong>Parafia Gradni\u0107i<\/strong><\/em> \u2013 obecnie ma\u0142a parafia w Brotnji, kiedy\u015b ogromna pod wzgl\u0119dem powierzchni i liczby mieszka\u0144c\u00f3w. Gradni\u0107i s\u0105 macierz\u0105 wszystkich innych parafii bro\u0107a\u0144skich. Parafia Gradni\u0107i jest najstarsz\u0105 parafi\u0105 w Brotnji i jedn\u0105 z najstarszych parafii w Hercegowinie. Znajduje si\u0119 w niej najstarszy dom parafialny w Hercegowinie, a tak\u017ce najstarsza piwnica winiarska w Bo\u015bni i Hercegowinie.<br \/>Dni Didaka to wydarzenie kulturalno-naukowo-duchowe po\u015bwi\u0119cone promocji postaci i dzie\u0142a fra Didaka Bunti\u0107a. To wydarzenie rozpocz\u0119\u0142o si\u0119 w 2004 roku w rodzinnej parafii Didaka i w du\u017cym stopniu przyczyni\u0142o si\u0119 do zaprezentowania postaci i dzie\u0142a fra Didaka Bunti\u0107a obecnym pokoleniom, co pozwoli\u0142o kontynuowa\u0107 zachowanie pami\u0119ci o Ocu Hercegowiny. Dni Didaka przyczyni\u0142y si\u0119 r\u00f3wnie\u017c do odnowienia dziedzictwa religijno-kulturalno-historycznego w parafii Gradni\u0107i. Parafia ta mo\u017ce pochwali\u0107 si\u0119 star\u0105 parafialn\u0105 \u015bwi\u0105tyni\u0105, najstarsz\u0105 piwnic\u0105 winiarsk\u0105 i star\u0105 szko\u0142\u0105. W ramach wydarzenia otworzono tak\u017ce odnowiony dom pami\u0119ci fra Didaka Bunti\u0107a. Jest to dom w Pao\u010di, w kt\u00f3rym urodzi\u0142 si\u0119 fra Didak, a pomnik upami\u0119tniaj\u0105cy go zdobi plac przed ko\u015bcio\u0142em parafialnym. Pomnik przed ko\u015bcio\u0142em parafialnym w Gradni\u0107ach to dzie\u0142o rze\u017abiarza akademickiego Petra Doli\u0107a, a jego uroczyste otwarcie mia\u0142o miejsce podczas trzecich Dni Didaka. Inicjatorem Dni Didaka jest fra Marinko \u0160akota. Pomys\u0142 organizacji wydarzenia zosta\u0142 entuzjastycznie przyj\u0119ty przez parafian z parafii Gradni\u0107i, kt\u00f3rzy poprzez swoj\u0105 prac\u0119 i wysi\u0142ek wnosz\u0105 ogromny wk\u0142ad w Dni Didaka.<\/p>\t\t\t\t\t\t\t\t<\/div>\n\t\t\t\t<\/div>\n\t\t\t\t<div class=\"elementor-element elementor-element-db7edc0 elementor-arrows-position-inside elementor-widget elementor-widget-image-carousel\" data-id=\"db7edc0\" data-element_type=\"widget\" data-e-type=\"widget\" data-settings=\"{&quot;navigation&quot;:&quot;arrows&quot;,&quot;autoplay_speed&quot;:2000,&quot;image_spacing_custom&quot;:{&quot;unit&quot;:&quot;px&quot;,&quot;size&quot;:5,&quot;sizes&quot;:[]},&quot;autoplay&quot;:&quot;yes&quot;,&quot;pause_on_hover&quot;:&quot;yes&quot;,&quot;pause_on_interaction&quot;:&quot;yes&quot;,&quot;infinite&quot;:&quot;yes&quot;,&quot;speed&quot;:500,&quot;image_spacing_custom_tablet&quot;:{&quot;unit&quot;:&quot;px&quot;,&quot;size&quot;:&quot;&quot;,&quot;sizes&quot;:[]},&quot;image_spacing_custom_mobile&quot;:{&quot;unit&quot;:&quot;px&quot;,&quot;size&quot;:&quot;&quot;,&quot;sizes&quot;:[]}}\" data-widget_type=\"image-carousel.default\">\n\t\t\t\t<div class=\"elementor-widget-container\">\n\t\t\t\t\t\t\t<div class=\"elementor-image-carousel-wrapper swiper\" role=\"region\" aria-roledescription=\"carousel\" aria-label=\"Karuzela obrazk\u00f3w\" dir=\"ltr\">\n\t\t\t<div class=\"elementor-image-carousel swiper-wrapper\" aria-live=\"off\">\n\t\t\t\t\t\t\t\t<div class=\"swiper-slide\" role=\"group\" aria-roledescription=\"slide\" aria-label=\"1 z 7\"><a data-elementor-open-lightbox=\"yes\" data-elementor-lightbox-slideshow=\"db7edc0\" data-elementor-lightbox-title=\"image00018\" data-e-action-hash=\"#elementor-action%3Aaction%3Dlightbox%26settings%3DeyJpZCI6ODY4MSwidXJsIjoiaHR0cHM6XC9cL3R6Y2l0bHVrLmJhXC93cC1jb250ZW50XC91cGxvYWRzXC8yMDI0XC8xMVwvaW1hZ2UwMDAxOC0xLmpwZyIsInNsaWRlc2hvdyI6ImRiN2VkYzAifQ%3D%3D\" href=\"https:\/\/tzcitluk.ba\/wp-content\/uploads\/2024\/11\/image00018-1.jpg\"><figure class=\"swiper-slide-inner\"><img decoding=\"async\" class=\"swiper-slide-image\" src=\"https:\/\/tzcitluk.ba\/wp-content\/uploads\/elementor\/thumbs\/image00018-1-qxq691z8q1tyhpfx9cnjmcz4a4dqtkz6gzylcalu0s.jpg\" alt=\"image00018\" \/><\/figure><\/a><\/div><div class=\"swiper-slide\" role=\"group\" aria-roledescription=\"slide\" aria-label=\"2 z 7\"><a data-elementor-open-lightbox=\"yes\" data-elementor-lightbox-slideshow=\"db7edc0\" data-elementor-lightbox-title=\"image00019\" data-e-action-hash=\"#elementor-action%3Aaction%3Dlightbox%26settings%3DeyJpZCI6ODY3OCwidXJsIjoiaHR0cHM6XC9cL3R6Y2l0bHVrLmJhXC93cC1jb250ZW50XC91cGxvYWRzXC8yMDI0XC8xMVwvaW1hZ2UwMDAxOS0xLmpwZyIsInNsaWRlc2hvdyI6ImRiN2VkYzAifQ%3D%3D\" href=\"https:\/\/tzcitluk.ba\/wp-content\/uploads\/2024\/11\/image00019-1.jpg\"><figure class=\"swiper-slide-inner\"><img decoding=\"async\" class=\"swiper-slide-image\" src=\"https:\/\/tzcitluk.ba\/wp-content\/uploads\/elementor\/thumbs\/image00019-1-qxq68k4b475id45v5mxmszhczstrrc0a2jkd81cbb0.jpg\" alt=\"image00019\" \/><\/figure><\/a><\/div><div class=\"swiper-slide\" role=\"group\" aria-roledescription=\"slide\" aria-label=\"3 z 7\"><a data-elementor-open-lightbox=\"yes\" data-elementor-lightbox-slideshow=\"db7edc0\" data-elementor-lightbox-title=\"image00017\" data-e-action-hash=\"#elementor-action%3Aaction%3Dlightbox%26settings%3DeyJpZCI6ODY1NiwidXJsIjoiaHR0cHM6XC9cL3R6Y2l0bHVrLmJhXC93cC1jb250ZW50XC91cGxvYWRzXC8yMDI0XC8xMVwvaW1hZ2UwMDAxNy5qcGciLCJzbGlkZXNob3ciOiJkYjdlZGMwIn0%3D\" href=\"https:\/\/tzcitluk.ba\/wp-content\/uploads\/2024\/11\/image00017.jpg\"><figure class=\"swiper-slide-inner\"><img decoding=\"async\" class=\"swiper-slide-image\" src=\"https:\/\/tzcitluk.ba\/wp-content\/uploads\/elementor\/thumbs\/image00017-qxq5foit5fmdoe3xs5k979tjzn5ta3d5fm1cg05qgs.jpg\" alt=\"image00017\" \/><\/figure><\/a><\/div><div class=\"swiper-slide\" role=\"group\" aria-roledescription=\"slide\" aria-label=\"4 z 7\"><a data-elementor-open-lightbox=\"yes\" data-elementor-lightbox-slideshow=\"db7edc0\" data-elementor-lightbox-title=\"crkva-u-gradnicima-2\" data-e-action-hash=\"#elementor-action%3Aaction%3Dlightbox%26settings%3DeyJpZCI6ODQwMiwidXJsIjoiaHR0cHM6XC9cL3R6Y2l0bHVrLmJhXC93cC1jb250ZW50XC91cGxvYWRzXC8yMDI0XC8xMVwvY3JrdmEtdS1ncmFkbmljaW1hLTIuanBnIiwic2xpZGVzaG93IjoiZGI3ZWRjMCJ9\" href=\"https:\/\/tzcitluk.ba\/wp-content\/uploads\/2024\/11\/crkva-u-gradnicima-2.jpg\"><figure class=\"swiper-slide-inner\"><img decoding=\"async\" class=\"swiper-slide-image\" src=\"https:\/\/tzcitluk.ba\/wp-content\/uploads\/elementor\/thumbs\/crkva-u-gradnicima-2-qxmrdq71c0mp68kldudqh2kvyoeda9o9zk7kkv48xo.jpg\" alt=\"crkva-u-gradnicima-2\" \/><\/figure><\/a><\/div><div class=\"swiper-slide\" role=\"group\" aria-roledescription=\"slide\" aria-label=\"5 z 7\"><a data-elementor-open-lightbox=\"yes\" data-elementor-lightbox-slideshow=\"db7edc0\" data-elementor-lightbox-title=\"image00010\" data-e-action-hash=\"#elementor-action%3Aaction%3Dlightbox%26settings%3DeyJpZCI6MTE5OTQsInVybCI6Imh0dHBzOlwvXC90emNpdGx1ay5iYVwvd3AtY29udGVudFwvdXBsb2Fkc1wvMjAyNFwvMTJcL2ltYWdlMDAwMTAuanBnIiwic2xpZGVzaG93IjoiZGI3ZWRjMCJ9\" href=\"https:\/\/tzcitluk.ba\/wp-content\/uploads\/2024\/12\/image00010.jpg\"><figure class=\"swiper-slide-inner\"><img decoding=\"async\" class=\"swiper-slide-image\" src=\"https:\/\/tzcitluk.ba\/wp-content\/uploads\/elementor\/thumbs\/image00010-qyg9w0ljsoe4q9w5k8pcj8sunbld45o4kwwql7173w.jpg\" alt=\"image00010\" \/><\/figure><\/a><\/div><div class=\"swiper-slide\" role=\"group\" aria-roledescription=\"slide\" aria-label=\"6 z 7\"><a data-elementor-open-lightbox=\"yes\" data-elementor-lightbox-slideshow=\"db7edc0\" data-elementor-lightbox-title=\"image00011\" data-e-action-hash=\"#elementor-action%3Aaction%3Dlightbox%26settings%3DeyJpZCI6MTIwMDEsInVybCI6Imh0dHBzOlwvXC90emNpdGx1ay5iYVwvd3AtY29udGVudFwvdXBsb2Fkc1wvMjAyNFwvMTJcL2ltYWdlMDAwMTEuanBnIiwic2xpZGVzaG93IjoiZGI3ZWRjMCJ9\" href=\"https:\/\/tzcitluk.ba\/wp-content\/uploads\/2024\/12\/image00011.jpg\"><figure class=\"swiper-slide-inner\"><img decoding=\"async\" class=\"swiper-slide-image\" src=\"https:\/\/tzcitluk.ba\/wp-content\/uploads\/elementor\/thumbs\/image00011-qyg9w2h86cgpdhtf99ilo8bru3c3jjvl967pjqyerg.jpg\" alt=\"image00011\" \/><\/figure><\/a><\/div><div class=\"swiper-slide\" role=\"group\" aria-roledescription=\"slide\" aria-label=\"7 z 7\"><a data-elementor-open-lightbox=\"yes\" data-elementor-lightbox-slideshow=\"db7edc0\" data-elementor-lightbox-title=\"image00013\" data-e-action-hash=\"#elementor-action%3Aaction%3Dlightbox%26settings%3DeyJpZCI6MTIwMDgsInVybCI6Imh0dHBzOlwvXC90emNpdGx1ay5iYVwvd3AtY29udGVudFwvdXBsb2Fkc1wvMjAyNFwvMTJcL2ltYWdlMDAwMTMuanBnIiwic2xpZGVzaG93IjoiZGI3ZWRjMCJ9\" href=\"https:\/\/tzcitluk.ba\/wp-content\/uploads\/2024\/12\/image00013.jpg\"><figure class=\"swiper-slide-inner\"><img decoding=\"async\" class=\"swiper-slide-image\" src=\"https:\/\/tzcitluk.ba\/wp-content\/uploads\/elementor\/thumbs\/image00013-qyg9w4cwk0ja0pqoyabut7up0v2tyy31xfioiavmf0.jpg\" alt=\"image00013\" \/><\/figure><\/a><\/div>\t\t\t<\/div>\n\t\t\t\t\t\t\t\t\t\t\t\t<div class=\"elementor-swiper-button elementor-swiper-button-prev\" role=\"button\" tabindex=\"0\">\n\t\t\t\t\t\t<svg aria-hidden=\"true\" class=\"e-font-icon-svg e-eicon-chevron-left\" viewBox=\"0 0 1000 1000\" xmlns=\"http:\/\/www.w3.org\/2000\/svg\"><path d=\"M646 125C629 125 613 133 604 142L308 442C296 454 292 471 292 487 292 504 296 521 308 533L604 854C617 867 629 875 646 875 663 875 679 871 692 858 704 846 713 829 713 812 713 796 708 779 692 767L438 487 692 225C700 217 708 204 708 187 708 171 704 154 692 142 675 129 663 125 646 125Z\"><\/path><\/svg>\t\t\t\t\t<\/div>\n\t\t\t\t\t<div class=\"elementor-swiper-button elementor-swiper-button-next\" role=\"button\" tabindex=\"0\">\n\t\t\t\t\t\t<svg aria-hidden=\"true\" class=\"e-font-icon-svg e-eicon-chevron-right\" viewBox=\"0 0 1000 1000\" xmlns=\"http:\/\/www.w3.org\/2000\/svg\"><path d=\"M696 533C708 521 713 504 713 487 713 471 708 454 696 446L400 146C388 133 375 125 354 125 338 125 325 129 313 142 300 154 292 171 292 187 292 204 296 221 308 233L563 492 304 771C292 783 288 800 288 817 288 833 296 850 308 863 321 871 338 875 354 875 371 875 388 867 400 854L696 533Z\"><\/path><\/svg>\t\t\t\t\t<\/div>\n\t\t\t\t\n\t\t\t\t\t\t\t\t\t<\/div>\n\t\t\t\t\t\t<\/div>\n\t\t\t\t<\/div>\n\t\t\t\t\t<\/div>\n\t\t\t\t<\/div>\n\t\t\t\t<\/div>\n\t\t","protected":false},"excerpt":{"rendered":"<p>Parafia Gradni\u0107i Parafia Gradni\u0107i \u2013 obecnie ma\u0142a parafia w Brotnji, kiedy\u015b ogromna pod wzgl\u0119dem powierzchni i liczby mieszka\u0144c\u00f3w. Gradni\u0107i s\u0105 macierz\u0105 wszystkich innych parafii bro\u0107a\u0144skich. Parafia Gradni\u0107i jest najstarsz\u0105 parafi\u0105 w Brotnji i jedn\u0105 z najstarszych parafii w Hercegowinie. Znajduje si\u0119 w niej najstarszy dom parafialny w Hercegowinie, a tak\u017ce najstarsza piwnica winiarska w Bo\u015bni&#8230;<\/p>\n","protected":false},"author":2,"featured_media":0,"parent":0,"menu_order":0,"comment_status":"closed","ping_status":"closed","template":"","meta":{"footnotes":""},"class_list":["post-13374","page","type-page","status-publish","hentry"],"aioseo_notices":[],"rttpg_featured_image_url":null,"rttpg_author":{"display_name":"kreso","author_link":"https:\/\/tzcitluk.ba\/pl\/author\/kreso\/"},"rttpg_comment":0,"rttpg_category":" <a href=\"https:\/\/tzcitluk.ba\/pl\/?taxonomy=translation_priority&#038;term=opcjonalne\" rel=\"tag\">Opcjonalne<\/a>","rttpg_excerpt":"Parafia Gradni\u0107i Parafia Gradni\u0107i \u2013 obecnie ma\u0142a parafia w Brotnji, kiedy\u015b ogromna pod wzgl\u0119dem powierzchni i liczby mieszka\u0144c\u00f3w. Gradni\u0107i s\u0105 macierz\u0105 wszystkich innych parafii bro\u0107a\u0144skich. Parafia Gradni\u0107i jest najstarsz\u0105 parafi\u0105 w Brotnji i jedn\u0105 z najstarszych parafii w Hercegowinie. Znajduje si\u0119 w niej najstarszy dom parafialny w Hercegowinie, a tak\u017ce najstarsza piwnica winiarska w Bo\u015bni...","_links":{"self":[{"href":"https:\/\/tzcitluk.ba\/pl\/wp-json\/wp\/v2\/pages\/13374","targetHints":{"allow":["GET"]}}],"collection":[{"href":"https:\/\/tzcitluk.ba\/pl\/wp-json\/wp\/v2\/pages"}],"about":[{"href":"https:\/\/tzcitluk.ba\/pl\/wp-json\/wp\/v2\/types\/page"}],"author":[{"embeddable":true,"href":"https:\/\/tzcitluk.ba\/pl\/wp-json\/wp\/v2\/users\/2"}],"replies":[{"embeddable":true,"href":"https:\/\/tzcitluk.ba\/pl\/wp-json\/wp\/v2\/comments?post=13374"}],"version-history":[{"count":5,"href":"https:\/\/tzcitluk.ba\/pl\/wp-json\/wp\/v2\/pages\/13374\/revisions"}],"predecessor-version":[{"id":14397,"href":"https:\/\/tzcitluk.ba\/pl\/wp-json\/wp\/v2\/pages\/13374\/revisions\/14397"}],"wp:attachment":[{"href":"https:\/\/tzcitluk.ba\/pl\/wp-json\/wp\/v2\/media?parent=13374"}],"curies":[{"name":"wp","href":"https:\/\/api.w.org\/{rel}","templated":true}]}}