{"id":13397,"date":"2024-11-12T15:51:12","date_gmt":"2024-11-12T14:51:12","guid":{"rendered":"https:\/\/tzcitluk.ba\/prica-o-vinu\/"},"modified":"2025-01-08T17:13:49","modified_gmt":"2025-01-08T16:13:49","slug":"historia-wina","status":"publish","type":"page","link":"https:\/\/tzcitluk.ba\/pl\/historia-wina\/","title":{"rendered":"Historia wina"},"content":{"rendered":"\t\t<div data-elementor-type=\"wp-page\" data-elementor-id=\"13397\" class=\"elementor elementor-13397 elementor-7737\">\n\t\t\t\t<div class=\"elementor-element elementor-element-ef71ef8 e-flex e-con-boxed e-con e-parent\" data-id=\"ef71ef8\" data-element_type=\"container\" data-e-type=\"container\">\n\t\t\t\t\t<div class=\"e-con-inner\">\n\t\t\t\t<div class=\"elementor-element elementor-element-bfadd8d elementor-widget elementor-widget-heading\" data-id=\"bfadd8d\" data-element_type=\"widget\" data-e-type=\"widget\" data-widget_type=\"heading.default\">\n\t\t\t\t<div class=\"elementor-widget-container\">\n\t\t\t\t\t<h2 class=\"elementor-heading-title elementor-size-default\">Historia wina<\/h2>\t\t\t\t<\/div>\n\t\t\t\t<\/div>\n\t\t\t\t<div class=\"elementor-element elementor-element-cd38554 elementor-widget elementor-widget-text-editor\" data-id=\"cd38554\" data-element_type=\"widget\" data-e-type=\"widget\" data-widget_type=\"text-editor.default\">\n\t\t\t\t<div class=\"elementor-widget-container\">\n\t\t\t\t\t\t\t\t\t<p>Brotnjo jest uciele\u015bnieniem winiarskiej kultury Hercegowiny, szczyc\u0105c si\u0119 bogat\u0105 histori\u0105 uprawy winoro\u015bli i produkcji wy\u015bmienitych win. Blatina i \u017bilavka s\u0105 jednymi z najpopularniejszych odmian, a miejscowi winiarze tradycyjnymi metodami wytwarzaj\u0105 wina wyj\u0105tkowej jako\u015bci.<br \/>Brotnjo mo\u017ce r\u00f3wnie\u017c pochwali\u0107 si\u0119 faktem, \u017ce w Gradni\u0107ach znajduje si\u0119 najstarsza piwnica winiarska w Bo\u015bni i Hercegowinie, kt\u00f3r\u0105 w 1855 roku za\u0142o\u017cy\u0142 \u00f3wczesny proboszcz fra Petar Bakula.<\/p>\t\t\t\t\t\t\t\t<\/div>\n\t\t\t\t<\/div>\n\t\t\t\t<div class=\"elementor-element elementor-element-e12c165 elementor-arrows-position-inside elementor-widget elementor-widget-image-carousel\" data-id=\"e12c165\" data-element_type=\"widget\" data-e-type=\"widget\" data-settings=\"{&quot;navigation&quot;:&quot;arrows&quot;,&quot;autoplay_speed&quot;:2000,&quot;image_spacing_custom&quot;:{&quot;unit&quot;:&quot;px&quot;,&quot;size&quot;:5,&quot;sizes&quot;:[]},&quot;autoplay&quot;:&quot;yes&quot;,&quot;pause_on_hover&quot;:&quot;yes&quot;,&quot;pause_on_interaction&quot;:&quot;yes&quot;,&quot;infinite&quot;:&quot;yes&quot;,&quot;speed&quot;:500,&quot;image_spacing_custom_tablet&quot;:{&quot;unit&quot;:&quot;px&quot;,&quot;size&quot;:&quot;&quot;,&quot;sizes&quot;:[]},&quot;image_spacing_custom_mobile&quot;:{&quot;unit&quot;:&quot;px&quot;,&quot;size&quot;:&quot;&quot;,&quot;sizes&quot;:[]}}\" data-widget_type=\"image-carousel.default\">\n\t\t\t\t<div class=\"elementor-widget-container\">\n\t\t\t\t\t\t\t<div class=\"elementor-image-carousel-wrapper swiper\" role=\"region\" aria-roledescription=\"carousel\" aria-label=\"Karuzela obrazk\u00f3w\" dir=\"ltr\">\n\t\t\t<div class=\"elementor-image-carousel swiper-wrapper\" aria-live=\"off\">\n\t\t\t\t\t\t\t\t<div class=\"swiper-slide\" role=\"group\" aria-roledescription=\"slide\" aria-label=\"1 z 3\"><a data-elementor-open-lightbox=\"yes\" data-elementor-lightbox-slideshow=\"e12c165\" data-elementor-lightbox-title=\"image00020\" data-e-action-hash=\"#elementor-action%3Aaction%3Dlightbox%26settings%3DeyJpZCI6ODY3OSwidXJsIjoiaHR0cHM6XC9cL3R6Y2l0bHVrLmJhXC93cC1jb250ZW50XC91cGxvYWRzXC8yMDI0XC8xMVwvaW1hZ2UwMDAyMC5qcGciLCJzbGlkZXNob3ciOiJlMTJjMTY1In0%3D\" href=\"https:\/\/tzcitluk.ba\/wp-content\/uploads\/2024\/11\/image00020.jpg\"><figure class=\"swiper-slide-inner\"><img decoding=\"async\" class=\"swiper-slide-image\" src=\"https:\/\/tzcitluk.ba\/wp-content\/uploads\/elementor\/thumbs\/image00020-qxq68lzzhv830c34unqvxz0a6kki6q7qqsvc6l9iyk.jpg\" alt=\"image00020\" \/><\/figure><\/a><\/div><div class=\"swiper-slide\" role=\"group\" aria-roledescription=\"slide\" aria-label=\"2 z 3\"><a data-elementor-open-lightbox=\"yes\" data-elementor-lightbox-slideshow=\"e12c165\" data-elementor-lightbox-title=\"image00018\" data-e-action-hash=\"#elementor-action%3Aaction%3Dlightbox%26settings%3DeyJpZCI6ODY4MSwidXJsIjoiaHR0cHM6XC9cL3R6Y2l0bHVrLmJhXC93cC1jb250ZW50XC91cGxvYWRzXC8yMDI0XC8xMVwvaW1hZ2UwMDAxOC0xLmpwZyIsInNsaWRlc2hvdyI6ImUxMmMxNjUifQ%3D%3D\" href=\"https:\/\/tzcitluk.ba\/wp-content\/uploads\/2024\/11\/image00018-1.jpg\"><figure class=\"swiper-slide-inner\"><img decoding=\"async\" class=\"swiper-slide-image\" src=\"https:\/\/tzcitluk.ba\/wp-content\/uploads\/elementor\/thumbs\/image00018-1-qxq691z8q1tyhpfx9cnjmcz4a4dqtkz6gzylcalu0s.jpg\" alt=\"image00018\" \/><\/figure><\/a><\/div><div class=\"swiper-slide\" role=\"group\" aria-roledescription=\"slide\" aria-label=\"3 z 3\"><a data-elementor-open-lightbox=\"yes\" data-elementor-lightbox-slideshow=\"e12c165\" data-elementor-lightbox-title=\"image00021\" data-e-action-hash=\"#elementor-action%3Aaction%3Dlightbox%26settings%3DeyJpZCI6ODY4MCwidXJsIjoiaHR0cHM6XC9cL3R6Y2l0bHVrLmJhXC93cC1jb250ZW50XC91cGxvYWRzXC8yMDI0XC8xMVwvaW1hZ2UwMDAyMS5qcGciLCJzbGlkZXNob3ciOiJlMTJjMTY1In0%3D\" href=\"https:\/\/tzcitluk.ba\/wp-content\/uploads\/2024\/11\/image00021.jpg\"><figure class=\"swiper-slide-inner\"><img decoding=\"async\" class=\"swiper-slide-image\" src=\"https:\/\/tzcitluk.ba\/wp-content\/uploads\/elementor\/thumbs\/image00021-qxq68mxtop9dby1rp65iigrqryfvefbh2xitnv84sc.jpg\" alt=\"image00021\" \/><\/figure><\/a><\/div>\t\t\t<\/div>\n\t\t\t\t\t\t\t\t\t\t\t\t<div class=\"elementor-swiper-button elementor-swiper-button-prev\" role=\"button\" tabindex=\"0\">\n\t\t\t\t\t\t<svg aria-hidden=\"true\" class=\"e-font-icon-svg e-eicon-chevron-left\" viewBox=\"0 0 1000 1000\" xmlns=\"http:\/\/www.w3.org\/2000\/svg\"><path d=\"M646 125C629 125 613 133 604 142L308 442C296 454 292 471 292 487 292 504 296 521 308 533L604 854C617 867 629 875 646 875 663 875 679 871 692 858 704 846 713 829 713 812 713 796 708 779 692 767L438 487 692 225C700 217 708 204 708 187 708 171 704 154 692 142 675 129 663 125 646 125Z\"><\/path><\/svg>\t\t\t\t\t<\/div>\n\t\t\t\t\t<div class=\"elementor-swiper-button elementor-swiper-button-next\" role=\"button\" tabindex=\"0\">\n\t\t\t\t\t\t<svg aria-hidden=\"true\" class=\"e-font-icon-svg e-eicon-chevron-right\" viewBox=\"0 0 1000 1000\" xmlns=\"http:\/\/www.w3.org\/2000\/svg\"><path d=\"M696 533C708 521 713 504 713 487 713 471 708 454 696 446L400 146C388 133 375 125 354 125 338 125 325 129 313 142 300 154 292 171 292 187 292 204 296 221 308 233L563 492 304 771C292 783 288 800 288 817 288 833 296 850 308 863 321 871 338 875 354 875 371 875 388 867 400 854L696 533Z\"><\/path><\/svg>\t\t\t\t\t<\/div>\n\t\t\t\t\n\t\t\t\t\t\t\t\t\t<\/div>\n\t\t\t\t\t\t<\/div>\n\t\t\t\t<\/div>\n\t\t\t\t<div class=\"elementor-element elementor-element-50bf67b elementor-widget elementor-widget-spacer\" data-id=\"50bf67b\" data-element_type=\"widget\" data-e-type=\"widget\" data-widget_type=\"spacer.default\">\n\t\t\t\t<div class=\"elementor-widget-container\">\n\t\t\t\t\t\t\t<div class=\"elementor-spacer\">\n\t\t\t<div class=\"elementor-spacer-inner\"><\/div>\n\t\t<\/div>\n\t\t\t\t\t\t<\/div>\n\t\t\t\t<\/div>\n\t\t\t\t<div class=\"elementor-element elementor-element-c787279 elementor-widget elementor-widget-heading\" data-id=\"c787279\" data-element_type=\"widget\" data-e-type=\"widget\" data-widget_type=\"heading.default\">\n\t\t\t\t<div class=\"elementor-widget-container\">\n\t\t\t\t\t<h2 class=\"elementor-heading-title elementor-size-default\">Winiarnie na terenie Brotnia<\/h2>\t\t\t\t<\/div>\n\t\t\t\t<\/div>\n\t\t\t\t<div class=\"elementor-element elementor-element-06ec850 title_position_default title_hover_border_default title-default img_hover_animation_default readmore-btn-default-style grid-hover-overlay-type-always tpg-el-box-border-enable tpg-border-bottom-disable elementor-widget elementor-widget-tpg-grid-layout\" data-id=\"06ec850\" data-element_type=\"widget\" data-e-type=\"widget\" data-widget_type=\"tpg-grid-layout.default\">\n\t\t\t\t<div class=\"elementor-widget-container\">\n\t\t\t\t\t\t\t<div class=\"rt-container-fluid rt-tpg-container tpg-el-main-wrapper clearfix grid-layout3-main \"\n\t\t\t id=\"rt-tpg-container-431113424\"\n\t\t\t data-layout=\"grid-layout3\"\n\t\t\t data-grid-style=\"tpg-full-height\"\n\t\t\t data-sc-id=\"elementor\"\n\t\t\t data-el-settings=''\n\t\t\t data-el-query=''\n\t\t\t data-el-path=''\n\t\t>\n\t\t\t\t\t\t<div class='tpg-header-wrapper '>\n\t\t\t\t\t\t\t<\/div>\n\n\t\t\t<div data-title=\"Loading ...\" class=\"rt-row rt-content-loader grid-layout3 grid-behaviour tpg-full-height grid_layout_wrapper\">\n\t\t\t\t\n<div class=\"rt-col-md-4 rt-col-sm-6 rt-col-xs-12 default rt-grid-item\" data-id=\"14760\">\n\t<div class=\"rt-holder tpg-post-holder \">\n\t\t<div class=\"rt-detail rt-el-content-wrapper\">\n\t\t\t\t\t\t\t<div class=\"rt-img-holder tpg-el-image-wrap has-thumbnail\">\n\t\t\t\t\t<a data-id=\"14760\" href=\"https:\/\/tzcitluk.ba\/pl\/winnica-dodig\/\" class=\"tpg-post-link\" target=\"_self\">                        <img fetchpriority=\"high\" decoding=\"async\" src=\"https:\/\/tzcitluk.ba\/wp-content\/uploads\/2025\/01\/logo-dodig-1-768x387.jpg\"\n                             class=\"rt-img-responsive\"\n                             width=\"751\"\n                             height=\"378\"\n                             alt=\"Winnica Dodig\">\n\t\t\t\t\t\t\n\t\t\t\t\t\t\t\n\t\t<\/a>\n\t\t        <div class=\"overlay grid-hover-content\"><\/div>\n\t\t\t\t\t\t<\/div>\n\t\t\t\n\n\t\t\t<div class=\"entry-title-wrapper\"><h3 class=\"entry-title\"><a data-id=\"14760\" href=\"https:\/\/tzcitluk.ba\/pl\/winnica-dodig\/\" class=\"tpg-post-link\" target=\"_self\">Winnica Dodig<\/a><\/h3><\/div>\n\t\t\t\n\t\t\t\t\t\t\t<div class=\"tpg-excerpt tpg-el-excerpt\">\n\t\t\t\t\t\t\t\t\t\t\t<div class=\"tpg-excerpt-inner\">\n\t\t\t\t\t\t\tdarkododig@icloud.com\r\n + 387 63 035 141 \r\n Strona w budowie\t\t\t\t\t\t<\/div>\n\t\t\t\t\t\t\t\t\t\t\t\t\t\t<\/div>\n\t\t\t\n\t\t\t        <div class=\"post-footer\">\n            <div class=\"post-footer\">\n                <div class=\"read-more\">\n\t\t\t\t\t<a data-id=\"14760\" href=\"https:\/\/tzcitluk.ba\/pl\/winnica-dodig\/\" class=\"tpg-post-link\" target=\"_self\">Czytaj wi\u0119cej<\/a>                <\/div>\n            <\/div>\n        <\/div>\n\t\t\t\t<\/div>\n\t<\/div>\n<\/div>\n\n<div class=\"rt-col-md-4 rt-col-sm-6 rt-col-xs-12 default rt-grid-item\" data-id=\"13493\">\n\t<div class=\"rt-holder tpg-post-holder \">\n\t\t<div class=\"rt-detail rt-el-content-wrapper\">\n\t\t\t\t\t\t\t<div class=\"rt-img-holder tpg-el-image-wrap has-thumbnail\">\n\t\t\t\t\t<a data-id=\"13493\" href=\"https:\/\/tzcitluk.ba\/pl\/winnica-ostojic\/\" class=\"tpg-post-link\" target=\"_self\">                        <img decoding=\"async\" src=\"https:\/\/tzcitluk.ba\/wp-content\/uploads\/2024\/11\/2-Ostojice-BRAND-Logo-OSNOVNI_OBLIK-PRESS-siroka_slika-768x348.jpg\"\n                             class=\"rt-img-responsive\"\n                             width=\"751\"\n                             height=\"340\"\n                             alt=\"Winnica Ostoji\u0107\">\n\t\t\t\t\t\t\n\t\t\t\t\t\t\t\n\t\t<\/a>\n\t\t        <div class=\"overlay grid-hover-content\"><\/div>\n\t\t\t\t\t\t<\/div>\n\t\t\t\n\n\t\t\t<div class=\"entry-title-wrapper\"><h3 class=\"entry-title\"><a data-id=\"13493\" href=\"https:\/\/tzcitluk.ba\/pl\/winnica-ostojic\/\" class=\"tpg-post-link\" target=\"_self\">Winnica Ostoji\u0107<\/a><\/h3><\/div>\n\t\t\t\n\t\t\t\t\t\t\t<div class=\"tpg-excerpt tpg-el-excerpt\">\n\t\t\t\t\t\t\t\t\t\t\t<div class=\"tpg-excerpt-inner\">\n\t\t\t\t\t\t\tvino@podrumostojic.ba\r\n +387(0)36 650 801\r\n www.podrumostojic.ba\t\t\t\t\t\t<\/div>\n\t\t\t\t\t\t\t\t\t\t\t\t\t\t<\/div>\n\t\t\t\n\t\t\t        <div class=\"post-footer\">\n            <div class=\"post-footer\">\n                <div class=\"read-more\">\n\t\t\t\t\t<a data-id=\"13493\" href=\"https:\/\/tzcitluk.ba\/pl\/winnica-ostojic\/\" class=\"tpg-post-link\" target=\"_self\">Czytaj wi\u0119cej<\/a>                <\/div>\n            <\/div>\n        <\/div>\n\t\t\t\t<\/div>\n\t<\/div>\n<\/div>\n\n<div class=\"rt-col-md-4 rt-col-sm-6 rt-col-xs-12 default rt-grid-item\" data-id=\"13498\">\n\t<div class=\"rt-holder tpg-post-holder \">\n\t\t<div class=\"rt-detail rt-el-content-wrapper\">\n\t\t\t\t\t\t\t<div class=\"rt-img-holder tpg-el-image-wrap has-thumbnail\">\n\t\t\t\t\t<a data-id=\"13498\" href=\"https:\/\/tzcitluk.ba\/pl\/winnica-marijanovic\/\" class=\"tpg-post-link\" target=\"_self\">                        <img decoding=\"async\" src=\"https:\/\/tzcitluk.ba\/wp-content\/uploads\/2024\/11\/LOGO-VinarijaFIN_siroka_slika-768x355.jpg\"\n                             class=\"rt-img-responsive\"\n                             width=\"751\"\n                             height=\"347\"\n                             alt=\"Winnica Marijanovi\u0107\">\n\t\t\t\t\t\t\n\t\t\t\t\t\t\t\n\t\t<\/a>\n\t\t        <div class=\"overlay grid-hover-content\"><\/div>\n\t\t\t\t\t\t<\/div>\n\t\t\t\n\n\t\t\t<div class=\"entry-title-wrapper\"><h3 class=\"entry-title\"><a data-id=\"13498\" href=\"https:\/\/tzcitluk.ba\/pl\/winnica-marijanovic\/\" class=\"tpg-post-link\" target=\"_self\">Winnica Marijanovi\u0107<\/a><\/h3><\/div>\n\t\t\t\n\t\t\t\t\t\t\t<div class=\"tpg-excerpt tpg-el-excerpt\">\n\t\t\t\t\t\t\t\t\t\t\t<div class=\"tpg-excerpt-inner\">\n\t\t\t\t\t\t\tinfo@marijanovic.ba\r\n +387 63 177 198\r\n www.marijanovic.ba\t\t\t\t\t\t<\/div>\n\t\t\t\t\t\t\t\t\t\t\t\t\t\t<\/div>\n\t\t\t\n\t\t\t        <div class=\"post-footer\">\n            <div class=\"post-footer\">\n                <div class=\"read-more\">\n\t\t\t\t\t<a data-id=\"13498\" href=\"https:\/\/tzcitluk.ba\/pl\/winnica-marijanovic\/\" class=\"tpg-post-link\" target=\"_self\">Czytaj wi\u0119cej<\/a>                <\/div>\n            <\/div>\n        <\/div>\n\t\t\t\t<\/div>\n\t<\/div>\n<\/div>\n\n<div class=\"rt-col-md-4 rt-col-sm-6 rt-col-xs-12 default rt-grid-item\" data-id=\"13506\">\n\t<div class=\"rt-holder tpg-post-holder \">\n\t\t<div class=\"rt-detail rt-el-content-wrapper\">\n\t\t\t\t\t\t\t<div class=\"rt-img-holder tpg-el-image-wrap has-thumbnail\">\n\t\t\t\t\t<a data-id=\"13506\" href=\"https:\/\/tzcitluk.ba\/pl\/winnica-sivric\/\" class=\"tpg-post-link\" target=\"_self\">                        <img loading=\"lazy\" decoding=\"async\" src=\"https:\/\/tzcitluk.ba\/wp-content\/uploads\/2024\/11\/mali-crni-logo-12_siroka_slika-768x310.jpg\"\n                             class=\"rt-img-responsive\"\n                             width=\"751\"\n                             height=\"303\"\n                             alt=\"Winnica Sivri\u0107\">\n\t\t\t\t\t\t\n\t\t\t\t\t\t\t\n\t\t<\/a>\n\t\t        <div class=\"overlay grid-hover-content\"><\/div>\n\t\t\t\t\t\t<\/div>\n\t\t\t\n\n\t\t\t<div class=\"entry-title-wrapper\"><h3 class=\"entry-title\"><a data-id=\"13506\" href=\"https:\/\/tzcitluk.ba\/pl\/winnica-sivric\/\" class=\"tpg-post-link\" target=\"_self\">Winnica Sivri\u0107<\/a><\/h3><\/div>\n\t\t\t\n\t\t\t\t\t\t\t<div class=\"tpg-excerpt tpg-el-excerpt\">\n\t\t\t\t\t\t\t\t\t\t\t<div class=\"tpg-excerpt-inner\">\n\t\t\t\t\t\t\tanvsivric@gmail.com\r\n +387 36 651 545\r\n www.sivric-medjugorje.com\t\t\t\t\t\t<\/div>\n\t\t\t\t\t\t\t\t\t\t\t\t\t\t<\/div>\n\t\t\t\n\t\t\t        <div class=\"post-footer\">\n            <div class=\"post-footer\">\n                <div class=\"read-more\">\n\t\t\t\t\t<a data-id=\"13506\" href=\"https:\/\/tzcitluk.ba\/pl\/winnica-sivric\/\" class=\"tpg-post-link\" target=\"_self\">Czytaj wi\u0119cej<\/a>                <\/div>\n            <\/div>\n        <\/div>\n\t\t\t\t<\/div>\n\t<\/div>\n<\/div>\n\n<div class=\"rt-col-md-4 rt-col-sm-6 rt-col-xs-12 default rt-grid-item\" data-id=\"13511\">\n\t<div class=\"rt-holder tpg-post-holder \">\n\t\t<div class=\"rt-detail rt-el-content-wrapper\">\n\t\t\t\t\t\t\t<div class=\"rt-img-holder tpg-el-image-wrap has-thumbnail\">\n\t\t\t\t\t<a data-id=\"13511\" href=\"https:\/\/tzcitluk.ba\/pl\/winnica-rubis\/\" class=\"tpg-post-link\" target=\"_self\">                        <img loading=\"lazy\" decoding=\"async\" src=\"https:\/\/tzcitluk.ba\/wp-content\/uploads\/2024\/11\/image001_siroka_slika-768x310.jpg\"\n                             class=\"rt-img-responsive\"\n                             width=\"751\"\n                             height=\"303\"\n                             alt=\"Winnica Rubis\">\n\t\t\t\t\t\t\n\t\t\t\t\t\t\t\n\t\t<\/a>\n\t\t        <div class=\"overlay grid-hover-content\"><\/div>\n\t\t\t\t\t\t<\/div>\n\t\t\t\n\n\t\t\t<div class=\"entry-title-wrapper\"><h3 class=\"entry-title\"><a data-id=\"13511\" href=\"https:\/\/tzcitluk.ba\/pl\/winnica-rubis\/\" class=\"tpg-post-link\" target=\"_self\">Winnica Rubis<\/a><\/h3><\/div>\n\t\t\t\n\t\t\t\t\t\t\t<div class=\"tpg-excerpt tpg-el-excerpt\">\n\t\t\t\t\t\t\t\t\t\t\t<div class=\"tpg-excerpt-inner\">\n\t\t\t\t\t\t\tinfo@rubis.ba\r\n +387 63 12 43 33\r\n www.rubis.ba\t\t\t\t\t\t<\/div>\n\t\t\t\t\t\t\t\t\t\t\t\t\t\t<\/div>\n\t\t\t\n\t\t\t        <div class=\"post-footer\">\n            <div class=\"post-footer\">\n                <div class=\"read-more\">\n\t\t\t\t\t<a data-id=\"13511\" href=\"https:\/\/tzcitluk.ba\/pl\/winnica-rubis\/\" class=\"tpg-post-link\" target=\"_self\">Czytaj wi\u0119cej<\/a>                <\/div>\n            <\/div>\n        <\/div>\n\t\t\t\t<\/div>\n\t<\/div>\n<\/div>\n\n<div class=\"rt-col-md-4 rt-col-sm-6 rt-col-xs-12 default rt-grid-item\" data-id=\"13516\">\n\t<div class=\"rt-holder tpg-post-holder \">\n\t\t<div class=\"rt-detail rt-el-content-wrapper\">\n\t\t\t\t\t\t\t<div class=\"rt-img-holder tpg-el-image-wrap has-thumbnail\">\n\t\t\t\t\t<a data-id=\"13516\" href=\"https:\/\/tzcitluk.ba\/pl\/winnica-andrija\/\" class=\"tpg-post-link\" target=\"_self\">                        <img loading=\"lazy\" decoding=\"async\" src=\"https:\/\/tzcitluk.ba\/wp-content\/uploads\/2024\/11\/Logo-Podrumi-Andrija-sira-400slika-768x310.jpg\"\n                             class=\"rt-img-responsive\"\n                             width=\"751\"\n                             height=\"303\"\n                             alt=\"Winnica Andrija\">\n\t\t\t\t\t\t\n\t\t\t\t\t\t\t\n\t\t<\/a>\n\t\t        <div class=\"overlay grid-hover-content\"><\/div>\n\t\t\t\t\t\t<\/div>\n\t\t\t\n\n\t\t\t<div class=\"entry-title-wrapper\"><h3 class=\"entry-title\"><a data-id=\"13516\" href=\"https:\/\/tzcitluk.ba\/pl\/winnica-andrija\/\" class=\"tpg-post-link\" target=\"_self\">Winnica Andrija<\/a><\/h3><\/div>\n\t\t\t\n\t\t\t\t\t\t\t<div class=\"tpg-excerpt tpg-el-excerpt\">\n\t\t\t\t\t\t\t\t\t\t\t<div class=\"tpg-excerpt-inner\">\n\t\t\t\t\t\t\tinfo@podrumiandrija.com\r\n +387 36 643 102\r\n www.podrumiandrija.com\t\t\t\t\t\t<\/div>\n\t\t\t\t\t\t\t\t\t\t\t\t\t\t<\/div>\n\t\t\t\n\t\t\t        <div class=\"post-footer\">\n            <div class=\"post-footer\">\n                <div class=\"read-more\">\n\t\t\t\t\t<a data-id=\"13516\" href=\"https:\/\/tzcitluk.ba\/pl\/winnica-andrija\/\" class=\"tpg-post-link\" target=\"_self\">Czytaj wi\u0119cej<\/a>                <\/div>\n            <\/div>\n        <\/div>\n\t\t\t\t<\/div>\n\t<\/div>\n<\/div>\n\n<div class=\"rt-col-md-4 rt-col-sm-6 rt-col-xs-12 default rt-grid-item\" data-id=\"13521\">\n\t<div class=\"rt-holder tpg-post-holder \">\n\t\t<div class=\"rt-detail rt-el-content-wrapper\">\n\t\t\t\t\t\t\t<div class=\"rt-img-holder tpg-el-image-wrap has-thumbnail\">\n\t\t\t\t\t<a data-id=\"13521\" href=\"https:\/\/tzcitluk.ba\/pl\/winnica-citluk\/\" class=\"tpg-post-link\" target=\"_self\">                        <img loading=\"lazy\" decoding=\"async\" src=\"https:\/\/tzcitluk.ba\/wp-content\/uploads\/2024\/11\/Vinarija-Citluk-logo-_siroka_slika-768x310.jpg\"\n                             class=\"rt-img-responsive\"\n                             width=\"751\"\n                             height=\"303\"\n                             alt=\"Winnica \u010citluk\">\n\t\t\t\t\t\t\n\t\t\t\t\t\t\t\n\t\t<\/a>\n\t\t        <div class=\"overlay grid-hover-content\"><\/div>\n\t\t\t\t\t\t<\/div>\n\t\t\t\n\n\t\t\t<div class=\"entry-title-wrapper\"><h3 class=\"entry-title\"><a data-id=\"13521\" href=\"https:\/\/tzcitluk.ba\/pl\/winnica-citluk\/\" class=\"tpg-post-link\" target=\"_self\">Winnica \u010citluk<\/a><\/h3><\/div>\n\t\t\t\n\t\t\t\t\t\t\t<div class=\"tpg-excerpt tpg-el-excerpt\">\n\t\t\t\t\t\t\t\t\t\t\t<div class=\"tpg-excerpt-inner\">\n\t\t\t\t\t\t\tvinarija.citluk@tel.net.ba\r\n +387 36 642 232\r\n www.vinarija-citluk.ba\t\t\t\t\t\t<\/div>\n\t\t\t\t\t\t\t\t\t\t\t\t\t\t<\/div>\n\t\t\t\n\t\t\t        <div class=\"post-footer\">\n            <div class=\"post-footer\">\n                <div class=\"read-more\">\n\t\t\t\t\t<a data-id=\"13521\" href=\"https:\/\/tzcitluk.ba\/pl\/winnica-citluk\/\" class=\"tpg-post-link\" target=\"_self\">Czytaj wi\u0119cej<\/a>                <\/div>\n            <\/div>\n        <\/div>\n\t\t\t\t<\/div>\n\t<\/div>\n<\/div>\n\n<div class=\"rt-col-md-4 rt-col-sm-6 rt-col-xs-12 default rt-grid-item\" data-id=\"14149\">\n\t<div class=\"rt-holder tpg-post-holder \">\n\t\t<div class=\"rt-detail rt-el-content-wrapper\">\n\t\t\t\t\t\t\t<div class=\"rt-img-holder tpg-el-image-wrap has-thumbnail\">\n\t\t\t\t\t<a data-id=\"14149\" href=\"https:\/\/tzcitluk.ba\/pl\/winnica-brkic\/\" class=\"tpg-post-link\" target=\"_self\">                        <img loading=\"lazy\" decoding=\"async\" src=\"https:\/\/tzcitluk.ba\/wp-content\/uploads\/2024\/12\/brkic-1-logo-768x310.jpg\"\n                             class=\"rt-img-responsive\"\n                             width=\"751\"\n                             height=\"303\"\n                             alt=\"Winnica Brki\u0107\">\n\t\t\t\t\t\t\n\t\t\t\t\t\t\t\n\t\t<\/a>\n\t\t        <div class=\"overlay grid-hover-content\"><\/div>\n\t\t\t\t\t\t<\/div>\n\t\t\t\n\n\t\t\t<div class=\"entry-title-wrapper\"><h3 class=\"entry-title\"><a data-id=\"14149\" href=\"https:\/\/tzcitluk.ba\/pl\/winnica-brkic\/\" class=\"tpg-post-link\" target=\"_self\">Winnica Brki\u0107<\/a><\/h3><\/div>\n\t\t\t\n\t\t\t\t\t\t\t<div class=\"tpg-excerpt tpg-el-excerpt\">\n\t\t\t\t\t\t\t\t\t\t\t<div class=\"tpg-excerpt-inner\">\n\t\t\t\t\t\t\tvinobrkic@gmail.com\r\n +387 63 320 205\r\n www.brkic.ba\t\t\t\t\t\t<\/div>\n\t\t\t\t\t\t\t\t\t\t\t\t\t\t<\/div>\n\t\t\t\n\t\t\t        <div class=\"post-footer\">\n            <div class=\"post-footer\">\n                <div class=\"read-more\">\n\t\t\t\t\t<a data-id=\"14149\" href=\"https:\/\/tzcitluk.ba\/pl\/winnica-brkic\/\" class=\"tpg-post-link\" target=\"_self\">Czytaj wi\u0119cej<\/a>                <\/div>\n            <\/div>\n        <\/div>\n\t\t\t\t<\/div>\n\t<\/div>\n<\/div>\n\t\t\t<\/div>\n\t\t\t\n\t\t<\/div>\n\t\t\t\t\t\t<\/div>\n\t\t\t\t<\/div>\n\t\t\t\t<div class=\"elementor-element elementor-element-c383cc8 elementor-widget elementor-widget-spacer\" data-id=\"c383cc8\" data-element_type=\"widget\" data-e-type=\"widget\" data-widget_type=\"spacer.default\">\n\t\t\t\t<div class=\"elementor-widget-container\">\n\t\t\t\t\t\t\t<div class=\"elementor-spacer\">\n\t\t\t<div class=\"elementor-spacer-inner\"><\/div>\n\t\t<\/div>\n\t\t\t\t\t\t<\/div>\n\t\t\t\t<\/div>\n\t\t\t\t\t<\/div>\n\t\t\t\t<\/div>\n\t\t\t\t<\/div>\n\t\t","protected":false},"excerpt":{"rendered":"<p>Historia wina Brotnjo jest uciele\u015bnieniem winiarskiej kultury Hercegowiny, szczyc\u0105c si\u0119 bogat\u0105 histori\u0105 uprawy winoro\u015bli i produkcji wy\u015bmienitych win. Blatina i \u017bilavka s\u0105 jednymi z najpopularniejszych odmian, a miejscowi winiarze tradycyjnymi metodami wytwarzaj\u0105 wina wyj\u0105tkowej jako\u015bci. Brotnjo mo\u017ce r\u00f3wnie\u017c pochwali\u0107 si\u0119 faktem, \u017ce w Gradni\u0107ach znajduje si\u0119 najstarsza piwnica winiarska w Bo\u015bni i Hercegowinie, kt\u00f3r\u0105 w&#8230;<\/p>\n","protected":false},"author":2,"featured_media":0,"parent":0,"menu_order":0,"comment_status":"closed","ping_status":"closed","template":"","meta":{"footnotes":""},"class_list":["post-13397","page","type-page","status-publish","hentry","vs-blog blog-single"],"aioseo_notices":[],"rttpg_featured_image_url":null,"rttpg_author":{"display_name":"kreso","author_link":"https:\/\/tzcitluk.ba\/pl\/author\/kreso\/"},"rttpg_comment":0,"rttpg_category":"","rttpg_excerpt":"Historia wina Brotnjo jest uciele\u015bnieniem winiarskiej kultury Hercegowiny, szczyc\u0105c si\u0119 bogat\u0105 histori\u0105 uprawy winoro\u015bli i produkcji wy\u015bmienitych win. Blatina i \u017bilavka s\u0105 jednymi z najpopularniejszych odmian, a miejscowi winiarze tradycyjnymi metodami wytwarzaj\u0105 wina wyj\u0105tkowej jako\u015bci. Brotnjo mo\u017ce r\u00f3wnie\u017c pochwali\u0107 si\u0119 faktem, \u017ce w Gradni\u0107ach znajduje si\u0119 najstarsza piwnica winiarska w Bo\u015bni i Hercegowinie, kt\u00f3r\u0105 w...","_links":{"self":[{"href":"https:\/\/tzcitluk.ba\/pl\/wp-json\/wp\/v2\/pages\/13397","targetHints":{"allow":["GET"]}}],"collection":[{"href":"https:\/\/tzcitluk.ba\/pl\/wp-json\/wp\/v2\/pages"}],"about":[{"href":"https:\/\/tzcitluk.ba\/pl\/wp-json\/wp\/v2\/types\/page"}],"author":[{"embeddable":true,"href":"https:\/\/tzcitluk.ba\/pl\/wp-json\/wp\/v2\/users\/2"}],"replies":[{"embeddable":true,"href":"https:\/\/tzcitluk.ba\/pl\/wp-json\/wp\/v2\/comments?post=13397"}],"version-history":[{"count":8,"href":"https:\/\/tzcitluk.ba\/pl\/wp-json\/wp\/v2\/pages\/13397\/revisions"}],"predecessor-version":[{"id":14354,"href":"https:\/\/tzcitluk.ba\/pl\/wp-json\/wp\/v2\/pages\/13397\/revisions\/14354"}],"wp:attachment":[{"href":"https:\/\/tzcitluk.ba\/pl\/wp-json\/wp\/v2\/media?parent=13397"}],"curies":[{"name":"wp","href":"https:\/\/api.w.org\/{rel}","templated":true}]}}